{"id":31054,"date":"2025-11-17T16:25:08","date_gmt":"2025-11-17T16:25:08","guid":{"rendered":"https:\/\/jaktklubben.com\/jrf\/"},"modified":"2026-02-17T19:19:12","modified_gmt":"2026-02-17T19:19:12","slug":"jrf","status":"publish","type":"page","link":"https:\/\/jaktklubben.com\/de\/jrf\/","title":{"rendered":"JRF"},"content":{"rendered":"\t\t<div data-elementor-type=\"wp-page\" data-elementor-id=\"31054\" class=\"elementor elementor-31054 elementor-25305\" data-elementor-post-type=\"page\">\n\t\t\t\t\t\t<section class=\"elementor-section-with-custom-width elementor-section elementor-top-section elementor-element elementor-element-0e40d86 page-cst-bg elementor-section-boxed elementor-section-height-default elementor-section-height-default sc_fly_static\" data-id=\"0e40d86\" data-element_type=\"section\" data-e-type=\"section\" data-settings=\"{&quot;background_background&quot;:&quot;classic&quot;}\">\n\t\t\t\t\t\t<div class=\"elementor-container elementor-column-gap-extended\">\n\t\t\t\t\t<div class=\"elementor-column elementor-col-100 elementor-top-column elementor-element elementor-element-168f938 sc_content_align_inherit sc_layouts_column_icons_position_left sc_fly_static\" data-id=\"168f938\" data-element_type=\"column\" data-e-type=\"column\">\n\t\t\t<div class=\"elementor-widget-wrap elementor-element-populated\">\n\t\t\t\t\t\t<div class=\"elementor-element elementor-element-99b703e sc_layouts_hide_on_tablet sc_layouts_hide_on_mobile sc_fly_static elementor-widget elementor-widget-text-editor\" data-id=\"99b703e\" data-element_type=\"widget\" data-e-type=\"widget\" data-widget_type=\"text-editor.default\">\n\t\t\t\t<div class=\"elementor-widget-container\">\n\t\t\t\t\t\t\t\t\t<p>Die Kooperationspartner des Schwedischen Jagdclubs; JRF, PINEWOOD und SVEDEA bieten allen Mitgliedern des Jagdclubs auf unterschiedliche Weise einzigartige Vorteile und M\u00f6glichkeiten.<\/p>\t\t\t\t\t\t\t\t<\/div>\n\t\t\t\t<\/div>\n\t\t\t\t<div class=\"elementor-element elementor-element-62936a7 sc_layouts_hide_on_wide sc_layouts_hide_on_desktop sc_layouts_hide_on_notebook sc_fly_static elementor-widget elementor-widget-text-editor\" data-id=\"62936a7\" data-element_type=\"widget\" data-e-type=\"widget\" data-widget_type=\"text-editor.default\">\n\t\t\t\t<div class=\"elementor-widget-container\">\n\t\t\t\t\t\t\t\t\t<p>Die Kooperationspartner des Schwedischen Jagdclubs; JRF, PINEWOOD und SVEDEA bieten allen Mitgliedern des Jagdklubs auf unterschiedliche Weise einzigartige Vorteile und M\u00f6glichkeiten.<\/p>\t\t\t\t\t\t\t\t<\/div>\n\t\t\t\t<\/div>\n\t\t\t\t<div class=\"elementor-element elementor-element-9c0a5a1 sc_height_tiny elementor-widget-divider--view-line sc_fly_static elementor-widget elementor-widget-divider\" data-id=\"9c0a5a1\" data-element_type=\"widget\" data-e-type=\"widget\" data-widget_type=\"divider.default\">\n\t\t\t\t<div class=\"elementor-widget-container\">\n\t\t\t\t\t\t\t<div class=\"elementor-divider\">\n\t\t\t<span class=\"elementor-divider-separator\">\n\t\t\t\t\t\t<\/span>\n\t\t<\/div>\n\t\t\t\t\t\t<\/div>\n\t\t\t\t<\/div>\n\t\t\t\t<div class=\"elementor-element elementor-element-6016160 sc_fly_static elementor-widget elementor-widget-image\" data-id=\"6016160\" data-element_type=\"widget\" data-e-type=\"widget\" data-widget_type=\"image.default\">\n\t\t\t\t<div class=\"elementor-widget-container\">\n\t\t\t\t\t\t\t\t\t\t\t\t\t\t\t\t<a href=\"https:\/\/www.jagarnasriksforbund.se\/\" target=\"_blank\">\n\t\t\t\t\t\t\t<img fetchpriority=\"high\" decoding=\"async\" width=\"1024\" height=\"313\" src=\"https:\/\/jaktklubben.com\/wp-content\/uploads\/2025\/12\/Asset-14-external-logo-1024x313.png\" class=\"attachment-large size-large wp-image-31055\" alt=\"\" srcset=\"https:\/\/jaktklubben.com\/wp-content\/uploads\/2025\/12\/Asset-14-external-logo-1024x313.png 1024w, https:\/\/jaktklubben.com\/wp-content\/uploads\/2025\/12\/Asset-14-external-logo-300x92.png 300w, https:\/\/jaktklubben.com\/wp-content\/uploads\/2025\/12\/Asset-14-external-logo-768x235.png 768w, https:\/\/jaktklubben.com\/wp-content\/uploads\/2025\/12\/Asset-14-external-logo-1536x469.png 1536w, https:\/\/jaktklubben.com\/wp-content\/uploads\/2025\/12\/Asset-14-external-logo-2048x626.png 2048w, https:\/\/jaktklubben.com\/wp-content\/uploads\/2025\/12\/Asset-14-external-logo-370x113.png 370w, https:\/\/jaktklubben.com\/wp-content\/uploads\/2025\/12\/Asset-14-external-logo-840x257.png 840w, https:\/\/jaktklubben.com\/wp-content\/uploads\/2025\/12\/Asset-14-external-logo-410x125.png 410w, https:\/\/jaktklubben.com\/wp-content\/uploads\/2025\/12\/Asset-14-external-logo-1320x403.png 1320w\" sizes=\"(max-width: 1024px) 100vw, 1024px\" \/>\t\t\t\t\t\t\t\t<\/a>\n\t\t\t\t\t\t\t\t\t\t\t\t\t\t\t<\/div>\n\t\t\t\t<\/div>\n\t\t\t\t<section class=\"elementor-section elementor-inner-section elementor-element elementor-element-088c099 elementor-section-full_width elementor-section-height-default elementor-section-height-default sc_fly_static\" data-id=\"088c099\" data-element_type=\"section\" data-e-type=\"section\">\n\t\t\t\t\t\t<div class=\"elementor-container elementor-column-gap-no\">\n\t\t\t\t\t<div class=\"elementor-column elementor-col-50 elementor-inner-column elementor-element elementor-element-ff7be0a sc_content_align_inherit sc_layouts_column_icons_position_left sc_fly_static\" data-id=\"ff7be0a\" data-element_type=\"column\" data-e-type=\"column\">\n\t\t\t<div class=\"elementor-widget-wrap elementor-element-populated\">\n\t\t\t\t\t\t<div class=\"elementor-element elementor-element-a42a7a3 sc_fly_static elementor-widget elementor-widget-image\" data-id=\"a42a7a3\" data-element_type=\"widget\" data-e-type=\"widget\" data-widget_type=\"image.default\">\n\t\t\t\t<div class=\"elementor-widget-container\">\n\t\t\t\t\t\t\t\t\t\t\t\t\t\t\t<img decoding=\"async\" width=\"586\" height=\"520\" src=\"https:\/\/jaktklubben.com\/wp-content\/uploads\/2026\/01\/WhatsApp-Image-2026-01-10-at-03.20.13-3.jpeg\" class=\"attachment-large size-large wp-image-31056\" alt=\"\" srcset=\"https:\/\/jaktklubben.com\/wp-content\/uploads\/2026\/01\/WhatsApp-Image-2026-01-10-at-03.20.13-3.jpeg 586w, https:\/\/jaktklubben.com\/wp-content\/uploads\/2026\/01\/WhatsApp-Image-2026-01-10-at-03.20.13-3-300x266.jpeg 300w, https:\/\/jaktklubben.com\/wp-content\/uploads\/2026\/01\/WhatsApp-Image-2026-01-10-at-03.20.13-3-370x328.jpeg 370w, https:\/\/jaktklubben.com\/wp-content\/uploads\/2026\/01\/WhatsApp-Image-2026-01-10-at-03.20.13-3-410x364.jpeg 410w\" sizes=\"(max-width: 600px) 100vw, 586px\" \/>\t\t\t\t\t\t\t\t\t\t\t\t\t\t\t<\/div>\n\t\t\t\t<\/div>\n\t\t\t\t\t<\/div>\n\t\t<\/div>\n\t\t\t\t<div class=\"elementor-column elementor-col-50 elementor-inner-column elementor-element elementor-element-4e971f5 sc_content_align_inherit sc_layouts_column_icons_position_left sc_fly_static\" data-id=\"4e971f5\" data-element_type=\"column\" data-e-type=\"column\">\n\t\t\t<div class=\"elementor-widget-wrap elementor-element-populated\">\n\t\t\t\t\t\t<div class=\"elementor-element elementor-element-156478b sc_fly_static elementor-widget elementor-widget-heading\" data-id=\"156478b\" data-element_type=\"widget\" data-e-type=\"widget\" data-widget_type=\"heading.default\">\n\t\t\t\t<div class=\"elementor-widget-container\">\n\t\t\t\t\t<h2 class=\"elementor-heading-title elementor-size-default\">Wir sind immer an Ihrer Seite<\/h2>\t\t\t\t<\/div>\n\t\t\t\t<\/div>\n\t\t\t\t<div class=\"elementor-element elementor-element-c860266 sc_fly_static elementor-widget elementor-widget-text-editor\" data-id=\"c860266\" data-element_type=\"widget\" data-e-type=\"widget\" data-widget_type=\"text-editor.default\">\n\t\t\t\t<div class=\"elementor-widget-container\">\n\t\t\t\t\t\t\t\t\t<div class=\"br-dtext kursiv\">Treten Sie einem Verband bei, der sich f\u00fcr die J\u00e4ger in Schweden einsetzt, f\u00fcr Sie als Mitglied im Schwedischen Jagdclub f\u00fcr nur 1:- f\u00fcr das ganze Jahr 2026.<\/div><div>\u00a0<\/div><p><span style=\"letter-spacing: 0.1px;\">Die Jagd in Schweden ist weltweit einzigartig gut. Es gibt mehr jagdbare Arten, vielerorts wachsende Schalenwildbest\u00e4nde und wir haben eine tief verwurzelte Tradition in der Jagd mit freilaufenden Hunden, die die J\u00e4gerschaft vereint. Der Reichsverband der J\u00e4ger hat einen gro\u00dfen Anteil daran, da wir die J\u00e4gerschaft ausbilden, die Entscheidungstr\u00e4ger dar\u00fcber informieren, wie die Jagd betrieben wird, und die Debatte gegen diejenigen f\u00fchren, die keine Jagd wollen. Und das ist eine Arbeit, die fortgesetzt werden muss. <\/span><\/p><div class=\"br-dtext\"><p>Denn obwohl die Jagd gut funktioniert, d\u00fcrfen wir sie nicht als selbstverst\u00e4ndlich ansehen &#8211; und hier kommt der Reichsverband der J\u00e4ger ins Spiel. Wir arbeiten das ganze Jahr \u00fcber daran, dass Sie auch in Zukunft weiter jagen k\u00f6nnen und die Jagd f\u00fcr Schwedens J\u00e4ger zu vereinfachen. Als Mitglied tragen Sie dazu bei!<\/p><\/div>\t\t\t\t\t\t\t\t<\/div>\n\t\t\t\t<\/div>\n\t\t\t\t\t<\/div>\n\t\t<\/div>\n\t\t\t\t\t<\/div>\n\t\t<\/section>\n\t\t\t\t<div class=\"elementor-element elementor-element-ff78fe9 sc_fly_static elementor-widget elementor-widget-text-editor\" data-id=\"ff78fe9\" data-element_type=\"widget\" data-e-type=\"widget\" data-widget_type=\"text-editor.default\">\n\t\t\t\t<div class=\"elementor-widget-container\">\n\t\t\t\t\t\t\t\t\t<div class=\"br-dtext\"><p>JRF ARBEITET UNTER ANDEREM DARAN, DASS:<\/p><p>\u200d\u2022 die Waffengarderobe auf 10 Waffen erweitert wird<br \/>\u2022 den Wolfsbestand auf den Reichstagsbeschluss von 170 W\u00f6lfen reduziert, auf dem Weg zu keinen freilebenden W\u00f6lfen, sowie die allgemeine Jagd auf gro\u00dfe Raubtiere eingef\u00fchrt wird<br \/>\u2022 Blei in Munition auch in Zukunft erlaubt sein soll<\/p><p>Dass Sie au\u00dferdem in Ihrer Mitgliedschaft eine Versicherung von Svedea erhalten, die sowohl Haftpflicht, Unfall als auch Raubtierangriffe auf Ihren Hund abdeckt, sowie 10 digitale Ausgaben von Schwedens bester Jagdzeitung Jakt &amp; J\u00e4gare, macht die Sache wohl kaum schlechter, nicht wahr?<\/p><p>Um das Angebot in Anspruch zu nehmen, m\u00fcssen Sie Mitglied im Schwedischen Jagdclub sein und den Code angeben, den Sie als angemeldetes Mitglied unter\u00a0<a style=\"color: #738c44;\" href=\"https:\/\/jaktklubben.com\/de\/konto\/\">&#8222;KONTO&#8220;<\/a> hier auf unserer Webseite finden.<\/p><p><strong>SIE WERDEN DANN MITGLIED IM JRF F\u00dcR DAS GANZE JAHR 2026 F\u00dcR NUR EINE KRONE.<\/strong><\/p><\/div>\t\t\t\t\t\t\t\t<\/div>\n\t\t\t\t<\/div>\n\t\t\t\t\t<\/div>\n\t\t<\/div>\n\t\t\t\t\t<\/div>\n\t\t<\/section>\n\t\t\t\t<\/div>\n\t\t","protected":false},"excerpt":{"rendered":"<p>Die Kooperationspartner des Schwedischen Jagdclubs; JRF, PINEWOOD und SVEDEA bieten allen Mitgliedern des Jagdclubs auf unterschiedliche Weise einzigartige Vorteile und M\u00f6glichkeiten. Die Kooperationspartner des Schwedischen Jagdclubs; JRF, PINEWOOD und SVEDEA&hellip;<\/p>\n","protected":false},"author":1,"featured_media":0,"parent":0,"menu_order":0,"comment_status":"closed","ping_status":"closed","template":"","meta":{"_acf_changed":false,"_monsterinsights_skip_tracking":false,"_monsterinsights_sitenote_active":false,"_monsterinsights_sitenote_note":"","_monsterinsights_sitenote_category":0,"_uf_show_specific_survey":0,"_uf_disable_surveys":false,"footnotes":""},"class_list":["post-31054","page","type-page","status-publish","hentry"],"acf":[],"yoast_head":"<!-- This site is optimized with the Yoast SEO plugin v27.3 - https:\/\/yoast.com\/product\/yoast-seo-wordpress\/ -->\n<title>JRF - Svenska Jaktklubben<\/title>\n<meta name=\"description\" content=\"Werden Sie Mitglied im Reichsverband der J\u00e4ger \u00fcber den Schwedischen Jagdklub und sichern Sie sich Vorteile f\u00fcr die Jagd in Schweden.\" \/>\n<meta name=\"robots\" content=\"index, follow, max-snippet:-1, max-image-preview:large, max-video-preview:-1\" \/>\n<link rel=\"canonical\" href=\"https:\/\/jaktklubben.com\/de\/jrf\/\" \/>\n<meta property=\"og:locale\" content=\"de_DE\" \/>\n<meta property=\"og:type\" content=\"article\" \/>\n<meta property=\"og:title\" content=\"JRF - Svenska Jaktklubben\" \/>\n<meta property=\"og:description\" content=\"Werden Sie Mitglied im Reichsverband der J\u00e4ger \u00fcber den Schwedischen Jagdklub und sichern Sie sich Vorteile f\u00fcr die Jagd in Schweden.\" \/>\n<meta property=\"og:url\" content=\"https:\/\/jaktklubben.com\/de\/jrf\/\" \/>\n<meta property=\"og:site_name\" content=\"Svenska Jaktklubben\" \/>\n<meta property=\"article:modified_time\" content=\"2026-02-17T19:19:12+00:00\" \/>\n<meta property=\"og:image\" content=\"https:\/\/jaktklubben.com\/wp-content\/uploads\/2025\/12\/Asset-14-external-logo-scaled.png\" \/>\n\t<meta property=\"og:image:width\" content=\"2560\" \/>\n\t<meta property=\"og:image:height\" content=\"782\" \/>\n\t<meta property=\"og:image:type\" content=\"image\/png\" \/>\n<meta name=\"twitter:card\" content=\"summary_large_image\" \/>\n<meta name=\"twitter:label1\" content=\"Gesch\u00e4tzte Lesezeit\" \/>\n\t<meta name=\"twitter:data1\" content=\"3\u00a0Minuten\" \/>\n<script type=\"application\/ld+json\" class=\"yoast-schema-graph\">{\"@context\":\"https:\\\/\\\/schema.org\",\"@graph\":[{\"@type\":\"WebPage\",\"@id\":\"https:\\\/\\\/jaktklubben.com\\\/de\\\/jrf\\\/\",\"url\":\"https:\\\/\\\/jaktklubben.com\\\/de\\\/jrf\\\/\",\"name\":\"JRF - Svenska Jaktklubben\",\"isPartOf\":{\"@id\":\"https:\\\/\\\/jaktklubben.com\\\/#website\"},\"primaryImageOfPage\":{\"@id\":\"https:\\\/\\\/jaktklubben.com\\\/de\\\/jrf\\\/#primaryimage\"},\"image\":{\"@id\":\"https:\\\/\\\/jaktklubben.com\\\/de\\\/jrf\\\/#primaryimage\"},\"thumbnailUrl\":\"https:\\\/\\\/jaktklubben.com\\\/wp-content\\\/uploads\\\/2025\\\/12\\\/Asset-14-external-logo-1024x313.png\",\"datePublished\":\"2025-11-17T16:25:08+00:00\",\"dateModified\":\"2026-02-17T19:19:12+00:00\",\"description\":\"Werden Sie Mitglied im Reichsverband der J\u00e4ger \u00fcber den Schwedischen Jagdklub und sichern Sie sich Vorteile f\u00fcr die Jagd in Schweden.\",\"breadcrumb\":{\"@id\":\"https:\\\/\\\/jaktklubben.com\\\/de\\\/jrf\\\/#breadcrumb\"},\"inLanguage\":\"de\",\"potentialAction\":[{\"@type\":\"ReadAction\",\"target\":[\"https:\\\/\\\/jaktklubben.com\\\/de\\\/jrf\\\/\"]}]},{\"@type\":\"ImageObject\",\"inLanguage\":\"de\",\"@id\":\"https:\\\/\\\/jaktklubben.com\\\/de\\\/jrf\\\/#primaryimage\",\"url\":\"https:\\\/\\\/jaktklubben.com\\\/wp-content\\\/uploads\\\/2025\\\/12\\\/Asset-14-external-logo-1024x313.png\",\"contentUrl\":\"https:\\\/\\\/jaktklubben.com\\\/wp-content\\\/uploads\\\/2025\\\/12\\\/Asset-14-external-logo-1024x313.png\"},{\"@type\":\"BreadcrumbList\",\"@id\":\"https:\\\/\\\/jaktklubben.com\\\/de\\\/jrf\\\/#breadcrumb\",\"itemListElement\":[{\"@type\":\"ListItem\",\"position\":1,\"name\":\"Home\",\"item\":\"https:\\\/\\\/jaktklubben.com\\\/de\\\/\"},{\"@type\":\"ListItem\",\"position\":2,\"name\":\"JRF\"}]},{\"@type\":\"WebSite\",\"@id\":\"https:\\\/\\\/jaktklubben.com\\\/#website\",\"url\":\"https:\\\/\\\/jaktklubben.com\\\/\",\"name\":\"Svenska Jaktklubben\",\"description\":\"Swedish Hunting Club\",\"publisher\":{\"@id\":\"https:\\\/\\\/jaktklubben.com\\\/#organization\"},\"potentialAction\":[{\"@type\":\"SearchAction\",\"target\":{\"@type\":\"EntryPoint\",\"urlTemplate\":\"https:\\\/\\\/jaktklubben.com\\\/?s={search_term_string}\"},\"query-input\":{\"@type\":\"PropertyValueSpecification\",\"valueRequired\":true,\"valueName\":\"search_term_string\"}}],\"inLanguage\":\"de\"},{\"@type\":\"Organization\",\"@id\":\"https:\\\/\\\/jaktklubben.com\\\/#organization\",\"name\":\"Svenska Jaktklubben\",\"url\":\"https:\\\/\\\/jaktklubben.com\\\/\",\"logo\":{\"@type\":\"ImageObject\",\"inLanguage\":\"de\",\"@id\":\"https:\\\/\\\/jaktklubben.com\\\/#\\\/schema\\\/logo\\\/image\\\/\",\"url\":\"https:\\\/\\\/jaktklubben.com\\\/wp-content\\\/uploads\\\/2024\\\/06\\\/Asset-1-SJK-logo.png\",\"contentUrl\":\"https:\\\/\\\/jaktklubben.com\\\/wp-content\\\/uploads\\\/2024\\\/06\\\/Asset-1-SJK-logo.png\",\"width\":2253,\"height\":378,\"caption\":\"Svenska Jaktklubben\"},\"image\":{\"@id\":\"https:\\\/\\\/jaktklubben.com\\\/#\\\/schema\\\/logo\\\/image\\\/\"}}]}<\/script>\n<!-- \/ Yoast SEO plugin. -->","yoast_head_json":{"title":"JRF - Svenska Jaktklubben","description":"Werden Sie Mitglied im Reichsverband der J\u00e4ger \u00fcber den Schwedischen Jagdklub und sichern Sie sich Vorteile f\u00fcr die Jagd in Schweden.","robots":{"index":"index","follow":"follow","max-snippet":"max-snippet:-1","max-image-preview":"max-image-preview:large","max-video-preview":"max-video-preview:-1"},"canonical":"https:\/\/jaktklubben.com\/de\/jrf\/","og_locale":"de_DE","og_type":"article","og_title":"JRF - Svenska Jaktklubben","og_description":"Werden Sie Mitglied im Reichsverband der J\u00e4ger \u00fcber den Schwedischen Jagdklub und sichern Sie sich Vorteile f\u00fcr die Jagd in Schweden.","og_url":"https:\/\/jaktklubben.com\/de\/jrf\/","og_site_name":"Svenska Jaktklubben","article_modified_time":"2026-02-17T19:19:12+00:00","og_image":[{"width":2560,"height":782,"url":"https:\/\/jaktklubben.com\/wp-content\/uploads\/2025\/12\/Asset-14-external-logo-scaled.png","type":"image\/png"}],"twitter_card":"summary_large_image","twitter_misc":{"Gesch\u00e4tzte Lesezeit":"3\u00a0Minuten"},"schema":{"@context":"https:\/\/schema.org","@graph":[{"@type":"WebPage","@id":"https:\/\/jaktklubben.com\/de\/jrf\/","url":"https:\/\/jaktklubben.com\/de\/jrf\/","name":"JRF - Svenska Jaktklubben","isPartOf":{"@id":"https:\/\/jaktklubben.com\/#website"},"primaryImageOfPage":{"@id":"https:\/\/jaktklubben.com\/de\/jrf\/#primaryimage"},"image":{"@id":"https:\/\/jaktklubben.com\/de\/jrf\/#primaryimage"},"thumbnailUrl":"https:\/\/jaktklubben.com\/wp-content\/uploads\/2025\/12\/Asset-14-external-logo-1024x313.png","datePublished":"2025-11-17T16:25:08+00:00","dateModified":"2026-02-17T19:19:12+00:00","description":"Werden Sie Mitglied im Reichsverband der J\u00e4ger \u00fcber den Schwedischen Jagdklub und sichern Sie sich Vorteile f\u00fcr die Jagd in Schweden.","breadcrumb":{"@id":"https:\/\/jaktklubben.com\/de\/jrf\/#breadcrumb"},"inLanguage":"de","potentialAction":[{"@type":"ReadAction","target":["https:\/\/jaktklubben.com\/de\/jrf\/"]}]},{"@type":"ImageObject","inLanguage":"de","@id":"https:\/\/jaktklubben.com\/de\/jrf\/#primaryimage","url":"https:\/\/jaktklubben.com\/wp-content\/uploads\/2025\/12\/Asset-14-external-logo-1024x313.png","contentUrl":"https:\/\/jaktklubben.com\/wp-content\/uploads\/2025\/12\/Asset-14-external-logo-1024x313.png"},{"@type":"BreadcrumbList","@id":"https:\/\/jaktklubben.com\/de\/jrf\/#breadcrumb","itemListElement":[{"@type":"ListItem","position":1,"name":"Home","item":"https:\/\/jaktklubben.com\/de\/"},{"@type":"ListItem","position":2,"name":"JRF"}]},{"@type":"WebSite","@id":"https:\/\/jaktklubben.com\/#website","url":"https:\/\/jaktklubben.com\/","name":"Svenska Jaktklubben","description":"Swedish Hunting Club","publisher":{"@id":"https:\/\/jaktklubben.com\/#organization"},"potentialAction":[{"@type":"SearchAction","target":{"@type":"EntryPoint","urlTemplate":"https:\/\/jaktklubben.com\/?s={search_term_string}"},"query-input":{"@type":"PropertyValueSpecification","valueRequired":true,"valueName":"search_term_string"}}],"inLanguage":"de"},{"@type":"Organization","@id":"https:\/\/jaktklubben.com\/#organization","name":"Svenska Jaktklubben","url":"https:\/\/jaktklubben.com\/","logo":{"@type":"ImageObject","inLanguage":"de","@id":"https:\/\/jaktklubben.com\/#\/schema\/logo\/image\/","url":"https:\/\/jaktklubben.com\/wp-content\/uploads\/2024\/06\/Asset-1-SJK-logo.png","contentUrl":"https:\/\/jaktklubben.com\/wp-content\/uploads\/2024\/06\/Asset-1-SJK-logo.png","width":2253,"height":378,"caption":"Svenska Jaktklubben"},"image":{"@id":"https:\/\/jaktklubben.com\/#\/schema\/logo\/image\/"}}]}},"_links":{"self":[{"href":"https:\/\/jaktklubben.com\/de\/wp-json\/wp\/v2\/pages\/31054","targetHints":{"allow":["GET"]}}],"collection":[{"href":"https:\/\/jaktklubben.com\/de\/wp-json\/wp\/v2\/pages"}],"about":[{"href":"https:\/\/jaktklubben.com\/de\/wp-json\/wp\/v2\/types\/page"}],"author":[{"embeddable":true,"href":"https:\/\/jaktklubben.com\/de\/wp-json\/wp\/v2\/users\/1"}],"replies":[{"embeddable":true,"href":"https:\/\/jaktklubben.com\/de\/wp-json\/wp\/v2\/comments?post=31054"}],"version-history":[{"count":16,"href":"https:\/\/jaktklubben.com\/de\/wp-json\/wp\/v2\/pages\/31054\/revisions"}],"predecessor-version":[{"id":32518,"href":"https:\/\/jaktklubben.com\/de\/wp-json\/wp\/v2\/pages\/31054\/revisions\/32518"}],"wp:attachment":[{"href":"https:\/\/jaktklubben.com\/de\/wp-json\/wp\/v2\/media?parent=31054"}],"curies":[{"name":"wp","href":"https:\/\/api.w.org\/{rel}","templated":true}]}}