{"id":31059,"date":"2025-12-01T13:09:02","date_gmt":"2025-12-01T13:09:02","guid":{"rendered":"https:\/\/jaktklubben.com\/presse\/"},"modified":"2026-01-30T16:55:54","modified_gmt":"2026-01-30T16:55:54","slug":"presse","status":"publish","type":"page","link":"https:\/\/jaktklubben.com\/de\/presse\/","title":{"rendered":"Presse"},"content":{"rendered":"\t\t<div data-elementor-type=\"wp-page\" data-elementor-id=\"31059\" class=\"elementor elementor-31059 elementor-25619\" data-elementor-post-type=\"page\">\n\t\t\t\t\t\t<section class=\"elementor-section-with-custom-width elementor-section elementor-top-section elementor-element elementor-element-667ab10 page-cst-bg elementor-section-boxed elementor-section-height-default elementor-section-height-default sc_fly_static\" data-id=\"667ab10\" data-element_type=\"section\" data-e-type=\"section\" data-settings=\"{&quot;background_background&quot;:&quot;classic&quot;}\">\n\t\t\t\t\t\t\t<div class=\"elementor-background-overlay\"><\/div>\n\t\t\t\t\t\t\t<div class=\"elementor-container elementor-column-gap-extended\">\n\t\t\t\t\t<div class=\"elementor-column elementor-col-100 elementor-top-column elementor-element elementor-element-9d6b71a sc_content_align_inherit sc_layouts_column_icons_position_left sc_fly_static\" data-id=\"9d6b71a\" data-element_type=\"column\" data-e-type=\"column\">\n\t\t\t<div class=\"elementor-widget-wrap elementor-element-populated\">\n\t\t\t\t\t\t<div class=\"elementor-element elementor-element-cbc00c6 sc_fly_static elementor-widget elementor-widget-heading\" data-id=\"cbc00c6\" data-element_type=\"widget\" data-e-type=\"widget\" data-widget_type=\"heading.default\">\n\t\t\t\t<div class=\"elementor-widget-container\">\n\t\t\t\t\t<h2 class=\"elementor-heading-title elementor-size-default\">Presse<\/h2>\t\t\t\t<\/div>\n\t\t\t\t<\/div>\n\t\t\t\t<div class=\"elementor-element elementor-element-7956665 sc_fly_static elementor-widget elementor-widget-text-editor\" data-id=\"7956665\" data-element_type=\"widget\" data-e-type=\"widget\" data-widget_type=\"text-editor.default\">\n\t\t\t\t<div class=\"elementor-widget-container\">\n\t\t\t\t\t\t\t\t\t<p>Willkommen auf unserer Presseseite! Hier finden Sie die neuesten Nachrichten, Pressemitteilungen und andere relevante Informationen \u00fcber uns und unser Unternehmen. <\/p>\t\t\t\t\t\t\t\t<\/div>\n\t\t\t\t<\/div>\n\t\t\t\t<section class=\"elementor-section elementor-inner-section elementor-element elementor-element-6a58eae elementor-section-full_width elementor-section-height-default elementor-section-height-default sc_fly_static\" data-id=\"6a58eae\" data-element_type=\"section\" data-e-type=\"section\">\n\t\t\t\t\t\t<div class=\"elementor-container elementor-column-gap-no\">\n\t\t\t\t\t<div class=\"elementor-column elementor-col-33 elementor-inner-column elementor-element elementor-element-ef99ce5 sc_content_align_inherit sc_layouts_column_icons_position_left sc_fly_static\" data-id=\"ef99ce5\" data-element_type=\"column\" data-e-type=\"column\">\n\t\t\t<div class=\"elementor-widget-wrap elementor-element-populated\">\n\t\t\t\t\t\t<div class=\"elementor-element elementor-element-0d123d8 elementor-position-top elementor-position-top sc_fly_static elementor-widget elementor-widget-image-box\" data-id=\"0d123d8\" data-element_type=\"widget\" data-e-type=\"widget\" data-widget_type=\"image-box.default\">\n\t\t\t\t<div class=\"elementor-widget-container\">\n\t\t\t\t\t<div class=\"elementor-image-box-wrapper\"><figure class=\"elementor-image-box-img\"><a href=\"\/wp-content\/uploads\/2026\/01\/Jakt-o-Jagare-2024-12.pdf\" target=\"_blank\" tabindex=\"-1\"><img fetchpriority=\"high\" decoding=\"async\" width=\"400\" height=\"528\" src=\"https:\/\/jaktklubben.com\/wp-content\/uploads\/2026\/01\/joj-24-12-front.png\" class=\"attachment-full size-full wp-image-31060\" alt=\"\" srcset=\"https:\/\/jaktklubben.com\/wp-content\/uploads\/2026\/01\/joj-24-12-front.png 400w, https:\/\/jaktklubben.com\/wp-content\/uploads\/2026\/01\/joj-24-12-front-227x300.png 227w, https:\/\/jaktklubben.com\/wp-content\/uploads\/2026\/01\/joj-24-12-front-370x488.png 370w\" sizes=\"(max-width: 600px) 100vw, 400px\" \/><\/a><\/figure><div class=\"elementor-image-box-content\"><h3 class=\"elementor-image-box-title\"><a href=\"\/wp-content\/uploads\/2026\/01\/Jakt-o-Jagare-2024-12.pdf\" target=\"_blank\">Jakt o J\u00e4gare 2024 12.pdf<\/a><\/h3><\/div><\/div>\t\t\t\t<\/div>\n\t\t\t\t<\/div>\n\t\t\t\t\t<\/div>\n\t\t<\/div>\n\t\t\t\t<div class=\"elementor-column elementor-col-33 elementor-inner-column elementor-element elementor-element-7c15532 sc_content_align_inherit sc_layouts_column_icons_position_left sc_fly_static\" data-id=\"7c15532\" data-element_type=\"column\" data-e-type=\"column\">\n\t\t\t<div class=\"elementor-widget-wrap elementor-element-populated\">\n\t\t\t\t\t\t<div class=\"elementor-element elementor-element-c7023d3 elementor-position-top sc_fly_static elementor-widget elementor-widget-image-box\" data-id=\"c7023d3\" data-element_type=\"widget\" data-e-type=\"widget\" data-widget_type=\"image-box.default\">\n\t\t\t\t<div class=\"elementor-widget-container\">\n\t\t\t\t\t<div class=\"elementor-image-box-wrapper\"><figure class=\"elementor-image-box-img\"><a href=\"\/wp-content\/uploads\/2026\/01\/Jakt-o-Jagare-2024-12-22.pdf\" target=\"_blank\" tabindex=\"-1\"><img decoding=\"async\" width=\"400\" height=\"528\" src=\"https:\/\/jaktklubben.com\/wp-content\/uploads\/2026\/01\/joj-24-12-22-front.png\" class=\"attachment-full size-full wp-image-31061\" alt=\"\" srcset=\"https:\/\/jaktklubben.com\/wp-content\/uploads\/2026\/01\/joj-24-12-22-front.png 400w, https:\/\/jaktklubben.com\/wp-content\/uploads\/2026\/01\/joj-24-12-22-front-227x300.png 227w, https:\/\/jaktklubben.com\/wp-content\/uploads\/2026\/01\/joj-24-12-22-front-370x488.png 370w\" sizes=\"(max-width: 600px) 100vw, 400px\" \/><\/a><\/figure><div class=\"elementor-image-box-content\"><h3 class=\"elementor-image-box-title\"><a href=\"\/wp-content\/uploads\/2026\/01\/Jakt-o-Jagare-2024-12-22.pdf\" target=\"_blank\">Jakt o J\u00e4gare 2024 12 22.pdf<\/a><\/h3><\/div><\/div>\t\t\t\t<\/div>\n\t\t\t\t<\/div>\n\t\t\t\t\t<\/div>\n\t\t<\/div>\n\t\t\t\t<div class=\"elementor-column elementor-col-33 elementor-inner-column elementor-element elementor-element-0c2c75e sc_content_align_inherit sc_layouts_column_icons_position_left sc_fly_static\" data-id=\"0c2c75e\" data-element_type=\"column\" data-e-type=\"column\">\n\t\t\t<div class=\"elementor-widget-wrap elementor-element-populated\">\n\t\t\t\t\t\t<div class=\"elementor-element elementor-element-11fa4af elementor-position-top sc_fly_static elementor-widget elementor-widget-image-box\" data-id=\"11fa4af\" data-element_type=\"widget\" data-e-type=\"widget\" data-widget_type=\"image-box.default\">\n\t\t\t\t<div class=\"elementor-widget-container\">\n\t\t\t\t\t<div class=\"elementor-image-box-wrapper\"><figure class=\"elementor-image-box-img\"><a href=\"\/wp-content\/uploads\/2026\/01\/Jakt-o-Jagare-2025-5.pdf\" target=\"_blank\" tabindex=\"-1\"><img decoding=\"async\" width=\"400\" height=\"528\" src=\"https:\/\/jaktklubben.com\/wp-content\/uploads\/2026\/01\/joj-25-05-front.png\" class=\"attachment-full size-full wp-image-31062\" alt=\"\" srcset=\"https:\/\/jaktklubben.com\/wp-content\/uploads\/2026\/01\/joj-25-05-front.png 400w, https:\/\/jaktklubben.com\/wp-content\/uploads\/2026\/01\/joj-25-05-front-227x300.png 227w, https:\/\/jaktklubben.com\/wp-content\/uploads\/2026\/01\/joj-25-05-front-370x488.png 370w\" sizes=\"(max-width: 600px) 100vw, 400px\" \/><\/a><\/figure><div class=\"elementor-image-box-content\"><h3 class=\"elementor-image-box-title\"><a href=\"\/wp-content\/uploads\/2026\/01\/Jakt-o-Jagare-2025-5.pdf\" target=\"_blank\">Jakt o J\u00e4gare 2025 5.pdf<\/a><\/h3><\/div><\/div>\t\t\t\t<\/div>\n\t\t\t\t<\/div>\n\t\t\t\t\t<\/div>\n\t\t<\/div>\n\t\t\t\t\t<\/div>\n\t\t<\/section>\n\t\t\t\t<section class=\"elementor-section elementor-inner-section elementor-element elementor-element-ef80b7d elementor-section-full_width elementor-section-height-default elementor-section-height-default sc_fly_static\" data-id=\"ef80b7d\" data-element_type=\"section\" data-e-type=\"section\">\n\t\t\t\t\t\t<div class=\"elementor-container elementor-column-gap-no\">\n\t\t\t\t\t<div class=\"elementor-column elementor-col-33 elementor-inner-column elementor-element elementor-element-9274398 sc_content_align_inherit sc_layouts_column_icons_position_left sc_fly_static\" data-id=\"9274398\" data-element_type=\"column\" data-e-type=\"column\">\n\t\t\t<div class=\"elementor-widget-wrap elementor-element-populated\">\n\t\t\t\t\t\t<div class=\"elementor-element elementor-element-a20fb3b elementor-position-top elementor-position-top sc_fly_static elementor-widget elementor-widget-image-box\" data-id=\"a20fb3b\" data-element_type=\"widget\" data-e-type=\"widget\" data-widget_type=\"image-box.default\">\n\t\t\t\t<div class=\"elementor-widget-container\">\n\t\t\t\t\t<div class=\"elementor-image-box-wrapper\"><figure class=\"elementor-image-box-img\"><a href=\"https:\/\/jaktklubben.com\/wp-content\/uploads\/2026\/01\/Blattzeit-Jagerschaft-Salzgitter-2025.pdf\" target=\"_blank\" tabindex=\"-1\"><img loading=\"lazy\" decoding=\"async\" width=\"400\" height=\"528\" src=\"https:\/\/jaktklubben.com\/wp-content\/uploads\/2026\/01\/blattzeit-25-front.png\" class=\"attachment-full size-full wp-image-31063\" alt=\"\" srcset=\"https:\/\/jaktklubben.com\/wp-content\/uploads\/2026\/01\/blattzeit-25-front.png 400w, https:\/\/jaktklubben.com\/wp-content\/uploads\/2026\/01\/blattzeit-25-front-227x300.png 227w, https:\/\/jaktklubben.com\/wp-content\/uploads\/2026\/01\/blattzeit-25-front-370x488.png 370w\" sizes=\"(max-width: 600px) 100vw, 400px\" \/><\/a><\/figure><div class=\"elementor-image-box-content\"><h3 class=\"elementor-image-box-title\"><a href=\"https:\/\/jaktklubben.com\/wp-content\/uploads\/2026\/01\/Blattzeit-Jagerschaft-Salzgitter-2025.pdf\" target=\"_blank\">Blattzeit 2025.pdf<\/a><\/h3><\/div><\/div>\t\t\t\t<\/div>\n\t\t\t\t<\/div>\n\t\t\t\t\t<\/div>\n\t\t<\/div>\n\t\t\t\t<div class=\"elementor-column elementor-col-33 elementor-inner-column elementor-element elementor-element-547f7cc sc_layouts_hide_on_mobile sc_content_align_inherit sc_layouts_column_icons_position_left sc_fly_static\" data-id=\"547f7cc\" data-element_type=\"column\" data-e-type=\"column\">\n\t\t\t<div class=\"elementor-widget-wrap\">\n\t\t\t\t\t\t\t<\/div>\n\t\t<\/div>\n\t\t\t\t<div class=\"elementor-column elementor-col-33 elementor-inner-column elementor-element elementor-element-11ca27d sc_layouts_hide_on_mobile sc_content_align_inherit sc_layouts_column_icons_position_left sc_fly_static\" data-id=\"11ca27d\" data-element_type=\"column\" data-e-type=\"column\">\n\t\t\t<div class=\"elementor-widget-wrap\">\n\t\t\t\t\t\t\t<\/div>\n\t\t<\/div>\n\t\t\t\t\t<\/div>\n\t\t<\/section>\n\t\t\t\t\t<\/div>\n\t\t<\/div>\n\t\t\t\t\t<\/div>\n\t\t<\/section>\n\t\t\t\t<\/div>\n\t\t","protected":false},"excerpt":{"rendered":"<p>Presse Willkommen auf unserer Presseseite! Hier finden Sie die neuesten Nachrichten, Pressemitteilungen und andere relevante Informationen \u00fcber uns und unser Unternehmen. Jakt o J\u00e4gare 2024 12.pdf Jakt o J\u00e4gare 2024&hellip;<\/p>\n","protected":false},"author":1,"featured_media":0,"parent":0,"menu_order":0,"comment_status":"closed","ping_status":"closed","template":"","meta":{"_acf_changed":false,"_monsterinsights_skip_tracking":false,"_monsterinsights_sitenote_active":false,"_monsterinsights_sitenote_note":"","_monsterinsights_sitenote_category":0,"_uf_show_specific_survey":0,"_uf_disable_surveys":false,"footnotes":""},"class_list":["post-31059","page","type-page","status-publish","hentry"],"acf":[],"yoast_head":"<!-- This site is optimized with the Yoast SEO plugin v27.3 - https:\/\/yoast.com\/product\/yoast-seo-wordpress\/ -->\n<title>Presse - Svenska Jaktklubben<\/title>\n<meta name=\"description\" content=\"Presseseite des Schwedischen Jagdklubs mit Pressemitteilungen, Neuigkeiten und Informationen \u00fcber unsere T\u00e4tigkeit.\" \/>\n<meta name=\"robots\" content=\"index, follow, max-snippet:-1, max-image-preview:large, max-video-preview:-1\" \/>\n<link rel=\"canonical\" href=\"https:\/\/jaktklubben.com\/de\/presse\/\" \/>\n<meta property=\"og:locale\" content=\"de_DE\" \/>\n<meta property=\"og:type\" content=\"article\" \/>\n<meta property=\"og:title\" content=\"Presse - Svenska Jaktklubben\" \/>\n<meta property=\"og:description\" content=\"Presseseite des Schwedischen Jagdklubs mit Pressemitteilungen, Neuigkeiten und Informationen \u00fcber unsere T\u00e4tigkeit.\" \/>\n<meta property=\"og:url\" content=\"https:\/\/jaktklubben.com\/de\/presse\/\" \/>\n<meta property=\"og:site_name\" content=\"Svenska Jaktklubben\" \/>\n<meta property=\"article:modified_time\" content=\"2026-01-30T16:55:54+00:00\" \/>\n<meta property=\"og:image\" content=\"https:\/\/jaktklubben.com\/wp-content\/uploads\/2026\/01\/joj-24-12-front.png\" \/>\n<meta name=\"twitter:card\" content=\"summary_large_image\" \/>\n<meta name=\"twitter:label1\" content=\"Gesch\u00e4tzte Lesezeit\" \/>\n\t<meta name=\"twitter:data1\" content=\"1\u00a0Minute\" \/>\n<script type=\"application\/ld+json\" class=\"yoast-schema-graph\">{\"@context\":\"https:\\\/\\\/schema.org\",\"@graph\":[{\"@type\":\"WebPage\",\"@id\":\"https:\\\/\\\/jaktklubben.com\\\/de\\\/presse\\\/\",\"url\":\"https:\\\/\\\/jaktklubben.com\\\/de\\\/presse\\\/\",\"name\":\"Presse - Svenska Jaktklubben\",\"isPartOf\":{\"@id\":\"https:\\\/\\\/jaktklubben.com\\\/#website\"},\"primaryImageOfPage\":{\"@id\":\"https:\\\/\\\/jaktklubben.com\\\/de\\\/presse\\\/#primaryimage\"},\"image\":{\"@id\":\"https:\\\/\\\/jaktklubben.com\\\/de\\\/presse\\\/#primaryimage\"},\"thumbnailUrl\":\"https:\\\/\\\/jaktklubben.com\\\/wp-content\\\/uploads\\\/2026\\\/01\\\/joj-24-12-front.png\",\"datePublished\":\"2025-12-01T13:09:02+00:00\",\"dateModified\":\"2026-01-30T16:55:54+00:00\",\"description\":\"Presseseite des Schwedischen Jagdklubs mit Pressemitteilungen, Neuigkeiten und Informationen \u00fcber unsere T\u00e4tigkeit.\",\"breadcrumb\":{\"@id\":\"https:\\\/\\\/jaktklubben.com\\\/de\\\/presse\\\/#breadcrumb\"},\"inLanguage\":\"de\",\"potentialAction\":[{\"@type\":\"ReadAction\",\"target\":[\"https:\\\/\\\/jaktklubben.com\\\/de\\\/presse\\\/\"]}]},{\"@type\":\"ImageObject\",\"inLanguage\":\"de\",\"@id\":\"https:\\\/\\\/jaktklubben.com\\\/de\\\/presse\\\/#primaryimage\",\"url\":\"https:\\\/\\\/jaktklubben.com\\\/wp-content\\\/uploads\\\/2026\\\/01\\\/joj-24-12-front.png\",\"contentUrl\":\"https:\\\/\\\/jaktklubben.com\\\/wp-content\\\/uploads\\\/2026\\\/01\\\/joj-24-12-front.png\"},{\"@type\":\"BreadcrumbList\",\"@id\":\"https:\\\/\\\/jaktklubben.com\\\/de\\\/presse\\\/#breadcrumb\",\"itemListElement\":[{\"@type\":\"ListItem\",\"position\":1,\"name\":\"Home\",\"item\":\"https:\\\/\\\/jaktklubben.com\\\/de\\\/\"},{\"@type\":\"ListItem\",\"position\":2,\"name\":\"Presse\"}]},{\"@type\":\"WebSite\",\"@id\":\"https:\\\/\\\/jaktklubben.com\\\/#website\",\"url\":\"https:\\\/\\\/jaktklubben.com\\\/\",\"name\":\"Svenska Jaktklubben\",\"description\":\"Swedish Hunting Club\",\"publisher\":{\"@id\":\"https:\\\/\\\/jaktklubben.com\\\/#organization\"},\"potentialAction\":[{\"@type\":\"SearchAction\",\"target\":{\"@type\":\"EntryPoint\",\"urlTemplate\":\"https:\\\/\\\/jaktklubben.com\\\/?s={search_term_string}\"},\"query-input\":{\"@type\":\"PropertyValueSpecification\",\"valueRequired\":true,\"valueName\":\"search_term_string\"}}],\"inLanguage\":\"de\"},{\"@type\":\"Organization\",\"@id\":\"https:\\\/\\\/jaktklubben.com\\\/#organization\",\"name\":\"Svenska Jaktklubben\",\"url\":\"https:\\\/\\\/jaktklubben.com\\\/\",\"logo\":{\"@type\":\"ImageObject\",\"inLanguage\":\"de\",\"@id\":\"https:\\\/\\\/jaktklubben.com\\\/#\\\/schema\\\/logo\\\/image\\\/\",\"url\":\"https:\\\/\\\/jaktklubben.com\\\/wp-content\\\/uploads\\\/2024\\\/06\\\/Asset-1-SJK-logo.png\",\"contentUrl\":\"https:\\\/\\\/jaktklubben.com\\\/wp-content\\\/uploads\\\/2024\\\/06\\\/Asset-1-SJK-logo.png\",\"width\":2253,\"height\":378,\"caption\":\"Svenska Jaktklubben\"},\"image\":{\"@id\":\"https:\\\/\\\/jaktklubben.com\\\/#\\\/schema\\\/logo\\\/image\\\/\"}}]}<\/script>\n<!-- \/ Yoast SEO plugin. -->","yoast_head_json":{"title":"Presse - Svenska Jaktklubben","description":"Presseseite des Schwedischen Jagdklubs mit Pressemitteilungen, Neuigkeiten und Informationen \u00fcber unsere T\u00e4tigkeit.","robots":{"index":"index","follow":"follow","max-snippet":"max-snippet:-1","max-image-preview":"max-image-preview:large","max-video-preview":"max-video-preview:-1"},"canonical":"https:\/\/jaktklubben.com\/de\/presse\/","og_locale":"de_DE","og_type":"article","og_title":"Presse - Svenska Jaktklubben","og_description":"Presseseite des Schwedischen Jagdklubs mit Pressemitteilungen, Neuigkeiten und Informationen \u00fcber unsere T\u00e4tigkeit.","og_url":"https:\/\/jaktklubben.com\/de\/presse\/","og_site_name":"Svenska Jaktklubben","article_modified_time":"2026-01-30T16:55:54+00:00","og_image":[{"url":"https:\/\/jaktklubben.com\/wp-content\/uploads\/2026\/01\/joj-24-12-front.png","type":"","width":"","height":""}],"twitter_card":"summary_large_image","twitter_misc":{"Gesch\u00e4tzte Lesezeit":"1\u00a0Minute"},"schema":{"@context":"https:\/\/schema.org","@graph":[{"@type":"WebPage","@id":"https:\/\/jaktklubben.com\/de\/presse\/","url":"https:\/\/jaktklubben.com\/de\/presse\/","name":"Presse - Svenska Jaktklubben","isPartOf":{"@id":"https:\/\/jaktklubben.com\/#website"},"primaryImageOfPage":{"@id":"https:\/\/jaktklubben.com\/de\/presse\/#primaryimage"},"image":{"@id":"https:\/\/jaktklubben.com\/de\/presse\/#primaryimage"},"thumbnailUrl":"https:\/\/jaktklubben.com\/wp-content\/uploads\/2026\/01\/joj-24-12-front.png","datePublished":"2025-12-01T13:09:02+00:00","dateModified":"2026-01-30T16:55:54+00:00","description":"Presseseite des Schwedischen Jagdklubs mit Pressemitteilungen, Neuigkeiten und Informationen \u00fcber unsere T\u00e4tigkeit.","breadcrumb":{"@id":"https:\/\/jaktklubben.com\/de\/presse\/#breadcrumb"},"inLanguage":"de","potentialAction":[{"@type":"ReadAction","target":["https:\/\/jaktklubben.com\/de\/presse\/"]}]},{"@type":"ImageObject","inLanguage":"de","@id":"https:\/\/jaktklubben.com\/de\/presse\/#primaryimage","url":"https:\/\/jaktklubben.com\/wp-content\/uploads\/2026\/01\/joj-24-12-front.png","contentUrl":"https:\/\/jaktklubben.com\/wp-content\/uploads\/2026\/01\/joj-24-12-front.png"},{"@type":"BreadcrumbList","@id":"https:\/\/jaktklubben.com\/de\/presse\/#breadcrumb","itemListElement":[{"@type":"ListItem","position":1,"name":"Home","item":"https:\/\/jaktklubben.com\/de\/"},{"@type":"ListItem","position":2,"name":"Presse"}]},{"@type":"WebSite","@id":"https:\/\/jaktklubben.com\/#website","url":"https:\/\/jaktklubben.com\/","name":"Svenska Jaktklubben","description":"Swedish Hunting Club","publisher":{"@id":"https:\/\/jaktklubben.com\/#organization"},"potentialAction":[{"@type":"SearchAction","target":{"@type":"EntryPoint","urlTemplate":"https:\/\/jaktklubben.com\/?s={search_term_string}"},"query-input":{"@type":"PropertyValueSpecification","valueRequired":true,"valueName":"search_term_string"}}],"inLanguage":"de"},{"@type":"Organization","@id":"https:\/\/jaktklubben.com\/#organization","name":"Svenska Jaktklubben","url":"https:\/\/jaktklubben.com\/","logo":{"@type":"ImageObject","inLanguage":"de","@id":"https:\/\/jaktklubben.com\/#\/schema\/logo\/image\/","url":"https:\/\/jaktklubben.com\/wp-content\/uploads\/2024\/06\/Asset-1-SJK-logo.png","contentUrl":"https:\/\/jaktklubben.com\/wp-content\/uploads\/2024\/06\/Asset-1-SJK-logo.png","width":2253,"height":378,"caption":"Svenska Jaktklubben"},"image":{"@id":"https:\/\/jaktklubben.com\/#\/schema\/logo\/image\/"}}]}},"_links":{"self":[{"href":"https:\/\/jaktklubben.com\/de\/wp-json\/wp\/v2\/pages\/31059","targetHints":{"allow":["GET"]}}],"collection":[{"href":"https:\/\/jaktklubben.com\/de\/wp-json\/wp\/v2\/pages"}],"about":[{"href":"https:\/\/jaktklubben.com\/de\/wp-json\/wp\/v2\/types\/page"}],"author":[{"embeddable":true,"href":"https:\/\/jaktklubben.com\/de\/wp-json\/wp\/v2\/users\/1"}],"replies":[{"embeddable":true,"href":"https:\/\/jaktklubben.com\/de\/wp-json\/wp\/v2\/comments?post=31059"}],"version-history":[{"count":2,"href":"https:\/\/jaktklubben.com\/de\/wp-json\/wp\/v2\/pages\/31059\/revisions"}],"predecessor-version":[{"id":31614,"href":"https:\/\/jaktklubben.com\/de\/wp-json\/wp\/v2\/pages\/31059\/revisions\/31614"}],"wp:attachment":[{"href":"https:\/\/jaktklubben.com\/de\/wp-json\/wp\/v2\/media?parent=31059"}],"curies":[{"name":"wp","href":"https:\/\/api.w.org\/{rel}","templated":true}]}}