{"id":31067,"date":"2025-11-24T12:22:43","date_gmt":"2025-11-24T12:22:43","guid":{"rendered":"https:\/\/jaktklubben.com\/ueber-uns\/"},"modified":"2026-02-02T11:41:40","modified_gmt":"2026-02-02T11:41:40","slug":"ueber-uns","status":"publish","type":"page","link":"https:\/\/jaktklubben.com\/de\/ueber-uns\/","title":{"rendered":"\u00dcber uns"},"content":{"rendered":"\t\t<div data-elementor-type=\"wp-page\" data-elementor-id=\"31067\" class=\"elementor elementor-31067 elementor-25444\" data-elementor-post-type=\"page\">\n\t\t\t\t\t\t<section class=\"elementor-section-with-custom-width elementor-section elementor-top-section elementor-element elementor-element-109267d elementor-section-boxed elementor-section-height-default elementor-section-height-default sc_fly_static\" data-id=\"109267d\" data-element_type=\"section\" data-e-type=\"section\" data-settings=\"{&quot;background_background&quot;:&quot;classic&quot;}\">\n\t\t\t\t\t\t\t<div class=\"elementor-background-overlay\"><\/div>\n\t\t\t\t\t\t\t<div class=\"elementor-container elementor-column-gap-extended\">\n\t\t\t\t\t<div class=\"elementor-column elementor-col-100 elementor-top-column elementor-element elementor-element-b8d6b65 sc_content_align_inherit sc_layouts_column_icons_position_left sc_fly_static\" data-id=\"b8d6b65\" data-element_type=\"column\" data-e-type=\"column\">\n\t\t\t<div class=\"elementor-widget-wrap elementor-element-populated\">\n\t\t\t\t\t\t<div class=\"elementor-element elementor-element-90c9139 sc_fly_static elementor-widget elementor-widget-heading\" data-id=\"90c9139\" data-element_type=\"widget\" data-e-type=\"widget\" data-widget_type=\"heading.default\">\n\t\t\t\t<div class=\"elementor-widget-container\">\n\t\t\t\t\t<h2 class=\"elementor-heading-title elementor-size-default\">\u00dcber den Schwedischen Jagdclub<\/h2>\t\t\t\t<\/div>\n\t\t\t\t<\/div>\n\t\t\t\t<div class=\"elementor-element elementor-element-ce335a1 sc_fly_static elementor-widget elementor-widget-text-editor\" data-id=\"ce335a1\" data-element_type=\"widget\" data-e-type=\"widget\" data-widget_type=\"text-editor.default\">\n\t\t\t\t<div class=\"elementor-widget-container\">\n\t\t\t\t\t\t\t\t\t<div class=\"passtext\"><p>Der <strong>Schwedische Jagdclub<\/strong> ist ein Club, der es sich zur Aufgabe gemacht hat, seinen Mitgliedern gute Jagden bei seri\u00f6sen Jagdveranstaltern zu vermitteln. Der Club bietet auch attraktive jagdbezogene Vorteile. Der Club ist kein Jagdvermittler, sondern ein Jagdclub, in dem Sie Ihre Jagden direkt beim Jagdveranstalter buchen, ohne Provisionen oder Geb\u00fchren an den Club zu zahlen. Der Club steht allen J\u00e4gern offen, sowohl schwedischen als auch ausl\u00e4ndischen, die einen g\u00fcltigen Jagdschein oder eine entsprechende ausl\u00e4ndische Jagdberechtigung vorweisen k\u00f6nnen. Nur als angemeldetes Mitglied k\u00f6nnen Sie vollst\u00e4ndige Informationen \u00fcber Jagdveranstalter, Ort, Datum und Preis einsehen.<\/p><p>Alle J\u00e4ger, sowohl schwedische als auch ausl\u00e4ndische, m\u00fcssen f\u00fcr die Jagd in Schweden eine staatliche schwedische Jagdkarte bei der schwedischen Umweltschutzbeh\u00f6rde (Naturv\u00e5rdsverket) erworben haben. Dar\u00fcber hinaus sollten alle J\u00e4ger neben der Mitgliedschaft im Schwedischen Jagdclub auch Mitglied in einem landesweiten Jagdverband sein, u. a. um w\u00e4hrend der Jagd durch eine Unfall- und Haftpflichtversicherung gesch\u00fctzt zu sein.<\/p><p>Wir empfehlen schwedischen J\u00e4gern die Mitgliedschaft im J\u00e4garnas Riksf\u00f6rbund (JRF), wo Sie durch Ihre Mitgliedschaft im Schwedischen Jagdclub das erste Jahr der Mitgliedschaft im JRF f\u00fcr 1 Krone erhalten. Die Werte des JRF stimmen auch gut mit den Mitgliedsbedingungen des Jagdclubs \u00fcberein.<\/p><p><strong>Willkommen beim Schwedischen Jagdclub!<\/strong><br \/><strong>Jakt-Tina<\/strong><\/p><\/div>\t\t\t\t\t\t\t\t<\/div>\n\t\t\t\t<\/div>\n\t\t\t\t\t<\/div>\n\t\t<\/div>\n\t\t\t\t\t<\/div>\n\t\t<\/section>\n\t\t\t\t<section class=\"elementor-section-with-custom-width elementor-section elementor-top-section elementor-element elementor-element-c52a5e7 elementor-section-boxed elementor-section-height-default elementor-section-height-default sc_fly_static\" data-id=\"c52a5e7\" data-element_type=\"section\" data-e-type=\"section\">\n\t\t\t\t\t\t<div class=\"elementor-container elementor-column-gap-extended\">\n\t\t\t\t\t<div class=\"elementor-column elementor-col-100 elementor-top-column elementor-element elementor-element-82f6084 sc_content_align_inherit sc_layouts_column_icons_position_left sc_fly_static\" data-id=\"82f6084\" data-element_type=\"column\" data-e-type=\"column\">\n\t\t\t<div class=\"elementor-widget-wrap elementor-element-populated\">\n\t\t\t\t\t\t<div class=\"elementor-element elementor-element-562f82a sc_fly_static elementor-widget elementor-widget-heading\" data-id=\"562f82a\" data-element_type=\"widget\" data-e-type=\"widget\" data-widget_type=\"heading.default\">\n\t\t\t\t<div class=\"elementor-widget-container\">\n\t\t\t\t\t<h2 class=\"elementor-heading-title elementor-size-default\">Unser Team<\/h2>\t\t\t\t<\/div>\n\t\t\t\t<\/div>\n\t\t\t\t<div class=\"elementor-element elementor-element-0bf64bf sc_fly_static elementor-widget elementor-widget-text-editor\" data-id=\"0bf64bf\" data-element_type=\"widget\" data-e-type=\"widget\" data-widget_type=\"text-editor.default\">\n\t\t\t\t<div class=\"elementor-widget-container\">\n\t\t\t\t\t\t\t\t\t<p>Wir arbeiten alle in unserer Freizeit f\u00fcr den Jagdclub, was bedeuten kann, dass wir nicht immer sofort auf E-Mails antworten k\u00f6nnen. Wir werden uns aber so schnell wie m\u00f6glich bei Ihnen melden.<\/p>\t\t\t\t\t\t\t\t<\/div>\n\t\t\t\t<\/div>\n\t\t\t\t<div class=\"elementor-element elementor-element-837ac68 sc_fly_static elementor-widget elementor-widget-trx_sc_team\" data-id=\"837ac68\" data-element_type=\"widget\" data-e-type=\"widget\" data-widget_type=\"trx_sc_team.default\">\n\t\t\t\t<div class=\"elementor-widget-container\">\n\t\t\t\t\t<div \t\tclass=\"sc_team sc_team_accent\"><div class=\"sc_team_columns_wrap sc_item_columns sc_item_posts_container trx_addons_columns_wrap columns_padding_bottom\"><div class=\"trx_addons_column-1_3 trx_addons_column-1_2-tablet\"><div data-post-id=\"31111\" class=\"sc_team_item sc_item_container post_container no_links has_post_thumbnail  post-31111 cpt_team type-cpt_team status-publish has-post-thumbnail hentry cpt_team_group-shc-team-group\">\n\t<div class=\"post_featured post_featured_bg sc_team_item_thumb trx_addons_hover trx_addons_hover_style_info_anim\"><span class=\"post_thumb\" style=\"background-image: url(https:\/\/jaktklubben.com\/wp-content\/uploads\/2025\/11\/67b4c3aad724b8efddff78d3_Rasmus-2024-570x696.jpg)\"><\/span><div class=\"trx_addons_hover_team\"><div class=\"center-all\"><h4 class=\"sc_team_item_title entry-title trx_addons_hover_title\">Rasmus Rees<\/h4><div class=\"sc_team_item_subtitle trx_addons_hover_title\">Jagdpartner<\/div><\/div><\/div><div class=\"trx_addons_hover_mask\"><\/div><\/div><\/div>\n<\/div><div class=\"trx_addons_column-1_3 trx_addons_column-1_2-tablet\"><div data-post-id=\"31136\" class=\"sc_team_item sc_item_container post_container no_links has_post_thumbnail  post-31136 cpt_team type-cpt_team status-publish has-post-thumbnail hentry cpt_team_group-shc-team-group\">\n\t<div class=\"post_featured post_featured_bg sc_team_item_thumb trx_addons_hover trx_addons_hover_style_info_anim\"><span class=\"post_thumb\" style=\"background-image: url(https:\/\/jaktklubben.com\/wp-content\/uploads\/2025\/11\/67b4c3aadb8072a739e5d050_Stefan-Holmgren-p-2000-570x696.jpg)\"><\/span><div class=\"trx_addons_hover_team\"><div class=\"center-all\"><h4 class=\"sc_team_item_title entry-title trx_addons_hover_title\">Stefan Holmgren<\/h4><div class=\"sc_team_item_subtitle trx_addons_hover_title\">Finanzen, Partner und Jagdpartner<\/div><\/div><\/div><div class=\"trx_addons_hover_mask\"><\/div><\/div><\/div>\n<\/div><div class=\"trx_addons_column-1_3 trx_addons_column-1_2-tablet\"><div data-post-id=\"31141\" class=\"sc_team_item sc_item_container post_container no_links has_post_thumbnail  post-31141 cpt_team type-cpt_team status-publish has-post-thumbnail hentry cpt_team_group-shc-team-group\">\n\t<div class=\"post_featured post_featured_bg sc_team_item_thumb trx_addons_hover trx_addons_hover_style_info_anim\"><span class=\"post_thumb\" style=\"background-image: url(https:\/\/jaktklubben.com\/wp-content\/uploads\/2025\/11\/67b4c3aac1542475d8741c91_Christer-1.png)\"><\/span><div class=\"trx_addons_hover_team\"><div class=\"center-all\"><h4 class=\"sc_team_item_title entry-title trx_addons_hover_title\">Christer Ring<\/h4><div class=\"sc_team_item_subtitle trx_addons_hover_title\">Jagdpartner<\/div><\/div><\/div><div class=\"trx_addons_hover_mask\"><\/div><\/div><\/div>\n<\/div><div class=\"trx_addons_column-1_3 trx_addons_column-1_2-tablet\"><div data-post-id=\"31142\" class=\"sc_team_item sc_item_container post_container no_links has_post_thumbnail  post-31142 cpt_team type-cpt_team status-publish has-post-thumbnail hentry cpt_team_group-shc-team-group\">\n\t<div class=\"post_featured post_featured_bg sc_team_item_thumb trx_addons_hover trx_addons_hover_style_info_anim\"><span class=\"post_thumb\" style=\"background-image: url(https:\/\/jaktklubben.com\/wp-content\/uploads\/2025\/11\/67b4c3aa1cf6e0577ddcebcd_IMG_9332-570x696.jpg)\"><\/span><div class=\"trx_addons_hover_team\"><div class=\"center-all\"><h4 class=\"sc_team_item_title entry-title trx_addons_hover_title\">Johan Tor\u00e9n<\/h4><div class=\"sc_team_item_subtitle trx_addons_hover_title\">Jagdpartner<\/div><\/div><\/div><div class=\"trx_addons_hover_mask\"><\/div><\/div><\/div>\n<\/div><div class=\"trx_addons_column-1_3 trx_addons_column-1_2-tablet\"><div data-post-id=\"31148\" class=\"sc_team_item sc_item_container post_container no_links has_post_thumbnail  post-31148 cpt_team type-cpt_team status-publish has-post-thumbnail hentry cpt_team_group-shc-team-group\">\n\t<div class=\"post_featured post_featured_bg sc_team_item_thumb trx_addons_hover trx_addons_hover_style_info_anim\"><span class=\"post_thumb\" style=\"background-image: url(https:\/\/jaktklubben.com\/wp-content\/uploads\/2025\/11\/67b4c3cab43de351879b16e3_Tina_Hundarna_Pinewood_2-570x696.jpeg)\"><\/span><div class=\"trx_addons_hover_team\"><div class=\"center-all\"><h4 class=\"sc_team_item_title entry-title trx_addons_hover_title\">Tina \u201eJakt-Tina\u201c Rees<\/h4><div class=\"sc_team_item_subtitle trx_addons_hover_title\">Markt, Mitglieder und Partner<\/div><\/div><\/div><div class=\"trx_addons_hover_mask\"><\/div><\/div><\/div>\n<\/div><\/div><\/div>\t\t\t\t<\/div>\n\t\t\t\t<\/div>\n\t\t\t\t\t<\/div>\n\t\t<\/div>\n\t\t\t\t\t<\/div>\n\t\t<\/section>\n\t\t\t\t<\/div>\n\t\t","protected":false},"excerpt":{"rendered":"<p>\u00dcber den Schwedischen Jagdclub Der Schwedische Jagdclub ist ein Club, der es sich zur Aufgabe gemacht hat, seinen Mitgliedern gute Jagden bei seri\u00f6sen Jagdveranstaltern zu vermitteln. Der Club bietet auch&hellip;<\/p>\n","protected":false},"author":1,"featured_media":0,"parent":0,"menu_order":0,"comment_status":"closed","ping_status":"closed","template":"elementor_header_footer","meta":{"_acf_changed":false,"_monsterinsights_skip_tracking":false,"_monsterinsights_sitenote_active":false,"_monsterinsights_sitenote_note":"","_monsterinsights_sitenote_category":0,"_uf_show_specific_survey":0,"_uf_disable_surveys":false,"footnotes":""},"class_list":["post-31067","page","type-page","status-publish","hentry"],"acf":[],"yoast_head":"<!-- This site is optimized with the Yoast SEO plugin v27.3 - https:\/\/yoast.com\/product\/yoast-seo-wordpress\/ -->\n<title>\u00dcber uns - Svenska Jaktklubben<\/title>\n<meta name=\"description\" content=\"Der Schwedische Jagdclub hilft Mitgliedern, hochwertige Jagden zu finden und bietet exklusive jagdbezogene Vorteile.\" \/>\n<meta name=\"robots\" content=\"index, follow, max-snippet:-1, max-image-preview:large, max-video-preview:-1\" \/>\n<link rel=\"canonical\" href=\"https:\/\/jaktklubben.com\/om-oss\/\" \/>\n<meta property=\"og:locale\" content=\"de_DE\" \/>\n<meta property=\"og:type\" content=\"article\" \/>\n<meta property=\"og:title\" content=\"\u00dcber uns - Svenska Jaktklubben\" \/>\n<meta property=\"og:description\" content=\"Der Schwedische Jagdclub hilft Mitgliedern, hochwertige Jagden zu finden und bietet exklusive jagdbezogene Vorteile.\" \/>\n<meta property=\"og:url\" content=\"https:\/\/jaktklubben.com\/om-oss\/\" \/>\n<meta property=\"og:site_name\" content=\"Svenska Jaktklubben\" \/>\n<meta property=\"article:modified_time\" content=\"2026-02-02T11:41:40+00:00\" \/>\n<meta name=\"twitter:card\" content=\"summary_large_image\" \/>\n<meta name=\"twitter:label1\" content=\"Gesch\u00e4tzte Lesezeit\" \/>\n\t<meta name=\"twitter:data1\" content=\"2\u00a0Minuten\" \/>\n<script type=\"application\/ld+json\" class=\"yoast-schema-graph\">{\"@context\":\"https:\\\/\\\/schema.org\",\"@graph\":[{\"@type\":\"WebPage\",\"@id\":\"https:\\\/\\\/jaktklubben.com\\\/om-oss\\\/\",\"url\":\"https:\\\/\\\/jaktklubben.com\\\/om-oss\\\/\",\"name\":\"\u00dcber uns - Svenska Jaktklubben\",\"isPartOf\":{\"@id\":\"https:\\\/\\\/jaktklubben.com\\\/#website\"},\"datePublished\":\"2025-11-24T12:22:43+00:00\",\"dateModified\":\"2026-02-02T11:41:40+00:00\",\"description\":\"Der Schwedische Jagdclub hilft Mitgliedern, hochwertige Jagden zu finden und bietet exklusive jagdbezogene Vorteile.\",\"breadcrumb\":{\"@id\":\"https:\\\/\\\/jaktklubben.com\\\/om-oss\\\/#breadcrumb\"},\"inLanguage\":\"de\",\"potentialAction\":[{\"@type\":\"ReadAction\",\"target\":[\"https:\\\/\\\/jaktklubben.com\\\/om-oss\\\/\"]}]},{\"@type\":\"BreadcrumbList\",\"@id\":\"https:\\\/\\\/jaktklubben.com\\\/om-oss\\\/#breadcrumb\",\"itemListElement\":[{\"@type\":\"ListItem\",\"position\":1,\"name\":\"Home\",\"item\":\"https:\\\/\\\/jaktklubben.com\\\/de\\\/\"},{\"@type\":\"ListItem\",\"position\":2,\"name\":\"\u00dcber uns\"}]},{\"@type\":\"WebSite\",\"@id\":\"https:\\\/\\\/jaktklubben.com\\\/#website\",\"url\":\"https:\\\/\\\/jaktklubben.com\\\/\",\"name\":\"Svenska Jaktklubben\",\"description\":\"Swedish Hunting Club\",\"publisher\":{\"@id\":\"https:\\\/\\\/jaktklubben.com\\\/#organization\"},\"potentialAction\":[{\"@type\":\"SearchAction\",\"target\":{\"@type\":\"EntryPoint\",\"urlTemplate\":\"https:\\\/\\\/jaktklubben.com\\\/?s={search_term_string}\"},\"query-input\":{\"@type\":\"PropertyValueSpecification\",\"valueRequired\":true,\"valueName\":\"search_term_string\"}}],\"inLanguage\":\"de\"},{\"@type\":\"Organization\",\"@id\":\"https:\\\/\\\/jaktklubben.com\\\/#organization\",\"name\":\"Svenska Jaktklubben\",\"url\":\"https:\\\/\\\/jaktklubben.com\\\/\",\"logo\":{\"@type\":\"ImageObject\",\"inLanguage\":\"de\",\"@id\":\"https:\\\/\\\/jaktklubben.com\\\/#\\\/schema\\\/logo\\\/image\\\/\",\"url\":\"https:\\\/\\\/jaktklubben.com\\\/wp-content\\\/uploads\\\/2024\\\/06\\\/Asset-1-SJK-logo.png\",\"contentUrl\":\"https:\\\/\\\/jaktklubben.com\\\/wp-content\\\/uploads\\\/2024\\\/06\\\/Asset-1-SJK-logo.png\",\"width\":2253,\"height\":378,\"caption\":\"Svenska Jaktklubben\"},\"image\":{\"@id\":\"https:\\\/\\\/jaktklubben.com\\\/#\\\/schema\\\/logo\\\/image\\\/\"}}]}<\/script>\n<!-- \/ Yoast SEO plugin. -->","yoast_head_json":{"title":"\u00dcber uns - Svenska Jaktklubben","description":"Der Schwedische Jagdclub hilft Mitgliedern, hochwertige Jagden zu finden und bietet exklusive jagdbezogene Vorteile.","robots":{"index":"index","follow":"follow","max-snippet":"max-snippet:-1","max-image-preview":"max-image-preview:large","max-video-preview":"max-video-preview:-1"},"canonical":"https:\/\/jaktklubben.com\/om-oss\/","og_locale":"de_DE","og_type":"article","og_title":"\u00dcber uns - Svenska Jaktklubben","og_description":"Der Schwedische Jagdclub hilft Mitgliedern, hochwertige Jagden zu finden und bietet exklusive jagdbezogene Vorteile.","og_url":"https:\/\/jaktklubben.com\/om-oss\/","og_site_name":"Svenska Jaktklubben","article_modified_time":"2026-02-02T11:41:40+00:00","twitter_card":"summary_large_image","twitter_misc":{"Gesch\u00e4tzte Lesezeit":"2\u00a0Minuten"},"schema":{"@context":"https:\/\/schema.org","@graph":[{"@type":"WebPage","@id":"https:\/\/jaktklubben.com\/om-oss\/","url":"https:\/\/jaktklubben.com\/om-oss\/","name":"\u00dcber uns - Svenska Jaktklubben","isPartOf":{"@id":"https:\/\/jaktklubben.com\/#website"},"datePublished":"2025-11-24T12:22:43+00:00","dateModified":"2026-02-02T11:41:40+00:00","description":"Der Schwedische Jagdclub hilft Mitgliedern, hochwertige Jagden zu finden und bietet exklusive jagdbezogene Vorteile.","breadcrumb":{"@id":"https:\/\/jaktklubben.com\/om-oss\/#breadcrumb"},"inLanguage":"de","potentialAction":[{"@type":"ReadAction","target":["https:\/\/jaktklubben.com\/om-oss\/"]}]},{"@type":"BreadcrumbList","@id":"https:\/\/jaktklubben.com\/om-oss\/#breadcrumb","itemListElement":[{"@type":"ListItem","position":1,"name":"Home","item":"https:\/\/jaktklubben.com\/de\/"},{"@type":"ListItem","position":2,"name":"\u00dcber uns"}]},{"@type":"WebSite","@id":"https:\/\/jaktklubben.com\/#website","url":"https:\/\/jaktklubben.com\/","name":"Svenska Jaktklubben","description":"Swedish Hunting Club","publisher":{"@id":"https:\/\/jaktklubben.com\/#organization"},"potentialAction":[{"@type":"SearchAction","target":{"@type":"EntryPoint","urlTemplate":"https:\/\/jaktklubben.com\/?s={search_term_string}"},"query-input":{"@type":"PropertyValueSpecification","valueRequired":true,"valueName":"search_term_string"}}],"inLanguage":"de"},{"@type":"Organization","@id":"https:\/\/jaktklubben.com\/#organization","name":"Svenska Jaktklubben","url":"https:\/\/jaktklubben.com\/","logo":{"@type":"ImageObject","inLanguage":"de","@id":"https:\/\/jaktklubben.com\/#\/schema\/logo\/image\/","url":"https:\/\/jaktklubben.com\/wp-content\/uploads\/2024\/06\/Asset-1-SJK-logo.png","contentUrl":"https:\/\/jaktklubben.com\/wp-content\/uploads\/2024\/06\/Asset-1-SJK-logo.png","width":2253,"height":378,"caption":"Svenska Jaktklubben"},"image":{"@id":"https:\/\/jaktklubben.com\/#\/schema\/logo\/image\/"}}]}},"_links":{"self":[{"href":"https:\/\/jaktklubben.com\/de\/wp-json\/wp\/v2\/pages\/31067","targetHints":{"allow":["GET"]}}],"collection":[{"href":"https:\/\/jaktklubben.com\/de\/wp-json\/wp\/v2\/pages"}],"about":[{"href":"https:\/\/jaktklubben.com\/de\/wp-json\/wp\/v2\/types\/page"}],"author":[{"embeddable":true,"href":"https:\/\/jaktklubben.com\/de\/wp-json\/wp\/v2\/users\/1"}],"replies":[{"embeddable":true,"href":"https:\/\/jaktklubben.com\/de\/wp-json\/wp\/v2\/comments?post=31067"}],"version-history":[{"count":6,"href":"https:\/\/jaktklubben.com\/de\/wp-json\/wp\/v2\/pages\/31067\/revisions"}],"predecessor-version":[{"id":31715,"href":"https:\/\/jaktklubben.com\/de\/wp-json\/wp\/v2\/pages\/31067\/revisions\/31715"}],"wp:attachment":[{"href":"https:\/\/jaktklubben.com\/de\/wp-json\/wp\/v2\/media?parent=31067"}],"curies":[{"name":"wp","href":"https:\/\/api.w.org\/{rel}","templated":true}]}}