{"id":31070,"date":"2025-12-04T17:41:38","date_gmt":"2025-12-04T17:41:38","guid":{"rendered":"https:\/\/jaktklubben.com\/jaegerpruefung\/"},"modified":"2026-02-26T10:11:34","modified_gmt":"2026-02-26T10:11:34","slug":"jaegerpruefung","status":"publish","type":"page","link":"https:\/\/jaktklubben.com\/de\/jaegerpruefung\/","title":{"rendered":"J\u00e4gerpr\u00fcfung"},"content":{"rendered":"\t\t<div data-elementor-type=\"wp-page\" data-elementor-id=\"31070\" class=\"elementor elementor-31070 elementor-25852\" data-elementor-post-type=\"page\">\n\t\t\t\t\t\t<section class=\"elementor-section-with-custom-width elementor-section elementor-top-section elementor-element elementor-element-1926af0 page-cst-bg elementor-section-boxed elementor-section-height-default elementor-section-height-default sc_fly_static\" data-id=\"1926af0\" data-element_type=\"section\" data-e-type=\"section\" data-settings=\"{&quot;background_background&quot;:&quot;classic&quot;}\">\n\t\t\t\t\t\t<div class=\"elementor-container elementor-column-gap-extended\">\n\t\t\t\t\t<div class=\"elementor-column elementor-col-100 elementor-top-column elementor-element elementor-element-4e9a40f sc_content_align_inherit sc_layouts_column_icons_position_left sc_fly_static\" data-id=\"4e9a40f\" data-element_type=\"column\" data-e-type=\"column\">\n\t\t\t<div class=\"elementor-widget-wrap elementor-element-populated\">\n\t\t\t\t\t\t<div class=\"elementor-element elementor-element-edf0402 sc_fly_static elementor-widget elementor-widget-heading\" data-id=\"edf0402\" data-element_type=\"widget\" data-e-type=\"widget\" data-widget_type=\"heading.default\">\n\t\t\t\t<div class=\"elementor-widget-container\">\n\t\t\t\t\t<h2 class=\"elementor-heading-title elementor-size-default\">J\u00e4gerpr\u00fcfung<\/h2>\t\t\t\t<\/div>\n\t\t\t\t<\/div>\n\t\t\t\t<div class=\"elementor-element elementor-element-b27819d sc_fly_static elementor-widget elementor-widget-text-editor\" data-id=\"b27819d\" data-element_type=\"widget\" data-e-type=\"widget\" data-widget_type=\"text-editor.default\">\n\t\t\t\t<div class=\"elementor-widget-container\">\n\t\t\t\t\t\t\t\t\t<p>Wir empfehlen:<\/p>\t\t\t\t\t\t\t\t<\/div>\n\t\t\t\t<\/div>\n\t\t\t\t<section class=\"elementor-section elementor-inner-section elementor-element elementor-element-9b599b3 elementor-section-boxed elementor-section-height-default elementor-section-height-default sc_fly_static\" data-id=\"9b599b3\" data-element_type=\"section\" data-e-type=\"section\">\n\t\t\t\t\t\t<div class=\"elementor-container elementor-column-gap-extended\">\n\t\t\t\t\t<div class=\"elementor-column elementor-col-25 elementor-inner-column elementor-element elementor-element-b858b2b sc_content_align_inherit sc_layouts_column_icons_position_left sc_fly_static\" data-id=\"b858b2b\" data-element_type=\"column\" data-e-type=\"column\">\n\t\t\t<div class=\"elementor-widget-wrap elementor-element-populated\">\n\t\t\t\t\t\t<div class=\"elementor-element elementor-element-be0a7cb with-elementor-animation-float sc_fly_static elementor-widget elementor-widget-image\" data-id=\"be0a7cb\" data-element_type=\"widget\" data-e-type=\"widget\" data-widget_type=\"image.default\">\n\t\t\t\t<div class=\"elementor-widget-container\">\n\t\t\t\t\t\t\t\t\t\t\t\t\t\t\t<img decoding=\"async\" width=\"200\" height=\"130\" src=\"https:\/\/jaktklubben.com\/wp-content\/uploads\/2026\/02\/66f42d89820957c12b2a252a_Sydjakt.png\" class=\"elementor-animation-float attachment-large size-large wp-image-32719\" alt=\"\" \/>\t\t\t\t\t\t\t\t\t\t\t\t\t\t\t<\/div>\n\t\t\t\t<\/div>\n\t\t\t\t<div class=\"elementor-element elementor-element-7e40f30 sc_fly_static elementor-widget elementor-widget-heading\" data-id=\"7e40f30\" data-element_type=\"widget\" data-e-type=\"widget\" data-widget_type=\"heading.default\">\n\t\t\t\t<div class=\"elementor-widget-container\">\n\t\t\t\t\t<h2 class=\"elementor-heading-title elementor-size-default\"><a href=\"https:\/\/sydjakt.se\/\" target=\"_blank\">\nSydjakt.se<\/a><\/h2>\t\t\t\t<\/div>\n\t\t\t\t<\/div>\n\t\t\t\t\t<\/div>\n\t\t<\/div>\n\t\t\t\t<div class=\"elementor-column elementor-col-25 elementor-inner-column elementor-element elementor-element-ac43ce1 sc_content_align_inherit sc_layouts_column_icons_position_left sc_fly_static\" data-id=\"ac43ce1\" data-element_type=\"column\" data-e-type=\"column\">\n\t\t\t<div class=\"elementor-widget-wrap elementor-element-populated\">\n\t\t\t\t\t\t<div class=\"elementor-element elementor-element-535567a with-elementor-animation-float sc_fly_static elementor-widget elementor-widget-image\" data-id=\"535567a\" data-element_type=\"widget\" data-e-type=\"widget\" data-widget_type=\"image.default\">\n\t\t\t\t<div class=\"elementor-widget-container\">\n\t\t\t\t\t\t\t\t\t\t\t\t\t\t\t<img decoding=\"async\" width=\"200\" height=\"130\" src=\"https:\/\/jaktklubben.com\/wp-content\/uploads\/2026\/02\/66f42d8934c606d048db6d18_Skattegarden.jpg\" class=\"elementor-animation-float attachment-large size-large wp-image-32720\" alt=\"\" \/>\t\t\t\t\t\t\t\t\t\t\t\t\t\t\t<\/div>\n\t\t\t\t<\/div>\n\t\t\t\t<div class=\"elementor-element elementor-element-5773e15 sc_fly_static elementor-widget elementor-widget-heading\" data-id=\"5773e15\" data-element_type=\"widget\" data-e-type=\"widget\" data-widget_type=\"heading.default\">\n\t\t\t\t<div class=\"elementor-widget-container\">\n\t\t\t\t\t<h2 class=\"elementor-heading-title elementor-size-default\"><a href=\"http:\/\/www.skattegardensvilt.se\/jaktskolan\" target=\"_blank\">Skatteg\u00e5rden<\/a><\/h2>\t\t\t\t<\/div>\n\t\t\t\t<\/div>\n\t\t\t\t\t<\/div>\n\t\t<\/div>\n\t\t\t\t<div class=\"elementor-column elementor-col-25 elementor-inner-column elementor-element elementor-element-dbbb83a sc_content_align_inherit sc_layouts_column_icons_position_left sc_fly_static\" data-id=\"dbbb83a\" data-element_type=\"column\" data-e-type=\"column\">\n\t\t\t<div class=\"elementor-widget-wrap elementor-element-populated\">\n\t\t\t\t\t\t<div class=\"elementor-element elementor-element-2725c74 with-elementor-animation-float sc_fly_static elementor-widget elementor-widget-image\" data-id=\"2725c74\" data-element_type=\"widget\" data-e-type=\"widget\" data-widget_type=\"image.default\">\n\t\t\t\t<div class=\"elementor-widget-container\">\n\t\t\t\t\t\t\t\t\t\t\t\t\t\t\t<img fetchpriority=\"high\" decoding=\"async\" width=\"1024\" height=\"836\" src=\"https:\/\/jaktklubben.com\/wp-content\/uploads\/2026\/02\/673254a2ee1f7a4c1a1c1476_Logo-JRF-p-1080-1024x836.png\" class=\"elementor-animation-float attachment-large size-large wp-image-32721\" alt=\"\" srcset=\"https:\/\/jaktklubben.com\/wp-content\/uploads\/2026\/02\/673254a2ee1f7a4c1a1c1476_Logo-JRF-p-1080-1024x836.png 1024w, https:\/\/jaktklubben.com\/wp-content\/uploads\/2026\/02\/673254a2ee1f7a4c1a1c1476_Logo-JRF-p-1080-300x245.png 300w, https:\/\/jaktklubben.com\/wp-content\/uploads\/2026\/02\/673254a2ee1f7a4c1a1c1476_Logo-JRF-p-1080-768x627.png 768w, https:\/\/jaktklubben.com\/wp-content\/uploads\/2026\/02\/673254a2ee1f7a4c1a1c1476_Logo-JRF-p-1080-370x302.png 370w, https:\/\/jaktklubben.com\/wp-content\/uploads\/2026\/02\/673254a2ee1f7a4c1a1c1476_Logo-JRF-p-1080-840x686.png 840w, https:\/\/jaktklubben.com\/wp-content\/uploads\/2026\/02\/673254a2ee1f7a4c1a1c1476_Logo-JRF-p-1080-410x335.png 410w, https:\/\/jaktklubben.com\/wp-content\/uploads\/2026\/02\/673254a2ee1f7a4c1a1c1476_Logo-JRF-p-1080.png 1080w\" sizes=\"(max-width: 1024px) 100vw, 1024px\" \/>\t\t\t\t\t\t\t\t\t\t\t\t\t\t\t<\/div>\n\t\t\t\t<\/div>\n\t\t\t\t<div class=\"elementor-element elementor-element-600a6a5 sc_fly_static elementor-widget elementor-widget-heading\" data-id=\"600a6a5\" data-element_type=\"widget\" data-e-type=\"widget\" data-widget_type=\"heading.default\">\n\t\t\t\t<div class=\"elementor-widget-container\">\n\t\t\t\t\t<h2 class=\"elementor-heading-title elementor-size-default\"><a href=\"https:\/\/www.jagarnasriksforbund.se\/utbildning\/kurser\/\" target=\"_blank\">\nJ\u00e4garnas Riksf\u00f6rbund<\/a><\/h2>\t\t\t\t<\/div>\n\t\t\t\t<\/div>\n\t\t\t\t\t<\/div>\n\t\t<\/div>\n\t\t\t\t<div class=\"elementor-column elementor-col-25 elementor-inner-column elementor-element elementor-element-4c8df65 sc_content_align_inherit sc_layouts_column_icons_position_left sc_fly_static\" data-id=\"4c8df65\" data-element_type=\"column\" data-e-type=\"column\">\n\t\t\t<div class=\"elementor-widget-wrap elementor-element-populated\">\n\t\t\t\t\t\t<div class=\"elementor-element elementor-element-925ff15 with-elementor-animation-float sc_fly_static elementor-widget elementor-widget-image\" data-id=\"925ff15\" data-element_type=\"widget\" data-e-type=\"widget\" data-widget_type=\"image.default\">\n\t\t\t\t<div class=\"elementor-widget-container\">\n\t\t\t\t\t\t\t\t\t\t\t\t\t\t\t<img loading=\"lazy\" decoding=\"async\" width=\"840\" height=\"511\" src=\"https:\/\/jaktklubben.com\/wp-content\/uploads\/2026\/02\/RHS-Logo-Ny-Namnet-undertill-Genomskinlig-bakgrund-2.png\" class=\"elementor-animation-float attachment-large size-large wp-image-32744\" alt=\"\" srcset=\"https:\/\/jaktklubben.com\/wp-content\/uploads\/2026\/02\/RHS-Logo-Ny-Namnet-undertill-Genomskinlig-bakgrund-2.png 840w, https:\/\/jaktklubben.com\/wp-content\/uploads\/2026\/02\/RHS-Logo-Ny-Namnet-undertill-Genomskinlig-bakgrund-2-300x183.png 300w, https:\/\/jaktklubben.com\/wp-content\/uploads\/2026\/02\/RHS-Logo-Ny-Namnet-undertill-Genomskinlig-bakgrund-2-768x467.png 768w, https:\/\/jaktklubben.com\/wp-content\/uploads\/2026\/02\/RHS-Logo-Ny-Namnet-undertill-Genomskinlig-bakgrund-2-370x225.png 370w, https:\/\/jaktklubben.com\/wp-content\/uploads\/2026\/02\/RHS-Logo-Ny-Namnet-undertill-Genomskinlig-bakgrund-2-410x249.png 410w\" sizes=\"(max-width: 840px) 100vw, 840px\" \/>\t\t\t\t\t\t\t\t\t\t\t\t\t\t\t<\/div>\n\t\t\t\t<\/div>\n\t\t\t\t<div class=\"elementor-element elementor-element-a9ce69c sc_fly_static elementor-widget elementor-widget-heading\" data-id=\"a9ce69c\" data-element_type=\"widget\" data-e-type=\"widget\" data-widget_type=\"heading.default\">\n\t\t\t\t<div class=\"elementor-widget-container\">\n\t\t\t\t\t<h2 class=\"elementor-heading-title elementor-size-default\"><a href=\"https:\/\/www.royalhuntingsweden.com\/\" target=\"_blank\">ROYAL HUNTING SWEDEN<\/a><\/h2>\t\t\t\t<\/div>\n\t\t\t\t<\/div>\n\t\t\t\t\t<\/div>\n\t\t<\/div>\n\t\t\t\t\t<\/div>\n\t\t<\/section>\n\t\t\t\t\t<\/div>\n\t\t<\/div>\n\t\t\t\t\t<\/div>\n\t\t<\/section>\n\t\t\t\t<\/div>\n\t\t","protected":false},"excerpt":{"rendered":"<p>J\u00e4gerpr\u00fcfung Wir empfehlen: Sydjakt.se Skatteg\u00e5rden J\u00e4garnas Riksf\u00f6rbund ROYAL HUNTING SWEDEN<\/p>\n","protected":false},"author":1,"featured_media":0,"parent":0,"menu_order":0,"comment_status":"closed","ping_status":"closed","template":"","meta":{"_acf_changed":false,"_monsterinsights_skip_tracking":false,"_monsterinsights_sitenote_active":false,"_monsterinsights_sitenote_note":"","_monsterinsights_sitenote_category":0,"_uf_show_specific_survey":0,"_uf_disable_surveys":false,"footnotes":""},"class_list":["post-31070","page","type-page","status-publish","hentry"],"acf":[],"yoast_head":"<!-- This site is optimized with the Yoast SEO plugin v27.3 - https:\/\/yoast.com\/product\/yoast-seo-wordpress\/ -->\n<title>J\u00e4gerpr\u00fcfung - Svenska Jaktklubben<\/title>\n<meta name=\"description\" content=\"M\u00f6chten Sie die J\u00e4gerpr\u00fcfung ablegen? Entdecken Sie die von Schwedische Jagdclub empfohlenen Ausbilder mit Erfahrung und gepr\u00fcfter Qualit\u00e4t.\" \/>\n<meta name=\"robots\" content=\"index, follow, max-snippet:-1, max-image-preview:large, max-video-preview:-1\" \/>\n<link rel=\"canonical\" href=\"https:\/\/jaktklubben.com\/de\/jaegerpruefung\/\" \/>\n<meta property=\"og:locale\" content=\"de_DE\" \/>\n<meta property=\"og:type\" content=\"article\" \/>\n<meta property=\"og:title\" content=\"J\u00e4gerpr\u00fcfung - Svenska Jaktklubben\" \/>\n<meta property=\"og:description\" content=\"M\u00f6chten Sie die J\u00e4gerpr\u00fcfung ablegen? Entdecken Sie die von Schwedische Jagdclub empfohlenen Ausbilder mit Erfahrung und gepr\u00fcfter Qualit\u00e4t.\" \/>\n<meta property=\"og:url\" content=\"https:\/\/jaktklubben.com\/de\/jaegerpruefung\/\" \/>\n<meta property=\"og:site_name\" content=\"Svenska Jaktklubben\" \/>\n<meta property=\"article:modified_time\" content=\"2026-02-26T10:11:34+00:00\" \/>\n<meta property=\"og:image\" content=\"https:\/\/jaktklubben.com\/wp-content\/uploads\/2026\/02\/66f42d89820957c12b2a252a_Sydjakt.png\" \/>\n<meta name=\"twitter:card\" content=\"summary_large_image\" \/>\n<meta name=\"twitter:label1\" content=\"Gesch\u00e4tzte Lesezeit\" \/>\n\t<meta name=\"twitter:data1\" content=\"1\u00a0Minute\" \/>\n<script type=\"application\/ld+json\" class=\"yoast-schema-graph\">{\"@context\":\"https:\\\/\\\/schema.org\",\"@graph\":[{\"@type\":\"WebPage\",\"@id\":\"https:\\\/\\\/jaktklubben.com\\\/de\\\/jaegerpruefung\\\/\",\"url\":\"https:\\\/\\\/jaktklubben.com\\\/de\\\/jaegerpruefung\\\/\",\"name\":\"J\u00e4gerpr\u00fcfung - Svenska Jaktklubben\",\"isPartOf\":{\"@id\":\"https:\\\/\\\/jaktklubben.com\\\/#website\"},\"primaryImageOfPage\":{\"@id\":\"https:\\\/\\\/jaktklubben.com\\\/de\\\/jaegerpruefung\\\/#primaryimage\"},\"image\":{\"@id\":\"https:\\\/\\\/jaktklubben.com\\\/de\\\/jaegerpruefung\\\/#primaryimage\"},\"thumbnailUrl\":\"https:\\\/\\\/jaktklubben.com\\\/wp-content\\\/uploads\\\/2026\\\/02\\\/66f42d89820957c12b2a252a_Sydjakt.png\",\"datePublished\":\"2025-12-04T17:41:38+00:00\",\"dateModified\":\"2026-02-26T10:11:34+00:00\",\"description\":\"M\u00f6chten Sie die J\u00e4gerpr\u00fcfung ablegen? Entdecken Sie die von Schwedische Jagdclub empfohlenen Ausbilder mit Erfahrung und gepr\u00fcfter Qualit\u00e4t.\",\"breadcrumb\":{\"@id\":\"https:\\\/\\\/jaktklubben.com\\\/de\\\/jaegerpruefung\\\/#breadcrumb\"},\"inLanguage\":\"de\",\"potentialAction\":[{\"@type\":\"ReadAction\",\"target\":[\"https:\\\/\\\/jaktklubben.com\\\/de\\\/jaegerpruefung\\\/\"]}]},{\"@type\":\"ImageObject\",\"inLanguage\":\"de\",\"@id\":\"https:\\\/\\\/jaktklubben.com\\\/de\\\/jaegerpruefung\\\/#primaryimage\",\"url\":\"https:\\\/\\\/jaktklubben.com\\\/wp-content\\\/uploads\\\/2026\\\/02\\\/66f42d89820957c12b2a252a_Sydjakt.png\",\"contentUrl\":\"https:\\\/\\\/jaktklubben.com\\\/wp-content\\\/uploads\\\/2026\\\/02\\\/66f42d89820957c12b2a252a_Sydjakt.png\"},{\"@type\":\"BreadcrumbList\",\"@id\":\"https:\\\/\\\/jaktklubben.com\\\/de\\\/jaegerpruefung\\\/#breadcrumb\",\"itemListElement\":[{\"@type\":\"ListItem\",\"position\":1,\"name\":\"Home\",\"item\":\"https:\\\/\\\/jaktklubben.com\\\/de\\\/\"},{\"@type\":\"ListItem\",\"position\":2,\"name\":\"J\u00e4gerpr\u00fcfung\"}]},{\"@type\":\"WebSite\",\"@id\":\"https:\\\/\\\/jaktklubben.com\\\/#website\",\"url\":\"https:\\\/\\\/jaktklubben.com\\\/\",\"name\":\"Svenska Jaktklubben\",\"description\":\"Swedish Hunting Club\",\"publisher\":{\"@id\":\"https:\\\/\\\/jaktklubben.com\\\/#organization\"},\"potentialAction\":[{\"@type\":\"SearchAction\",\"target\":{\"@type\":\"EntryPoint\",\"urlTemplate\":\"https:\\\/\\\/jaktklubben.com\\\/?s={search_term_string}\"},\"query-input\":{\"@type\":\"PropertyValueSpecification\",\"valueRequired\":true,\"valueName\":\"search_term_string\"}}],\"inLanguage\":\"de\"},{\"@type\":\"Organization\",\"@id\":\"https:\\\/\\\/jaktklubben.com\\\/#organization\",\"name\":\"Svenska Jaktklubben\",\"url\":\"https:\\\/\\\/jaktklubben.com\\\/\",\"logo\":{\"@type\":\"ImageObject\",\"inLanguage\":\"de\",\"@id\":\"https:\\\/\\\/jaktklubben.com\\\/#\\\/schema\\\/logo\\\/image\\\/\",\"url\":\"https:\\\/\\\/jaktklubben.com\\\/wp-content\\\/uploads\\\/2024\\\/06\\\/Asset-1-SJK-logo.png\",\"contentUrl\":\"https:\\\/\\\/jaktklubben.com\\\/wp-content\\\/uploads\\\/2024\\\/06\\\/Asset-1-SJK-logo.png\",\"width\":2253,\"height\":378,\"caption\":\"Svenska Jaktklubben\"},\"image\":{\"@id\":\"https:\\\/\\\/jaktklubben.com\\\/#\\\/schema\\\/logo\\\/image\\\/\"}}]}<\/script>\n<!-- \/ Yoast SEO plugin. -->","yoast_head_json":{"title":"J\u00e4gerpr\u00fcfung - Svenska Jaktklubben","description":"M\u00f6chten Sie die J\u00e4gerpr\u00fcfung ablegen? Entdecken Sie die von Schwedische Jagdclub empfohlenen Ausbilder mit Erfahrung und gepr\u00fcfter Qualit\u00e4t.","robots":{"index":"index","follow":"follow","max-snippet":"max-snippet:-1","max-image-preview":"max-image-preview:large","max-video-preview":"max-video-preview:-1"},"canonical":"https:\/\/jaktklubben.com\/de\/jaegerpruefung\/","og_locale":"de_DE","og_type":"article","og_title":"J\u00e4gerpr\u00fcfung - Svenska Jaktklubben","og_description":"M\u00f6chten Sie die J\u00e4gerpr\u00fcfung ablegen? Entdecken Sie die von Schwedische Jagdclub empfohlenen Ausbilder mit Erfahrung und gepr\u00fcfter Qualit\u00e4t.","og_url":"https:\/\/jaktklubben.com\/de\/jaegerpruefung\/","og_site_name":"Svenska Jaktklubben","article_modified_time":"2026-02-26T10:11:34+00:00","og_image":[{"url":"https:\/\/jaktklubben.com\/wp-content\/uploads\/2026\/02\/66f42d89820957c12b2a252a_Sydjakt.png","type":"","width":"","height":""}],"twitter_card":"summary_large_image","twitter_misc":{"Gesch\u00e4tzte Lesezeit":"1\u00a0Minute"},"schema":{"@context":"https:\/\/schema.org","@graph":[{"@type":"WebPage","@id":"https:\/\/jaktklubben.com\/de\/jaegerpruefung\/","url":"https:\/\/jaktklubben.com\/de\/jaegerpruefung\/","name":"J\u00e4gerpr\u00fcfung - Svenska Jaktklubben","isPartOf":{"@id":"https:\/\/jaktklubben.com\/#website"},"primaryImageOfPage":{"@id":"https:\/\/jaktklubben.com\/de\/jaegerpruefung\/#primaryimage"},"image":{"@id":"https:\/\/jaktklubben.com\/de\/jaegerpruefung\/#primaryimage"},"thumbnailUrl":"https:\/\/jaktklubben.com\/wp-content\/uploads\/2026\/02\/66f42d89820957c12b2a252a_Sydjakt.png","datePublished":"2025-12-04T17:41:38+00:00","dateModified":"2026-02-26T10:11:34+00:00","description":"M\u00f6chten Sie die J\u00e4gerpr\u00fcfung ablegen? Entdecken Sie die von Schwedische Jagdclub empfohlenen Ausbilder mit Erfahrung und gepr\u00fcfter Qualit\u00e4t.","breadcrumb":{"@id":"https:\/\/jaktklubben.com\/de\/jaegerpruefung\/#breadcrumb"},"inLanguage":"de","potentialAction":[{"@type":"ReadAction","target":["https:\/\/jaktklubben.com\/de\/jaegerpruefung\/"]}]},{"@type":"ImageObject","inLanguage":"de","@id":"https:\/\/jaktklubben.com\/de\/jaegerpruefung\/#primaryimage","url":"https:\/\/jaktklubben.com\/wp-content\/uploads\/2026\/02\/66f42d89820957c12b2a252a_Sydjakt.png","contentUrl":"https:\/\/jaktklubben.com\/wp-content\/uploads\/2026\/02\/66f42d89820957c12b2a252a_Sydjakt.png"},{"@type":"BreadcrumbList","@id":"https:\/\/jaktklubben.com\/de\/jaegerpruefung\/#breadcrumb","itemListElement":[{"@type":"ListItem","position":1,"name":"Home","item":"https:\/\/jaktklubben.com\/de\/"},{"@type":"ListItem","position":2,"name":"J\u00e4gerpr\u00fcfung"}]},{"@type":"WebSite","@id":"https:\/\/jaktklubben.com\/#website","url":"https:\/\/jaktklubben.com\/","name":"Svenska Jaktklubben","description":"Swedish Hunting Club","publisher":{"@id":"https:\/\/jaktklubben.com\/#organization"},"potentialAction":[{"@type":"SearchAction","target":{"@type":"EntryPoint","urlTemplate":"https:\/\/jaktklubben.com\/?s={search_term_string}"},"query-input":{"@type":"PropertyValueSpecification","valueRequired":true,"valueName":"search_term_string"}}],"inLanguage":"de"},{"@type":"Organization","@id":"https:\/\/jaktklubben.com\/#organization","name":"Svenska Jaktklubben","url":"https:\/\/jaktklubben.com\/","logo":{"@type":"ImageObject","inLanguage":"de","@id":"https:\/\/jaktklubben.com\/#\/schema\/logo\/image\/","url":"https:\/\/jaktklubben.com\/wp-content\/uploads\/2024\/06\/Asset-1-SJK-logo.png","contentUrl":"https:\/\/jaktklubben.com\/wp-content\/uploads\/2024\/06\/Asset-1-SJK-logo.png","width":2253,"height":378,"caption":"Svenska Jaktklubben"},"image":{"@id":"https:\/\/jaktklubben.com\/#\/schema\/logo\/image\/"}}]}},"_links":{"self":[{"href":"https:\/\/jaktklubben.com\/de\/wp-json\/wp\/v2\/pages\/31070","targetHints":{"allow":["GET"]}}],"collection":[{"href":"https:\/\/jaktklubben.com\/de\/wp-json\/wp\/v2\/pages"}],"about":[{"href":"https:\/\/jaktklubben.com\/de\/wp-json\/wp\/v2\/types\/page"}],"author":[{"embeddable":true,"href":"https:\/\/jaktklubben.com\/de\/wp-json\/wp\/v2\/users\/1"}],"replies":[{"embeddable":true,"href":"https:\/\/jaktklubben.com\/de\/wp-json\/wp\/v2\/comments?post=31070"}],"version-history":[{"count":10,"href":"https:\/\/jaktklubben.com\/de\/wp-json\/wp\/v2\/pages\/31070\/revisions"}],"predecessor-version":[{"id":32754,"href":"https:\/\/jaktklubben.com\/de\/wp-json\/wp\/v2\/pages\/31070\/revisions\/32754"}],"wp:attachment":[{"href":"https:\/\/jaktklubben.com\/de\/wp-json\/wp\/v2\/media?parent=31070"}],"curies":[{"name":"wp","href":"https:\/\/api.w.org\/{rel}","templated":true}]}}