{"id":31077,"date":"2025-12-16T19:45:54","date_gmt":"2025-12-16T19:45:54","guid":{"rendered":"https:\/\/jaktklubben.com\/mitgliedschaftsbedingungen\/"},"modified":"2026-02-23T08:34:54","modified_gmt":"2026-02-23T08:34:54","slug":"mitgliedschaftsbedingungen","status":"publish","type":"page","link":"https:\/\/jaktklubben.com\/de\/mitgliedschaftsbedingungen\/","title":{"rendered":"Mitgliedschaftsbedingungen"},"content":{"rendered":"\t\t<div data-elementor-type=\"wp-page\" data-elementor-id=\"31077\" class=\"elementor elementor-31077 elementor-27045\" data-elementor-post-type=\"page\">\n\t\t\t\t\t\t<section class=\"elementor-section-with-custom-width elementor-section elementor-top-section elementor-element elementor-element-470341a page-cst-bg elementor-section-boxed elementor-section-height-default elementor-section-height-default sc_fly_static\" data-id=\"470341a\" data-element_type=\"section\" data-e-type=\"section\" data-settings=\"{&quot;background_background&quot;:&quot;classic&quot;}\">\n\t\t\t\t\t\t<div class=\"elementor-container elementor-column-gap-extended\">\n\t\t\t\t\t<div class=\"elementor-column elementor-col-100 elementor-top-column elementor-element elementor-element-1072cc1 sc_content_align_inherit sc_layouts_column_icons_position_left sc_fly_static\" data-id=\"1072cc1\" data-element_type=\"column\" data-e-type=\"column\">\n\t\t\t<div class=\"elementor-widget-wrap elementor-element-populated\">\n\t\t\t\t\t\t<div class=\"elementor-element elementor-element-f7d2f78 sc_fly_static elementor-widget elementor-widget-heading\" data-id=\"f7d2f78\" data-element_type=\"widget\" data-e-type=\"widget\" data-widget_type=\"heading.default\">\n\t\t\t\t<div class=\"elementor-widget-container\">\n\t\t\t\t\t<h2 class=\"elementor-heading-title elementor-size-default\">MITGLIEDSCHAFTSBEDINGUNGEN<\/h2>\t\t\t\t<\/div>\n\t\t\t\t<\/div>\n\t\t\t\t<div class=\"elementor-element elementor-element-5c9b762 sc_fly_static elementor-widget elementor-widget-text-editor\" data-id=\"5c9b762\" data-element_type=\"widget\" data-e-type=\"widget\" data-widget_type=\"text-editor.default\">\n\t\t\t\t<div class=\"elementor-widget-container\">\n\t\t\t\t\t\t\t\t\t<div class=\"br-dtext kursiv\"><p class=\"s6\"><span class=\"s5\">\u00a71. F\u00fcr eine Mitgliedschaft ist der Besitz eines J\u00e4gerpr\u00fcfungszeugnisses erforderlich. <\/span><\/p><p class=\"s7\"><span class=\"s5\">\u00a72. Die Werte des Jagdclubs stehen f\u00fcr gute Jagdethik, Sicherheit, gute Wild- und Naturschutz mit Verst\u00e4ndnis f\u00fcr die Natur und die Kreisl\u00e4ufe der Tiere \u2013 wobei die Jagd ein Teil davon ist, um das Gleichgewicht zu erreichen und lebensf\u00e4hige Best\u00e4nde aller Arten zu erhalten. Weiterhin steht der Jagdclub f\u00fcr gute Jagdkenntnisse, f\u00fcr gutes Verhalten im Zusammenhang<\/span> <span class=\"s5\">mit der Jagd und Respekt vor Wild- und Haustieren.<\/span><\/p><p class=\"s6\"><span class=\"s5\">\u00a73. Alkohol und Drogen <\/span><span class=\"s5\">etc.<\/span><span class=\"s5\"> sind nicht mit der Jagd verbunden.<\/span><\/p><p class=\"s6\"><span class=\"s5\">\u00a74. Nur Mitglieder des Jagdklubs sind berechtigt, das Symbol des Clubs auf einem Abzeichen zu tragen. <\/span><\/p><p class=\"s6\"><span class=\"s5\">\u00a75. Alle J\u00e4ger sind willkommen, sich zu bewerben. Der Antrag auf Mitgliedschaft erfolgt schriftlich durch Ausf\u00fcllen des Antragsformulars auf der Webseite des Jagdclubs und Beif\u00fcgen von Bild<\/span><span class=\"s5\">ern<\/span><span class=\"s5\"> des J\u00e4gerpr\u00fcfungszeugnisses und eines Ausweises. Der Bewerber muss ein echtes Jagdinteresse haben, eine &#8222;Staatliche Jagdkarte&#8220; gel\u00f6st haben, um Jagden auf der Webseite buchen zu k\u00f6nnen<\/span><span class=\"s5\">,<\/span><span class=\"s5\"> und eine akzeptable Begr\u00fcndung f\u00fcr den Mitgliedschaftsantrag abgeben.<\/span><\/p><p class=\"s6\"><span class=\"s5\">\u00a76. Das Mitglied muss zustimmen, dass der Jagdclub die pers\u00f6nlichen Daten des Mitglieds gem\u00e4\u00df den Regeln der DSGVO speichert und die <\/span><span style=\"text-decoration: underline;\"><strong><a href=\"https:\/\/jaktklubben.com\/privacy-policy\/\"><span class=\"s8\">Datenschutzrichtlinie des Jagdclubs<\/span><\/a><span class=\"s5\">.<\/span><\/strong><\/span><\/p><p class=\"s6\"><span class=\"s5\">\u00a77. Der Mitgliedsbeitrag betr\u00e4gt 485 SEK pro Jahr. Die Geb\u00fchr wird im <\/span><span class=\"s5\">Zusammenhang mit dem Antrag<\/span><span class=\"s5\"> bezahlt und jedes Jahr automatisch erneuert. Das Mitglied kann die Mitgliedschaft jederzeit beenden<\/span><span class=\"s5\">.<\/span><span class=\"s5\"> Der Jagdclub h\u00e4lt sich an das schwedische Gesetz (2014:1449) \u00fcber den Verbraucherschutz bei automatischer Vertragsverl\u00e4ngerung, sowie das schwedische Gesetz (2005:59) \u00fcber Fernabsatzvertr\u00e4ge. Das Mitglied erkl\u00e4rt sich damit einverstanden, dass f\u00fcr digitale Inhalte eine Ausnahme vom gesetzlichen Widerrufsrecht Anwendung findet. Der gezahlte Mitgliedsbeitrag wird nicht zur\u00fcckerstattet.<\/span><\/p><p class=\"s6\"><span class=\"s5\">\u00a7<\/span><span class=\"s5\">8<\/span><span class=\"s5\">. <\/span><span class=\"s5\">Die Mitglieder des Schwedischen Jagdclubs sollen Respekt gegen\u00fcber den Jagdveranstaltern zeigen<\/span><span class=\"s5\">, vor allem<\/span><span class=\"s5\">, wenn es darum geht, rechtzeitig vor der gebuchten Jagd eine <\/span><span class=\"s5\">Verhinderung<\/span><span class=\"s5\"> mitzuteilen. Viel Zeit und Arbeit wird von den Jagdveranstaltern investiert, die f\u00fcr uns alle im Schwedischen Jagdklub wichtig sind. In \u00e4hnlicher Weise sollen die Mitglieder des Jagdclubs Respekt gegen\u00fcber dem Schwedischen Jagdclub und seiner Arbeit zeigen und daran interessiert sein, dem System anzugeh\u00f6ren, das der Schwedische Jagdclub eingerichtet hat, um die Buchungen von Jagden bei Jagdanbietern und Grundbesitzern zu sichern.<\/span><\/p><p class=\"s6\"><span class=\"s5\">\u00a7<\/span><span class=\"s5\">9<\/span><span class=\"s5\">. Wenn dem Jagdclub zur Kenntnis gelangt, dass ein Mitglied gegen die Mitgliedschaftsbedingung<\/span><span class=\"s5\">en<\/span><span class=\"s5\"> verst\u00f6\u00dft, kann das Mitglied ausgeschlossen werden<\/span><span class=\"s9\">.<\/span><\/p><\/div>\t\t\t\t\t\t\t\t<\/div>\n\t\t\t\t<\/div>\n\t\t\t\t\t<\/div>\n\t\t<\/div>\n\t\t\t\t\t<\/div>\n\t\t<\/section>\n\t\t\t\t<\/div>\n\t\t","protected":false},"excerpt":{"rendered":"<p>MITGLIEDSCHAFTSBEDINGUNGEN \u00a71. F\u00fcr eine Mitgliedschaft ist der Besitz eines J\u00e4gerpr\u00fcfungszeugnisses erforderlich. \u00a72. Die Werte des Jagdclubs stehen f\u00fcr gute Jagdethik, Sicherheit, gute Wild- und Naturschutz mit Verst\u00e4ndnis f\u00fcr die Natur&hellip;<\/p>\n","protected":false},"author":1,"featured_media":0,"parent":0,"menu_order":0,"comment_status":"closed","ping_status":"closed","template":"","meta":{"_acf_changed":false,"_monsterinsights_skip_tracking":false,"_monsterinsights_sitenote_active":false,"_monsterinsights_sitenote_note":"","_monsterinsights_sitenote_category":0,"_uf_show_specific_survey":0,"_uf_disable_surveys":false,"footnotes":""},"class_list":["post-31077","page","type-page","status-publish","hentry"],"acf":[],"yoast_head":"<!-- This site is optimized with the Yoast SEO plugin v27.3 - https:\/\/yoast.com\/product\/yoast-seo-wordpress\/ -->\n<title>Mitgliedschaftsbedingungen - Svenska Jaktklubben<\/title>\n<meta name=\"description\" content=\"Mitglied im Schwedischen Jagdklub werden! Lesen Sie die Bedingungen, J\u00e4gerpr\u00fcfung, Ausweis, Geb\u00fchren und Regeln f\u00fcr sichere Jagd.\" \/>\n<meta name=\"robots\" content=\"index, follow, max-snippet:-1, max-image-preview:large, max-video-preview:-1\" \/>\n<link rel=\"canonical\" href=\"https:\/\/jaktklubben.com\/de\/mitgliedschaftsbedingungen\/\" \/>\n<meta property=\"og:locale\" content=\"de_DE\" \/>\n<meta property=\"og:type\" content=\"article\" \/>\n<meta property=\"og:title\" content=\"Mitgliedschaftsbedingungen - Svenska Jaktklubben\" \/>\n<meta property=\"og:description\" content=\"Mitglied im Schwedischen Jagdklub werden! Lesen Sie die Bedingungen, J\u00e4gerpr\u00fcfung, Ausweis, Geb\u00fchren und Regeln f\u00fcr sichere Jagd.\" \/>\n<meta property=\"og:url\" content=\"https:\/\/jaktklubben.com\/de\/mitgliedschaftsbedingungen\/\" \/>\n<meta property=\"og:site_name\" content=\"Svenska Jaktklubben\" \/>\n<meta property=\"article:modified_time\" content=\"2026-02-23T08:34:54+00:00\" \/>\n<meta name=\"twitter:card\" content=\"summary_large_image\" \/>\n<meta name=\"twitter:label1\" content=\"Gesch\u00e4tzte Lesezeit\" \/>\n\t<meta name=\"twitter:data1\" content=\"3\u00a0Minuten\" \/>\n<script type=\"application\/ld+json\" class=\"yoast-schema-graph\">{\"@context\":\"https:\\\/\\\/schema.org\",\"@graph\":[{\"@type\":\"WebPage\",\"@id\":\"https:\\\/\\\/jaktklubben.com\\\/de\\\/mitgliedschaftsbedingungen\\\/\",\"url\":\"https:\\\/\\\/jaktklubben.com\\\/de\\\/mitgliedschaftsbedingungen\\\/\",\"name\":\"Mitgliedschaftsbedingungen - Svenska Jaktklubben\",\"isPartOf\":{\"@id\":\"https:\\\/\\\/jaktklubben.com\\\/#website\"},\"datePublished\":\"2025-12-16T19:45:54+00:00\",\"dateModified\":\"2026-02-23T08:34:54+00:00\",\"description\":\"Mitglied im Schwedischen Jagdklub werden! Lesen Sie die Bedingungen, J\u00e4gerpr\u00fcfung, Ausweis, Geb\u00fchren und Regeln f\u00fcr sichere Jagd.\",\"breadcrumb\":{\"@id\":\"https:\\\/\\\/jaktklubben.com\\\/de\\\/mitgliedschaftsbedingungen\\\/#breadcrumb\"},\"inLanguage\":\"de\",\"potentialAction\":[{\"@type\":\"ReadAction\",\"target\":[\"https:\\\/\\\/jaktklubben.com\\\/de\\\/mitgliedschaftsbedingungen\\\/\"]}]},{\"@type\":\"BreadcrumbList\",\"@id\":\"https:\\\/\\\/jaktklubben.com\\\/de\\\/mitgliedschaftsbedingungen\\\/#breadcrumb\",\"itemListElement\":[{\"@type\":\"ListItem\",\"position\":1,\"name\":\"Home\",\"item\":\"https:\\\/\\\/jaktklubben.com\\\/de\\\/\"},{\"@type\":\"ListItem\",\"position\":2,\"name\":\"Mitgliedschaftsbedingungen\"}]},{\"@type\":\"WebSite\",\"@id\":\"https:\\\/\\\/jaktklubben.com\\\/#website\",\"url\":\"https:\\\/\\\/jaktklubben.com\\\/\",\"name\":\"Svenska Jaktklubben\",\"description\":\"Swedish Hunting Club\",\"publisher\":{\"@id\":\"https:\\\/\\\/jaktklubben.com\\\/#organization\"},\"potentialAction\":[{\"@type\":\"SearchAction\",\"target\":{\"@type\":\"EntryPoint\",\"urlTemplate\":\"https:\\\/\\\/jaktklubben.com\\\/?s={search_term_string}\"},\"query-input\":{\"@type\":\"PropertyValueSpecification\",\"valueRequired\":true,\"valueName\":\"search_term_string\"}}],\"inLanguage\":\"de\"},{\"@type\":\"Organization\",\"@id\":\"https:\\\/\\\/jaktklubben.com\\\/#organization\",\"name\":\"Svenska Jaktklubben\",\"url\":\"https:\\\/\\\/jaktklubben.com\\\/\",\"logo\":{\"@type\":\"ImageObject\",\"inLanguage\":\"de\",\"@id\":\"https:\\\/\\\/jaktklubben.com\\\/#\\\/schema\\\/logo\\\/image\\\/\",\"url\":\"https:\\\/\\\/jaktklubben.com\\\/wp-content\\\/uploads\\\/2024\\\/06\\\/Asset-1-SJK-logo.png\",\"contentUrl\":\"https:\\\/\\\/jaktklubben.com\\\/wp-content\\\/uploads\\\/2024\\\/06\\\/Asset-1-SJK-logo.png\",\"width\":2253,\"height\":378,\"caption\":\"Svenska Jaktklubben\"},\"image\":{\"@id\":\"https:\\\/\\\/jaktklubben.com\\\/#\\\/schema\\\/logo\\\/image\\\/\"}}]}<\/script>\n<!-- \/ Yoast SEO plugin. -->","yoast_head_json":{"title":"Mitgliedschaftsbedingungen - Svenska Jaktklubben","description":"Mitglied im Schwedischen Jagdklub werden! Lesen Sie die Bedingungen, J\u00e4gerpr\u00fcfung, Ausweis, Geb\u00fchren und Regeln f\u00fcr sichere Jagd.","robots":{"index":"index","follow":"follow","max-snippet":"max-snippet:-1","max-image-preview":"max-image-preview:large","max-video-preview":"max-video-preview:-1"},"canonical":"https:\/\/jaktklubben.com\/de\/mitgliedschaftsbedingungen\/","og_locale":"de_DE","og_type":"article","og_title":"Mitgliedschaftsbedingungen - Svenska Jaktklubben","og_description":"Mitglied im Schwedischen Jagdklub werden! Lesen Sie die Bedingungen, J\u00e4gerpr\u00fcfung, Ausweis, Geb\u00fchren und Regeln f\u00fcr sichere Jagd.","og_url":"https:\/\/jaktklubben.com\/de\/mitgliedschaftsbedingungen\/","og_site_name":"Svenska Jaktklubben","article_modified_time":"2026-02-23T08:34:54+00:00","twitter_card":"summary_large_image","twitter_misc":{"Gesch\u00e4tzte Lesezeit":"3\u00a0Minuten"},"schema":{"@context":"https:\/\/schema.org","@graph":[{"@type":"WebPage","@id":"https:\/\/jaktklubben.com\/de\/mitgliedschaftsbedingungen\/","url":"https:\/\/jaktklubben.com\/de\/mitgliedschaftsbedingungen\/","name":"Mitgliedschaftsbedingungen - Svenska Jaktklubben","isPartOf":{"@id":"https:\/\/jaktklubben.com\/#website"},"datePublished":"2025-12-16T19:45:54+00:00","dateModified":"2026-02-23T08:34:54+00:00","description":"Mitglied im Schwedischen Jagdklub werden! Lesen Sie die Bedingungen, J\u00e4gerpr\u00fcfung, Ausweis, Geb\u00fchren und Regeln f\u00fcr sichere Jagd.","breadcrumb":{"@id":"https:\/\/jaktklubben.com\/de\/mitgliedschaftsbedingungen\/#breadcrumb"},"inLanguage":"de","potentialAction":[{"@type":"ReadAction","target":["https:\/\/jaktklubben.com\/de\/mitgliedschaftsbedingungen\/"]}]},{"@type":"BreadcrumbList","@id":"https:\/\/jaktklubben.com\/de\/mitgliedschaftsbedingungen\/#breadcrumb","itemListElement":[{"@type":"ListItem","position":1,"name":"Home","item":"https:\/\/jaktklubben.com\/de\/"},{"@type":"ListItem","position":2,"name":"Mitgliedschaftsbedingungen"}]},{"@type":"WebSite","@id":"https:\/\/jaktklubben.com\/#website","url":"https:\/\/jaktklubben.com\/","name":"Svenska Jaktklubben","description":"Swedish Hunting Club","publisher":{"@id":"https:\/\/jaktklubben.com\/#organization"},"potentialAction":[{"@type":"SearchAction","target":{"@type":"EntryPoint","urlTemplate":"https:\/\/jaktklubben.com\/?s={search_term_string}"},"query-input":{"@type":"PropertyValueSpecification","valueRequired":true,"valueName":"search_term_string"}}],"inLanguage":"de"},{"@type":"Organization","@id":"https:\/\/jaktklubben.com\/#organization","name":"Svenska Jaktklubben","url":"https:\/\/jaktklubben.com\/","logo":{"@type":"ImageObject","inLanguage":"de","@id":"https:\/\/jaktklubben.com\/#\/schema\/logo\/image\/","url":"https:\/\/jaktklubben.com\/wp-content\/uploads\/2024\/06\/Asset-1-SJK-logo.png","contentUrl":"https:\/\/jaktklubben.com\/wp-content\/uploads\/2024\/06\/Asset-1-SJK-logo.png","width":2253,"height":378,"caption":"Svenska Jaktklubben"},"image":{"@id":"https:\/\/jaktklubben.com\/#\/schema\/logo\/image\/"}}]}},"_links":{"self":[{"href":"https:\/\/jaktklubben.com\/de\/wp-json\/wp\/v2\/pages\/31077","targetHints":{"allow":["GET"]}}],"collection":[{"href":"https:\/\/jaktklubben.com\/de\/wp-json\/wp\/v2\/pages"}],"about":[{"href":"https:\/\/jaktklubben.com\/de\/wp-json\/wp\/v2\/types\/page"}],"author":[{"embeddable":true,"href":"https:\/\/jaktklubben.com\/de\/wp-json\/wp\/v2\/users\/1"}],"replies":[{"embeddable":true,"href":"https:\/\/jaktklubben.com\/de\/wp-json\/wp\/v2\/comments?post=31077"}],"version-history":[{"count":11,"href":"https:\/\/jaktklubben.com\/de\/wp-json\/wp\/v2\/pages\/31077\/revisions"}],"predecessor-version":[{"id":32677,"href":"https:\/\/jaktklubben.com\/de\/wp-json\/wp\/v2\/pages\/31077\/revisions\/32677"}],"wp:attachment":[{"href":"https:\/\/jaktklubben.com\/de\/wp-json\/wp\/v2\/media?parent=31077"}],"curies":[{"name":"wp","href":"https:\/\/api.w.org\/{rel}","templated":true}]}}