{"id":31092,"date":"2025-12-07T19:14:17","date_gmt":"2025-12-07T19:14:17","guid":{"rendered":"https:\/\/jaktklubben.com\/pinewood\/"},"modified":"2026-02-17T19:20:25","modified_gmt":"2026-02-17T19:20:25","slug":"pinewood","status":"publish","type":"page","link":"https:\/\/jaktklubben.com\/de\/pinewood\/","title":{"rendered":"Pinewood"},"content":{"rendered":"\t\t<div data-elementor-type=\"wp-page\" data-elementor-id=\"31092\" class=\"elementor elementor-31092 elementor-26311\" data-elementor-post-type=\"page\">\n\t\t\t\t\t\t<section class=\"elementor-section-with-custom-width elementor-section elementor-top-section elementor-element elementor-element-6b7e7d8 page-cst-bg elementor-section-boxed elementor-section-height-default elementor-section-height-default sc_fly_static\" data-id=\"6b7e7d8\" data-element_type=\"section\" data-e-type=\"section\" data-settings=\"{&quot;background_background&quot;:&quot;classic&quot;}\">\n\t\t\t\t\t\t<div class=\"elementor-container elementor-column-gap-extended\">\n\t\t\t\t\t<div class=\"elementor-column elementor-col-100 elementor-top-column elementor-element elementor-element-89dd295 sc_content_align_inherit sc_layouts_column_icons_position_left sc_fly_static\" data-id=\"89dd295\" data-element_type=\"column\" data-e-type=\"column\">\n\t\t\t<div class=\"elementor-widget-wrap elementor-element-populated\">\n\t\t\t\t\t\t<div class=\"elementor-element elementor-element-6b82f71 sc_layouts_hide_on_tablet sc_layouts_hide_on_mobile sc_fly_static elementor-widget elementor-widget-text-editor\" data-id=\"6b82f71\" data-element_type=\"widget\" data-e-type=\"widget\" data-widget_type=\"text-editor.default\">\n\t\t\t\t<div class=\"elementor-widget-container\">\n\t\t\t\t\t\t\t\t\t<p>Die Kooperationspartner des Schwedischen Jagdclubs; JRF, PINEWOOD und SVEDEA bieten allen Mitgliedern des Jagdclubs auf unterschiedliche Weise einzigartige Vorteile und M\u00f6glichkeiten.<\/p>\t\t\t\t\t\t\t\t<\/div>\n\t\t\t\t<\/div>\n\t\t\t\t<div class=\"elementor-element elementor-element-13ed95e sc_layouts_hide_on_wide sc_layouts_hide_on_desktop sc_layouts_hide_on_notebook sc_fly_static elementor-widget elementor-widget-text-editor\" data-id=\"13ed95e\" data-element_type=\"widget\" data-e-type=\"widget\" data-widget_type=\"text-editor.default\">\n\t\t\t\t<div class=\"elementor-widget-container\">\n\t\t\t\t\t\t\t\t\t<p>Die Kooperationspartner des Schwedischen Jagdclubs; JRF, PINEWOOD und SVEDEA bieten allen Mitgliedern des Jagdclubs auf unterschiedliche Weise einzigartige Vorteile und M\u00f6glichkeiten..<\/p>\t\t\t\t\t\t\t\t<\/div>\n\t\t\t\t<\/div>\n\t\t\t\t<div class=\"elementor-element elementor-element-1be2f4c sc_height_tiny elementor-widget-divider--view-line sc_fly_static elementor-widget elementor-widget-divider\" data-id=\"1be2f4c\" data-element_type=\"widget\" data-e-type=\"widget\" data-widget_type=\"divider.default\">\n\t\t\t\t<div class=\"elementor-widget-container\">\n\t\t\t\t\t\t\t<div class=\"elementor-divider\">\n\t\t\t<span class=\"elementor-divider-separator\">\n\t\t\t\t\t\t<\/span>\n\t\t<\/div>\n\t\t\t\t\t\t<\/div>\n\t\t\t\t<\/div>\n\t\t\t\t<div class=\"elementor-element elementor-element-3889a26 sc_fly_static elementor-widget elementor-widget-image\" data-id=\"3889a26\" data-element_type=\"widget\" data-e-type=\"widget\" data-widget_type=\"image.default\">\n\t\t\t\t<div class=\"elementor-widget-container\">\n\t\t\t\t\t\t\t\t\t\t\t\t\t\t\t\t<a href=\"https:\/\/pinewood.eu\/\" target=\"_blank\">\n\t\t\t\t\t\t\t<img fetchpriority=\"high\" decoding=\"async\" width=\"1024\" height=\"313\" src=\"https:\/\/jaktklubben.com\/wp-content\/uploads\/2025\/12\/Asset-12-external-logo-1024x313.png\" class=\"attachment-large size-large wp-image-31094\" alt=\"\" srcset=\"https:\/\/jaktklubben.com\/wp-content\/uploads\/2025\/12\/Asset-12-external-logo-1024x313.png 1024w, https:\/\/jaktklubben.com\/wp-content\/uploads\/2025\/12\/Asset-12-external-logo-300x92.png 300w, https:\/\/jaktklubben.com\/wp-content\/uploads\/2025\/12\/Asset-12-external-logo-768x234.png 768w, https:\/\/jaktklubben.com\/wp-content\/uploads\/2025\/12\/Asset-12-external-logo-1536x469.png 1536w, https:\/\/jaktklubben.com\/wp-content\/uploads\/2025\/12\/Asset-12-external-logo-2048x625.png 2048w, https:\/\/jaktklubben.com\/wp-content\/uploads\/2025\/12\/Asset-12-external-logo-370x113.png 370w, https:\/\/jaktklubben.com\/wp-content\/uploads\/2025\/12\/Asset-12-external-logo-840x256.png 840w, https:\/\/jaktklubben.com\/wp-content\/uploads\/2025\/12\/Asset-12-external-logo-410x125.png 410w, https:\/\/jaktklubben.com\/wp-content\/uploads\/2025\/12\/Asset-12-external-logo-1320x403.png 1320w\" sizes=\"(max-width: 1024px) 100vw, 1024px\" \/>\t\t\t\t\t\t\t\t<\/a>\n\t\t\t\t\t\t\t\t\t\t\t\t\t\t\t<\/div>\n\t\t\t\t<\/div>\n\t\t\t\t<section class=\"elementor-section elementor-inner-section elementor-element elementor-element-662a7e2 elementor-section-full_width elementor-section-height-default elementor-section-height-default sc_fly_static\" data-id=\"662a7e2\" data-element_type=\"section\" data-e-type=\"section\">\n\t\t\t\t\t\t<div class=\"elementor-container elementor-column-gap-no\">\n\t\t\t\t\t<div class=\"elementor-column elementor-col-50 elementor-inner-column elementor-element elementor-element-fe5b277 sc_content_align_inherit sc_layouts_column_icons_position_left sc_fly_static\" data-id=\"fe5b277\" data-element_type=\"column\" data-e-type=\"column\">\n\t\t\t<div class=\"elementor-widget-wrap elementor-element-populated\">\n\t\t\t\t\t\t<div class=\"elementor-element elementor-element-d82ad92 sc_fly_static elementor-widget elementor-widget-image\" data-id=\"d82ad92\" data-element_type=\"widget\" data-e-type=\"widget\" data-widget_type=\"image.default\">\n\t\t\t\t<div class=\"elementor-widget-container\">\n\t\t\t\t\t\t\t\t\t\t\t\t\t\t\t<img decoding=\"async\" width=\"586\" height=\"520\" src=\"https:\/\/jaktklubben.com\/wp-content\/uploads\/2026\/01\/WhatsApp-Image-2026-01-10-at-03.20.13.jpeg\" class=\"attachment-large size-large wp-image-31600\" alt=\"\" srcset=\"https:\/\/jaktklubben.com\/wp-content\/uploads\/2026\/01\/WhatsApp-Image-2026-01-10-at-03.20.13.jpeg 586w, https:\/\/jaktklubben.com\/wp-content\/uploads\/2026\/01\/WhatsApp-Image-2026-01-10-at-03.20.13-300x266.jpeg 300w, https:\/\/jaktklubben.com\/wp-content\/uploads\/2026\/01\/WhatsApp-Image-2026-01-10-at-03.20.13-370x328.jpeg 370w, https:\/\/jaktklubben.com\/wp-content\/uploads\/2026\/01\/WhatsApp-Image-2026-01-10-at-03.20.13-410x364.jpeg 410w\" sizes=\"(max-width: 600px) 100vw, 586px\" \/>\t\t\t\t\t\t\t\t\t\t\t\t\t\t\t<\/div>\n\t\t\t\t<\/div>\n\t\t\t\t\t<\/div>\n\t\t<\/div>\n\t\t\t\t<div class=\"elementor-column elementor-col-50 elementor-inner-column elementor-element elementor-element-4fb1413 sc_content_align_inherit sc_layouts_column_icons_position_left sc_fly_static\" data-id=\"4fb1413\" data-element_type=\"column\" data-e-type=\"column\">\n\t\t\t<div class=\"elementor-widget-wrap elementor-element-populated\">\n\t\t\t\t\t\t<div class=\"elementor-element elementor-element-99ff997 sc_fly_static elementor-widget elementor-widget-heading\" data-id=\"99ff997\" data-element_type=\"widget\" data-e-type=\"widget\" data-widget_type=\"heading.default\">\n\t\t\t\t<div class=\"elementor-widget-container\">\n\t\t\t\t\t<h2 class=\"elementor-heading-title elementor-size-default\">LEBE DIE WILDNIS\n<\/h2>\t\t\t\t<\/div>\n\t\t\t\t<\/div>\n\t\t\t\t<div class=\"elementor-element elementor-element-c20ef30 sc_fly_static elementor-widget elementor-widget-text-editor\" data-id=\"c20ef30\" data-element_type=\"widget\" data-e-type=\"widget\" data-widget_type=\"text-editor.default\">\n\t\t\t\t<div class=\"elementor-widget-container\">\n\t\t\t\t\t\t\t\t\t<p class=\"p1\">DIE PINEWOOD-GESCHICHTE<\/p><p class=\"p1\">Wir sind Pinewood \u2013 ein Familienunternehmen aus Sm\u00e5land, verwurzelt im Wald und gepr\u00e4gt von Abenteuerlust. Seit 1996 entwickeln wir Kleidung und Ausr\u00fcstung f\u00fcr alle, die gerne wandern, jagen, angeln und einfach drau\u00dfen sind \u2013 am liebsten in guter Gesellschaft von vierbeinigen Freunden. F\u00fcr uns geht es darum, dass mehr Menschen ein aktives Leben f\u00fchren und sich in der Natur wohlf\u00fchlen k\u00f6nnen.  <\/p><p class=\"p1\">Unser Herz schl\u00e4gt in V\u00e4rnamo, wo der Wald direkt vor der T\u00fcr liegt und die Inspiration nie ausgeht. Jedes Kleidungsst\u00fcck wird mit Ausdauer, Neugier und einer guten Portion sm\u00e5l\u00e4ndischer Cleverness entworfen, getestet und verfeinert. Wir machen die Dinge richtig \u2013 damit sie halten. Wir glauben an Einfachheit, Ehrlichkeit und langfristiges Denken \u2013 denn gute Entscheidungen sollten so selbstverst\u00e4ndlich sein wie das Atmen frischer Waldluft. Von sorgf\u00e4ltig ausgew\u00e4hlten Materialien bis hin zu intelligenteren Produktionsmethoden stellen wir sicher, dass jeder Schritt nach vorn mit Respekt vor der Natur erfolgt. Ein bisschen so, als w\u00fcrde man vor einer Wanderung immer zus\u00e4tzliche Socken einpacken \u2013 es geht darum, vorbereitet zu sein, vorauszudenken und sicherzustellen, dass das, was wir hinterlassen, etwas ist, worauf wir stolz sein k\u00f6nnen.<\/p>\t\t\t\t\t\t\t\t<\/div>\n\t\t\t\t<\/div>\n\t\t\t\t\t<\/div>\n\t\t<\/div>\n\t\t\t\t\t<\/div>\n\t\t<\/section>\n\t\t\t\t<div class=\"elementor-element elementor-element-5494e78 sc_fly_static elementor-widget elementor-widget-text-editor\" data-id=\"5494e78\" data-element_type=\"widget\" data-e-type=\"widget\" data-widget_type=\"text-editor.default\">\n\t\t\t\t<div class=\"elementor-widget-container\">\n\t\t\t\t\t\t\t\t\t<div class=\"br-dtext kursiv\"><p>Unsere Vision? Die Natur zum selbstverst\u00e4ndlichen Treffpunkt zu machen, sei es eine schnelle Tasse Kaffee auf einer sonnigen Lichtung oder ein ganzer Tag im Regen mit den besten Freunden. Bei uns sollen Sie sich sicher, frei und wohlf\u00fchlen \u2013 jeden Tag, das ganze Jahr \u00fcber, bei jedem Wetter.<\/p><p>Also, schn\u00fcren Sie Ihre Stiefel, gehen Sie raus in die Natur und #EmbraceTheWild \u2013 wir sehen uns da drau\u00dfen!<\/p><p><strong>ALS MITGLIED DES SCHWEDISCHEN JAGDCLUBS BIETET IHNEN PINEWOOD 15 % RABATT AUF DAS GESAMTE SORTIMENT!<\/strong><\/p><p>Der Rabatt ist zeitlich unbegrenzt, gilt aber das ganze Jahr \u00fcber auf der Website.<\/p><p><span style=\"text-decoration: underline;\"><a href=\"https:\/\/pinewood.eu\/\" target=\"_blank\" rel=\"noopener\">Hier finden Sie einen Link zu Pinewood.<\/a><\/span><\/p><p>Um das Angebot zu nutzen, m\u00fcssen Sie Mitglied im Schwedischen Jagdclub sein und den Code eingeben, den Sie als angemeldetes Mitglied unter\u00a0<a style=\"color: #738c44;\" href=\"https:\/\/jaktklubben.com\/de\/konto\/\">&#8222;KONTO&#8220;<\/a> auf unserer Website finden.<br \/>Anschlie\u00dfend geben Sie den Rabattcode an der Kasse auf der Pinewood-Website ein, bevor Sie die Zahlung abschlie\u00dfen.<\/p><\/div>\t\t\t\t\t\t\t\t<\/div>\n\t\t\t\t<\/div>\n\t\t\t\t\t<\/div>\n\t\t<\/div>\n\t\t\t\t\t<\/div>\n\t\t<\/section>\n\t\t\t\t<\/div>\n\t\t","protected":false},"excerpt":{"rendered":"<p>Die Kooperationspartner des Schwedischen Jagdclubs; JRF, PINEWOOD und SVEDEA bieten allen Mitgliedern des Jagdclubs auf unterschiedliche Weise einzigartige Vorteile und M\u00f6glichkeiten. Die Kooperationspartner des Schwedischen Jagdclubs; JRF, PINEWOOD und SVEDEA&hellip;<\/p>\n","protected":false},"author":1,"featured_media":0,"parent":0,"menu_order":0,"comment_status":"closed","ping_status":"closed","template":"","meta":{"_acf_changed":false,"_monsterinsights_skip_tracking":false,"_monsterinsights_sitenote_active":false,"_monsterinsights_sitenote_note":"","_monsterinsights_sitenote_category":0,"_uf_show_specific_survey":0,"_uf_disable_surveys":false,"footnotes":""},"class_list":["post-31092","page","type-page","status-publish","hentry"],"acf":[],"yoast_head":"<!-- This site is optimized with the Yoast SEO plugin v27.5 - https:\/\/yoast.com\/product\/yoast-seo-wordpress\/ -->\n<title>Pinewood - Svenska Jaktklubben<\/title>\n<meta name=\"description\" content=\"Entdecken Sie unsere Partnerschaft mit Pinewood \u2013 einer familiengef\u00fchrten Outdoor-Marke aus Sm\u00e5land. Kleidung und Ausr\u00fcstung f\u00fcr Jagd, Wandern und das Leben im Freien.\" \/>\n<meta name=\"robots\" content=\"index, follow, max-snippet:-1, max-image-preview:large, max-video-preview:-1\" \/>\n<link rel=\"canonical\" href=\"https:\/\/jaktklubben.com\/de\/pinewood\/\" \/>\n<meta property=\"og:locale\" content=\"de_DE\" \/>\n<meta property=\"og:type\" content=\"article\" \/>\n<meta property=\"og:title\" content=\"Pinewood - Svenska Jaktklubben\" \/>\n<meta property=\"og:description\" content=\"Entdecken Sie unsere Partnerschaft mit Pinewood \u2013 einer familiengef\u00fchrten Outdoor-Marke aus Sm\u00e5land. Kleidung und Ausr\u00fcstung f\u00fcr Jagd, Wandern und das Leben im Freien.\" \/>\n<meta property=\"og:url\" content=\"https:\/\/jaktklubben.com\/de\/pinewood\/\" \/>\n<meta property=\"og:site_name\" content=\"Svenska Jaktklubben\" \/>\n<meta property=\"article:modified_time\" content=\"2026-02-17T19:20:25+00:00\" \/>\n<meta property=\"og:image\" content=\"https:\/\/jaktklubben.com\/wp-content\/uploads\/2025\/12\/Asset-12-external-logo-scaled.png\" \/>\n\t<meta property=\"og:image:width\" content=\"2560\" \/>\n\t<meta property=\"og:image:height\" content=\"781\" \/>\n\t<meta property=\"og:image:type\" content=\"image\/png\" \/>\n<meta name=\"twitter:card\" content=\"summary_large_image\" \/>\n<meta name=\"twitter:label1\" content=\"Gesch\u00e4tzte Lesezeit\" \/>\n\t<meta name=\"twitter:data1\" content=\"3\u00a0Minuten\" \/>\n<script type=\"application\/ld+json\" class=\"yoast-schema-graph\">{\"@context\":\"https:\\\/\\\/schema.org\",\"@graph\":[{\"@type\":\"WebPage\",\"@id\":\"https:\\\/\\\/jaktklubben.com\\\/de\\\/pinewood\\\/\",\"url\":\"https:\\\/\\\/jaktklubben.com\\\/de\\\/pinewood\\\/\",\"name\":\"Pinewood - Svenska Jaktklubben\",\"isPartOf\":{\"@id\":\"https:\\\/\\\/jaktklubben.com\\\/#website\"},\"primaryImageOfPage\":{\"@id\":\"https:\\\/\\\/jaktklubben.com\\\/de\\\/pinewood\\\/#primaryimage\"},\"image\":{\"@id\":\"https:\\\/\\\/jaktklubben.com\\\/de\\\/pinewood\\\/#primaryimage\"},\"thumbnailUrl\":\"https:\\\/\\\/jaktklubben.com\\\/wp-content\\\/uploads\\\/2025\\\/12\\\/Asset-12-external-logo-1024x313.png\",\"datePublished\":\"2025-12-07T19:14:17+00:00\",\"dateModified\":\"2026-02-17T19:20:25+00:00\",\"description\":\"Entdecken Sie unsere Partnerschaft mit Pinewood \u2013 einer familiengef\u00fchrten Outdoor-Marke aus Sm\u00e5land. Kleidung und Ausr\u00fcstung f\u00fcr Jagd, Wandern und das Leben im Freien.\",\"breadcrumb\":{\"@id\":\"https:\\\/\\\/jaktklubben.com\\\/de\\\/pinewood\\\/#breadcrumb\"},\"inLanguage\":\"de\",\"potentialAction\":[{\"@type\":\"ReadAction\",\"target\":[\"https:\\\/\\\/jaktklubben.com\\\/de\\\/pinewood\\\/\"]}]},{\"@type\":\"ImageObject\",\"inLanguage\":\"de\",\"@id\":\"https:\\\/\\\/jaktklubben.com\\\/de\\\/pinewood\\\/#primaryimage\",\"url\":\"https:\\\/\\\/jaktklubben.com\\\/wp-content\\\/uploads\\\/2025\\\/12\\\/Asset-12-external-logo-1024x313.png\",\"contentUrl\":\"https:\\\/\\\/jaktklubben.com\\\/wp-content\\\/uploads\\\/2025\\\/12\\\/Asset-12-external-logo-1024x313.png\"},{\"@type\":\"BreadcrumbList\",\"@id\":\"https:\\\/\\\/jaktklubben.com\\\/de\\\/pinewood\\\/#breadcrumb\",\"itemListElement\":[{\"@type\":\"ListItem\",\"position\":1,\"name\":\"Home\",\"item\":\"https:\\\/\\\/jaktklubben.com\\\/de\\\/\"},{\"@type\":\"ListItem\",\"position\":2,\"name\":\"Pinewood\"}]},{\"@type\":\"WebSite\",\"@id\":\"https:\\\/\\\/jaktklubben.com\\\/#website\",\"url\":\"https:\\\/\\\/jaktklubben.com\\\/\",\"name\":\"Svenska Jaktklubben\",\"description\":\"Swedish Hunting Club\",\"publisher\":{\"@id\":\"https:\\\/\\\/jaktklubben.com\\\/#organization\"},\"potentialAction\":[{\"@type\":\"SearchAction\",\"target\":{\"@type\":\"EntryPoint\",\"urlTemplate\":\"https:\\\/\\\/jaktklubben.com\\\/?s={search_term_string}\"},\"query-input\":{\"@type\":\"PropertyValueSpecification\",\"valueRequired\":true,\"valueName\":\"search_term_string\"}}],\"inLanguage\":\"de\"},{\"@type\":\"Organization\",\"@id\":\"https:\\\/\\\/jaktklubben.com\\\/#organization\",\"name\":\"Svenska Jaktklubben\",\"url\":\"https:\\\/\\\/jaktklubben.com\\\/\",\"logo\":{\"@type\":\"ImageObject\",\"inLanguage\":\"de\",\"@id\":\"https:\\\/\\\/jaktklubben.com\\\/#\\\/schema\\\/logo\\\/image\\\/\",\"url\":\"https:\\\/\\\/jaktklubben.com\\\/wp-content\\\/uploads\\\/2024\\\/06\\\/Asset-1-SJK-logo.png\",\"contentUrl\":\"https:\\\/\\\/jaktklubben.com\\\/wp-content\\\/uploads\\\/2024\\\/06\\\/Asset-1-SJK-logo.png\",\"width\":2253,\"height\":378,\"caption\":\"Svenska Jaktklubben\"},\"image\":{\"@id\":\"https:\\\/\\\/jaktklubben.com\\\/#\\\/schema\\\/logo\\\/image\\\/\"}}]}<\/script>\n<!-- \/ Yoast SEO plugin. -->","yoast_head_json":{"title":"Pinewood - Svenska Jaktklubben","description":"Entdecken Sie unsere Partnerschaft mit Pinewood \u2013 einer familiengef\u00fchrten Outdoor-Marke aus Sm\u00e5land. Kleidung und Ausr\u00fcstung f\u00fcr Jagd, Wandern und das Leben im Freien.","robots":{"index":"index","follow":"follow","max-snippet":"max-snippet:-1","max-image-preview":"max-image-preview:large","max-video-preview":"max-video-preview:-1"},"canonical":"https:\/\/jaktklubben.com\/de\/pinewood\/","og_locale":"de_DE","og_type":"article","og_title":"Pinewood - Svenska Jaktklubben","og_description":"Entdecken Sie unsere Partnerschaft mit Pinewood \u2013 einer familiengef\u00fchrten Outdoor-Marke aus Sm\u00e5land. Kleidung und Ausr\u00fcstung f\u00fcr Jagd, Wandern und das Leben im Freien.","og_url":"https:\/\/jaktklubben.com\/de\/pinewood\/","og_site_name":"Svenska Jaktklubben","article_modified_time":"2026-02-17T19:20:25+00:00","og_image":[{"width":2560,"height":781,"url":"https:\/\/jaktklubben.com\/wp-content\/uploads\/2025\/12\/Asset-12-external-logo-scaled.png","type":"image\/png"}],"twitter_card":"summary_large_image","twitter_misc":{"Gesch\u00e4tzte Lesezeit":"3\u00a0Minuten"},"schema":{"@context":"https:\/\/schema.org","@graph":[{"@type":"WebPage","@id":"https:\/\/jaktklubben.com\/de\/pinewood\/","url":"https:\/\/jaktklubben.com\/de\/pinewood\/","name":"Pinewood - Svenska Jaktklubben","isPartOf":{"@id":"https:\/\/jaktklubben.com\/#website"},"primaryImageOfPage":{"@id":"https:\/\/jaktklubben.com\/de\/pinewood\/#primaryimage"},"image":{"@id":"https:\/\/jaktklubben.com\/de\/pinewood\/#primaryimage"},"thumbnailUrl":"https:\/\/jaktklubben.com\/wp-content\/uploads\/2025\/12\/Asset-12-external-logo-1024x313.png","datePublished":"2025-12-07T19:14:17+00:00","dateModified":"2026-02-17T19:20:25+00:00","description":"Entdecken Sie unsere Partnerschaft mit Pinewood \u2013 einer familiengef\u00fchrten Outdoor-Marke aus Sm\u00e5land. Kleidung und Ausr\u00fcstung f\u00fcr Jagd, Wandern und das Leben im Freien.","breadcrumb":{"@id":"https:\/\/jaktklubben.com\/de\/pinewood\/#breadcrumb"},"inLanguage":"de","potentialAction":[{"@type":"ReadAction","target":["https:\/\/jaktklubben.com\/de\/pinewood\/"]}]},{"@type":"ImageObject","inLanguage":"de","@id":"https:\/\/jaktklubben.com\/de\/pinewood\/#primaryimage","url":"https:\/\/jaktklubben.com\/wp-content\/uploads\/2025\/12\/Asset-12-external-logo-1024x313.png","contentUrl":"https:\/\/jaktklubben.com\/wp-content\/uploads\/2025\/12\/Asset-12-external-logo-1024x313.png"},{"@type":"BreadcrumbList","@id":"https:\/\/jaktklubben.com\/de\/pinewood\/#breadcrumb","itemListElement":[{"@type":"ListItem","position":1,"name":"Home","item":"https:\/\/jaktklubben.com\/de\/"},{"@type":"ListItem","position":2,"name":"Pinewood"}]},{"@type":"WebSite","@id":"https:\/\/jaktklubben.com\/#website","url":"https:\/\/jaktklubben.com\/","name":"Svenska Jaktklubben","description":"Swedish Hunting Club","publisher":{"@id":"https:\/\/jaktklubben.com\/#organization"},"potentialAction":[{"@type":"SearchAction","target":{"@type":"EntryPoint","urlTemplate":"https:\/\/jaktklubben.com\/?s={search_term_string}"},"query-input":{"@type":"PropertyValueSpecification","valueRequired":true,"valueName":"search_term_string"}}],"inLanguage":"de"},{"@type":"Organization","@id":"https:\/\/jaktklubben.com\/#organization","name":"Svenska Jaktklubben","url":"https:\/\/jaktklubben.com\/","logo":{"@type":"ImageObject","inLanguage":"de","@id":"https:\/\/jaktklubben.com\/#\/schema\/logo\/image\/","url":"https:\/\/jaktklubben.com\/wp-content\/uploads\/2024\/06\/Asset-1-SJK-logo.png","contentUrl":"https:\/\/jaktklubben.com\/wp-content\/uploads\/2024\/06\/Asset-1-SJK-logo.png","width":2253,"height":378,"caption":"Svenska Jaktklubben"},"image":{"@id":"https:\/\/jaktklubben.com\/#\/schema\/logo\/image\/"}}]}},"_links":{"self":[{"href":"https:\/\/jaktklubben.com\/de\/wp-json\/wp\/v2\/pages\/31092","targetHints":{"allow":["GET"]}}],"collection":[{"href":"https:\/\/jaktklubben.com\/de\/wp-json\/wp\/v2\/pages"}],"about":[{"href":"https:\/\/jaktklubben.com\/de\/wp-json\/wp\/v2\/types\/page"}],"author":[{"embeddable":true,"href":"https:\/\/jaktklubben.com\/de\/wp-json\/wp\/v2\/users\/1"}],"replies":[{"embeddable":true,"href":"https:\/\/jaktklubben.com\/de\/wp-json\/wp\/v2\/comments?post=31092"}],"version-history":[{"count":13,"href":"https:\/\/jaktklubben.com\/de\/wp-json\/wp\/v2\/pages\/31092\/revisions"}],"predecessor-version":[{"id":32521,"href":"https:\/\/jaktklubben.com\/de\/wp-json\/wp\/v2\/pages\/31092\/revisions\/32521"}],"wp:attachment":[{"href":"https:\/\/jaktklubben.com\/de\/wp-json\/wp\/v2\/media?parent=31092"}],"curies":[{"name":"wp","href":"https:\/\/api.w.org\/{rel}","templated":true}]}}