{"id":31096,"date":"2025-12-07T19:23:11","date_gmt":"2025-12-07T19:23:11","guid":{"rendered":"https:\/\/jaktklubben.com\/svedea\/"},"modified":"2026-02-03T13:32:01","modified_gmt":"2026-02-03T13:32:01","slug":"svedea","status":"publish","type":"page","link":"https:\/\/jaktklubben.com\/de\/svedea\/","title":{"rendered":"Svedea"},"content":{"rendered":"\t\t<div data-elementor-type=\"wp-page\" data-elementor-id=\"31096\" class=\"elementor elementor-31096 elementor-26325\" data-elementor-post-type=\"page\">\n\t\t\t\t\t\t<section class=\"elementor-section-with-custom-width elementor-section elementor-top-section elementor-element elementor-element-0e658dc page-cst-bg elementor-section-boxed elementor-section-height-default elementor-section-height-default sc_fly_static\" data-id=\"0e658dc\" data-element_type=\"section\" data-e-type=\"section\" data-settings=\"{&quot;background_background&quot;:&quot;classic&quot;}\">\n\t\t\t\t\t\t<div class=\"elementor-container elementor-column-gap-extended\">\n\t\t\t\t\t<div class=\"elementor-column elementor-col-100 elementor-top-column elementor-element elementor-element-af8728c sc_content_align_inherit sc_layouts_column_icons_position_left sc_fly_static\" data-id=\"af8728c\" data-element_type=\"column\" data-e-type=\"column\">\n\t\t\t<div class=\"elementor-widget-wrap elementor-element-populated\">\n\t\t\t\t\t\t<div class=\"elementor-element elementor-element-629ff58 sc_layouts_hide_on_tablet sc_layouts_hide_on_mobile sc_fly_static elementor-widget elementor-widget-text-editor\" data-id=\"629ff58\" data-element_type=\"widget\" data-e-type=\"widget\" data-widget_type=\"text-editor.default\">\n\t\t\t\t<div class=\"elementor-widget-container\">\n\t\t\t\t\t\t\t\t\t<p>Die Kooperationspartner des Schwedischen Jagdclubs; JRF, PINEWOOD und SVEDEA bieten allen Mitgliedern des Jagdclubs auf unterschiedliche Weise einzigartige Vorteile und M\u00f6glichkeiten.<\/p>\t\t\t\t\t\t\t\t<\/div>\n\t\t\t\t<\/div>\n\t\t\t\t<div class=\"elementor-element elementor-element-008c679 sc_layouts_hide_on_wide sc_layouts_hide_on_desktop sc_layouts_hide_on_notebook sc_fly_static elementor-widget elementor-widget-text-editor\" data-id=\"008c679\" data-element_type=\"widget\" data-e-type=\"widget\" data-widget_type=\"text-editor.default\">\n\t\t\t\t<div class=\"elementor-widget-container\">\n\t\t\t\t\t\t\t\t\t<p>Die Kooperationspartner des Schwedischen Jagdclubs; JRF, PINEWOOD und SVEDEA bieten allen Mitgliedern des Jagdclubs auf unterschiedliche Weise einzigartige Vorteile und M\u00f6glichkeiten.<\/p>\t\t\t\t\t\t\t\t<\/div>\n\t\t\t\t<\/div>\n\t\t\t\t<div class=\"elementor-element elementor-element-1e8276f sc_height_tiny elementor-widget-divider--view-line sc_fly_static elementor-widget elementor-widget-divider\" data-id=\"1e8276f\" data-element_type=\"widget\" data-e-type=\"widget\" data-widget_type=\"divider.default\">\n\t\t\t\t<div class=\"elementor-widget-container\">\n\t\t\t\t\t\t\t<div class=\"elementor-divider\">\n\t\t\t<span class=\"elementor-divider-separator\">\n\t\t\t\t\t\t<\/span>\n\t\t<\/div>\n\t\t\t\t\t\t<\/div>\n\t\t\t\t<\/div>\n\t\t\t\t<div class=\"elementor-element elementor-element-c30781b sc_fly_static elementor-widget elementor-widget-image\" data-id=\"c30781b\" data-element_type=\"widget\" data-e-type=\"widget\" data-widget_type=\"image.default\">\n\t\t\t\t<div class=\"elementor-widget-container\">\n\t\t\t\t\t\t\t\t\t\t\t\t\t\t\t\t<a href=\"https:\/\/www.svedea.se\/djurforsakring\/vara-ombud\/kungalv-ann-christin-skrucha\" target=\"_blank\">\n\t\t\t\t\t\t\t<img fetchpriority=\"high\" decoding=\"async\" width=\"1024\" height=\"207\" src=\"https:\/\/jaktklubben.com\/wp-content\/uploads\/2025\/12\/Asset-10-external-logo-1024x207.png\" class=\"attachment-large size-large wp-image-31097\" alt=\"\" srcset=\"https:\/\/jaktklubben.com\/wp-content\/uploads\/2025\/12\/Asset-10-external-logo-1024x207.png 1024w, https:\/\/jaktklubben.com\/wp-content\/uploads\/2025\/12\/Asset-10-external-logo-300x61.png 300w, https:\/\/jaktklubben.com\/wp-content\/uploads\/2025\/12\/Asset-10-external-logo-768x155.png 768w, https:\/\/jaktklubben.com\/wp-content\/uploads\/2025\/12\/Asset-10-external-logo-1536x310.png 1536w, https:\/\/jaktklubben.com\/wp-content\/uploads\/2025\/12\/Asset-10-external-logo-2048x414.png 2048w, https:\/\/jaktklubben.com\/wp-content\/uploads\/2025\/12\/Asset-10-external-logo-370x75.png 370w, https:\/\/jaktklubben.com\/wp-content\/uploads\/2025\/12\/Asset-10-external-logo-840x170.png 840w, https:\/\/jaktklubben.com\/wp-content\/uploads\/2025\/12\/Asset-10-external-logo-410x83.png 410w, https:\/\/jaktklubben.com\/wp-content\/uploads\/2025\/12\/Asset-10-external-logo-1320x267.png 1320w\" sizes=\"(max-width: 1024px) 100vw, 1024px\" \/>\t\t\t\t\t\t\t\t<\/a>\n\t\t\t\t\t\t\t\t\t\t\t\t\t\t\t<\/div>\n\t\t\t\t<\/div>\n\t\t\t\t<section class=\"elementor-section elementor-inner-section elementor-element elementor-element-5828314 elementor-section-full_width elementor-section-height-default elementor-section-height-default sc_fly_static\" data-id=\"5828314\" data-element_type=\"section\" data-e-type=\"section\">\n\t\t\t\t\t\t<div class=\"elementor-container elementor-column-gap-no\">\n\t\t\t\t\t<div class=\"elementor-column elementor-col-50 elementor-inner-column elementor-element elementor-element-eea6007 sc_content_align_inherit sc_layouts_column_icons_position_left sc_fly_static\" data-id=\"eea6007\" data-element_type=\"column\" data-e-type=\"column\">\n\t\t\t<div class=\"elementor-widget-wrap elementor-element-populated\">\n\t\t\t\t\t\t<div class=\"elementor-element elementor-element-9d99e8e sc_fly_static elementor-widget elementor-widget-image\" data-id=\"9d99e8e\" data-element_type=\"widget\" data-e-type=\"widget\" data-widget_type=\"image.default\">\n\t\t\t\t<div class=\"elementor-widget-container\">\n\t\t\t\t\t\t\t\t\t\t\t\t\t\t\t<img decoding=\"async\" width=\"586\" height=\"520\" src=\"https:\/\/jaktklubben.com\/wp-content\/uploads\/2026\/01\/WhatsApp-Image-2026-01-10-at-03.20.13-5.jpeg\" class=\"attachment-large size-large wp-image-31098\" alt=\"\" srcset=\"https:\/\/jaktklubben.com\/wp-content\/uploads\/2026\/01\/WhatsApp-Image-2026-01-10-at-03.20.13-5.jpeg 586w, https:\/\/jaktklubben.com\/wp-content\/uploads\/2026\/01\/WhatsApp-Image-2026-01-10-at-03.20.13-5-300x266.jpeg 300w, https:\/\/jaktklubben.com\/wp-content\/uploads\/2026\/01\/WhatsApp-Image-2026-01-10-at-03.20.13-5-370x328.jpeg 370w, https:\/\/jaktklubben.com\/wp-content\/uploads\/2026\/01\/WhatsApp-Image-2026-01-10-at-03.20.13-5-410x364.jpeg 410w\" sizes=\"(max-width: 600px) 100vw, 586px\" \/>\t\t\t\t\t\t\t\t\t\t\t\t\t\t\t<\/div>\n\t\t\t\t<\/div>\n\t\t\t\t\t<\/div>\n\t\t<\/div>\n\t\t\t\t<div class=\"elementor-column elementor-col-50 elementor-inner-column elementor-element elementor-element-c68dbbb sc_content_align_inherit sc_layouts_column_icons_position_left sc_fly_static\" data-id=\"c68dbbb\" data-element_type=\"column\" data-e-type=\"column\">\n\t\t\t<div class=\"elementor-widget-wrap elementor-element-populated\">\n\t\t\t\t\t\t<div class=\"elementor-element elementor-element-23d5cff sc_fly_static elementor-widget elementor-widget-heading\" data-id=\"23d5cff\" data-element_type=\"widget\" data-e-type=\"widget\" data-widget_type=\"heading.default\">\n\t\t\t\t<div class=\"elementor-widget-container\">\n\t\t\t\t\t<h2 class=\"elementor-heading-title elementor-size-default\">GEBEN SIE IHREM BESTEN FREUND EINEN SICHEREN SCHUTZ<\/h2>\t\t\t\t<\/div>\n\t\t\t\t<\/div>\n\t\t\t\t<div class=\"elementor-element elementor-element-b675474 sc_fly_static elementor-widget elementor-widget-text-editor\" data-id=\"b675474\" data-element_type=\"widget\" data-e-type=\"widget\" data-widget_type=\"text-editor.default\">\n\t\t\t\t<div class=\"elementor-widget-container\">\n\t\t\t\t\t\t\t\t\t<p class=\"p1\">HUNDEVERSICHERUNG<\/p><p class=\"p2\">Wir von Svedea wissen, dass alle Hunde unterschiedlich sind und haben daher unsere Hundeversicherung ohne feste Pakete gestaltet. Stattdessen w\u00e4hlen Sie einfach eine Erstattungsh\u00f6he und wir bieten Ihnen vollen Schutz. <\/p><p class=\"p2\">Die Erstattungsh\u00f6hen, die Sie w\u00e4hlen k\u00f6nnen, sind: <\/p><ul class=\"ul1\"><li class=\"li2\">30.000 Kronen<\/li><li class=\"li2\">60.000 Kronen<\/li><li class=\"li2\">90.000 Kronen<\/li><\/ul><p class=\"p2\">F\u00fcr viele Hundehalter reichen 60.000 Kronen f\u00fcr ein Jahr aus, daher ist dies die Erstattungsh\u00f6he, die die meisten unserer Kunden w\u00e4hlen. Sie deckt oft das meiste ab, was ben\u00f6tigt wird, wie Untersuchungen, Operationen und Nachsorge.  <\/p><p class=\"p2\"><span style=\"text-decoration: underline;\"><a href=\"https:\/\/www.svedea.se\/hundforsakring\" target=\"_blank\" rel=\"noopener\">Mehr Informationen zur Hundeversicherung finden Sie <span class=\"s1\">hier<\/span>.<\/a><\/span><\/p>\t\t\t\t\t\t\t\t<\/div>\n\t\t\t\t<\/div>\n\t\t\t\t\t<\/div>\n\t\t<\/div>\n\t\t\t\t\t<\/div>\n\t\t<\/section>\n\t\t\t\t<div class=\"elementor-element elementor-element-2d1f479 sc_fly_static elementor-widget elementor-widget-text-editor\" data-id=\"2d1f479\" data-element_type=\"widget\" data-e-type=\"widget\" data-widget_type=\"text-editor.default\">\n\t\t\t\t<div class=\"elementor-widget-container\">\n\t\t\t\t\t\t\t\t\t<div class=\"br-dtext kursiv\"><p>JAGDHUNDEVERSICHERUNG<\/p><p class=\"p1\">Wir von Svedea finden es selbstverst\u00e4ndlich, dass Ihr Hund eine gute Versicherung haben sollte, wenn Sie auf der Jagd sind. Deshalb bieten wir eine Jagdhundeversicherung f\u00fcr diejenigen an, die einen staatlichen Jagdschein besitzen und mit ihrem Hund jagen oder f\u00fcr die Jagd trainieren.<\/p><p class=\"p1\">Unsere Jagdhundeversicherung besteht aus einer Tierarztkostenversicherung. Zus\u00e4tzlich k\u00f6nnen Sie eine Lebensversicherung mit eingeschlossener Gebrauchstauglichkeitsversicherung oder eine Zuchtversicherung abschlie\u00dfen. Wenn Sie Wildschweine jagen, bieten wir auch eine Zusatzversicherung an, mit der Sie im Falle eines Wildschweinschadens keine Selbstbeteiligung zahlen m\u00fcssen.<\/p><p><a href=\"https:\/\/www.svedea.se\/jakthundsforsakring\" target=\"_blank\" rel=\"noopener\"><span style=\"text-decoration: underline;\">Hier finden Sie weitere Informationen zur Jagdhundeversicherung.<\/span><\/a><\/p><p class=\"p1\"><strong>ALS MITGLIED DES SCHWEDISCHEN JAGDCLUBS BIETET SVEDEA 5 % AUF ALLE TIERVERSICHERUNGEN (HUND UND\/ODER KATZE).<\/strong><\/p><p>PERS\u00d6NLICHER VERTRETER<\/p><p class=\"p1\">Um Ihnen die Anmeldung einer Versicherung f\u00fcr Ihren Hund (oder Ihre Katze) bei Svedea zu erleichtern, erhalten Sie \u00fcber den Schwedischen Jagdclub einen pers\u00f6nlichen Vertreter mit 40 Jahren Erfahrung mit Jagdhunden.<\/p><p class=\"p1\">Z\u00f6gern Sie nicht, Ann-Christin Skrucha bez\u00fcglich eines Vorschlags f\u00fcr eine geeignete Versicherung f\u00fcr Ihren Hund oder Ihre Katze zu kontaktieren.<br \/>Sie erreichen sie an allen Tagen der Woche, auch samstags und sonntags. An Wochentagen am besten nachmittags und abends.<\/p><p><a href=\"https:\/\/www.svedea.se\/djurforsakring\/vara-ombud\/kungalv-ann-christin-skrucha\" target=\"_blank\" rel=\"noopener\"><span style=\"text-decoration: underline;\">Hier finden Sie die vollst\u00e4ndigen Kontaktinformationen f\u00fcr Ann-Christin Skrucha.<\/span><\/a><\/p><\/div>\t\t\t\t\t\t\t\t<\/div>\n\t\t\t\t<\/div>\n\t\t\t\t\t<\/div>\n\t\t<\/div>\n\t\t\t\t\t<\/div>\n\t\t<\/section>\n\t\t\t\t<\/div>\n\t\t","protected":false},"excerpt":{"rendered":"<p>Die Kooperationspartner des Schwedischen Jagdclubs; JRF, PINEWOOD und SVEDEA bieten allen Mitgliedern des Jagdclubs auf unterschiedliche Weise einzigartige Vorteile und M\u00f6glichkeiten. Die Kooperationspartner des Schwedischen Jagdclubs; JRF, PINEWOOD und SVEDEA&hellip;<\/p>\n","protected":false},"author":1,"featured_media":0,"parent":0,"menu_order":0,"comment_status":"closed","ping_status":"closed","template":"","meta":{"_acf_changed":false,"_monsterinsights_skip_tracking":false,"_monsterinsights_sitenote_active":false,"_monsterinsights_sitenote_note":"","_monsterinsights_sitenote_category":0,"_uf_show_specific_survey":0,"_uf_disable_surveys":false,"footnotes":""},"class_list":["post-31096","page","type-page","status-publish","hentry"],"acf":[],"yoast_head":"<!-- This site is optimized with the Yoast SEO plugin v27.3 - https:\/\/yoast.com\/product\/yoast-seo-wordpress\/ -->\n<title>Svedea - Svenska Jaktklubben<\/title>\n<meta name=\"description\" content=\"Svedea ist Partner des Schwedischen Jagdklubs. Hund- oder Jagdhundversicherung mit pers\u00f6nlichem Vertreter und Mitglieder-Rabatt.\" \/>\n<meta name=\"robots\" content=\"index, follow, max-snippet:-1, max-image-preview:large, max-video-preview:-1\" \/>\n<link rel=\"canonical\" href=\"https:\/\/jaktklubben.com\/svedea\/\" \/>\n<meta property=\"og:locale\" content=\"de_DE\" \/>\n<meta property=\"og:type\" content=\"article\" \/>\n<meta property=\"og:title\" content=\"Svedea - Svenska Jaktklubben\" \/>\n<meta property=\"og:description\" content=\"Svedea ist Partner des Schwedischen Jagdklubs. Hund- oder Jagdhundversicherung mit pers\u00f6nlichem Vertreter und Mitglieder-Rabatt.\" \/>\n<meta property=\"og:url\" content=\"https:\/\/jaktklubben.com\/svedea\/\" \/>\n<meta property=\"og:site_name\" content=\"Svenska Jaktklubben\" \/>\n<meta property=\"article:modified_time\" content=\"2026-02-03T13:32:01+00:00\" \/>\n<meta property=\"og:image\" content=\"https:\/\/jaktklubben.com\/wp-content\/uploads\/2025\/12\/Asset-10-external-logo-1024x207.png\" \/>\n<meta name=\"twitter:card\" content=\"summary_large_image\" \/>\n<meta name=\"twitter:label1\" content=\"Gesch\u00e4tzte Lesezeit\" \/>\n\t<meta name=\"twitter:data1\" content=\"3\u00a0Minuten\" \/>\n<script type=\"application\/ld+json\" class=\"yoast-schema-graph\">{\"@context\":\"https:\\\/\\\/schema.org\",\"@graph\":[{\"@type\":\"WebPage\",\"@id\":\"https:\\\/\\\/jaktklubben.com\\\/svedea\\\/\",\"url\":\"https:\\\/\\\/jaktklubben.com\\\/svedea\\\/\",\"name\":\"Svedea - Svenska Jaktklubben\",\"isPartOf\":{\"@id\":\"https:\\\/\\\/jaktklubben.com\\\/#website\"},\"primaryImageOfPage\":{\"@id\":\"https:\\\/\\\/jaktklubben.com\\\/svedea\\\/#primaryimage\"},\"image\":{\"@id\":\"https:\\\/\\\/jaktklubben.com\\\/svedea\\\/#primaryimage\"},\"thumbnailUrl\":\"https:\\\/\\\/jaktklubben.com\\\/wp-content\\\/uploads\\\/2025\\\/12\\\/Asset-10-external-logo-1024x207.png\",\"datePublished\":\"2025-12-07T19:23:11+00:00\",\"dateModified\":\"2026-02-03T13:32:01+00:00\",\"description\":\"Svedea ist Partner des Schwedischen Jagdklubs. Hund- oder Jagdhundversicherung mit pers\u00f6nlichem Vertreter und Mitglieder-Rabatt.\",\"breadcrumb\":{\"@id\":\"https:\\\/\\\/jaktklubben.com\\\/svedea\\\/#breadcrumb\"},\"inLanguage\":\"de\",\"potentialAction\":[{\"@type\":\"ReadAction\",\"target\":[\"https:\\\/\\\/jaktklubben.com\\\/svedea\\\/\"]}]},{\"@type\":\"ImageObject\",\"inLanguage\":\"de\",\"@id\":\"https:\\\/\\\/jaktklubben.com\\\/svedea\\\/#primaryimage\",\"url\":\"https:\\\/\\\/jaktklubben.com\\\/wp-content\\\/uploads\\\/2025\\\/12\\\/Asset-10-external-logo-1024x207.png\",\"contentUrl\":\"https:\\\/\\\/jaktklubben.com\\\/wp-content\\\/uploads\\\/2025\\\/12\\\/Asset-10-external-logo-1024x207.png\"},{\"@type\":\"BreadcrumbList\",\"@id\":\"https:\\\/\\\/jaktklubben.com\\\/svedea\\\/#breadcrumb\",\"itemListElement\":[{\"@type\":\"ListItem\",\"position\":1,\"name\":\"Home\",\"item\":\"https:\\\/\\\/jaktklubben.com\\\/de\\\/\"},{\"@type\":\"ListItem\",\"position\":2,\"name\":\"Svedea\"}]},{\"@type\":\"WebSite\",\"@id\":\"https:\\\/\\\/jaktklubben.com\\\/#website\",\"url\":\"https:\\\/\\\/jaktklubben.com\\\/\",\"name\":\"Svenska Jaktklubben\",\"description\":\"Swedish Hunting Club\",\"publisher\":{\"@id\":\"https:\\\/\\\/jaktklubben.com\\\/#organization\"},\"potentialAction\":[{\"@type\":\"SearchAction\",\"target\":{\"@type\":\"EntryPoint\",\"urlTemplate\":\"https:\\\/\\\/jaktklubben.com\\\/?s={search_term_string}\"},\"query-input\":{\"@type\":\"PropertyValueSpecification\",\"valueRequired\":true,\"valueName\":\"search_term_string\"}}],\"inLanguage\":\"de\"},{\"@type\":\"Organization\",\"@id\":\"https:\\\/\\\/jaktklubben.com\\\/#organization\",\"name\":\"Svenska Jaktklubben\",\"url\":\"https:\\\/\\\/jaktklubben.com\\\/\",\"logo\":{\"@type\":\"ImageObject\",\"inLanguage\":\"de\",\"@id\":\"https:\\\/\\\/jaktklubben.com\\\/#\\\/schema\\\/logo\\\/image\\\/\",\"url\":\"https:\\\/\\\/jaktklubben.com\\\/wp-content\\\/uploads\\\/2024\\\/06\\\/Asset-1-SJK-logo.png\",\"contentUrl\":\"https:\\\/\\\/jaktklubben.com\\\/wp-content\\\/uploads\\\/2024\\\/06\\\/Asset-1-SJK-logo.png\",\"width\":2253,\"height\":378,\"caption\":\"Svenska Jaktklubben\"},\"image\":{\"@id\":\"https:\\\/\\\/jaktklubben.com\\\/#\\\/schema\\\/logo\\\/image\\\/\"}}]}<\/script>\n<!-- \/ Yoast SEO plugin. -->","yoast_head_json":{"title":"Svedea - Svenska Jaktklubben","description":"Svedea ist Partner des Schwedischen Jagdklubs. Hund- oder Jagdhundversicherung mit pers\u00f6nlichem Vertreter und Mitglieder-Rabatt.","robots":{"index":"index","follow":"follow","max-snippet":"max-snippet:-1","max-image-preview":"max-image-preview:large","max-video-preview":"max-video-preview:-1"},"canonical":"https:\/\/jaktklubben.com\/svedea\/","og_locale":"de_DE","og_type":"article","og_title":"Svedea - Svenska Jaktklubben","og_description":"Svedea ist Partner des Schwedischen Jagdklubs. Hund- oder Jagdhundversicherung mit pers\u00f6nlichem Vertreter und Mitglieder-Rabatt.","og_url":"https:\/\/jaktklubben.com\/svedea\/","og_site_name":"Svenska Jaktklubben","article_modified_time":"2026-02-03T13:32:01+00:00","og_image":[{"url":"https:\/\/jaktklubben.com\/wp-content\/uploads\/2025\/12\/Asset-10-external-logo-1024x207.png","type":"","width":"","height":""}],"twitter_card":"summary_large_image","twitter_misc":{"Gesch\u00e4tzte Lesezeit":"3\u00a0Minuten"},"schema":{"@context":"https:\/\/schema.org","@graph":[{"@type":"WebPage","@id":"https:\/\/jaktklubben.com\/svedea\/","url":"https:\/\/jaktklubben.com\/svedea\/","name":"Svedea - Svenska Jaktklubben","isPartOf":{"@id":"https:\/\/jaktklubben.com\/#website"},"primaryImageOfPage":{"@id":"https:\/\/jaktklubben.com\/svedea\/#primaryimage"},"image":{"@id":"https:\/\/jaktklubben.com\/svedea\/#primaryimage"},"thumbnailUrl":"https:\/\/jaktklubben.com\/wp-content\/uploads\/2025\/12\/Asset-10-external-logo-1024x207.png","datePublished":"2025-12-07T19:23:11+00:00","dateModified":"2026-02-03T13:32:01+00:00","description":"Svedea ist Partner des Schwedischen Jagdklubs. Hund- oder Jagdhundversicherung mit pers\u00f6nlichem Vertreter und Mitglieder-Rabatt.","breadcrumb":{"@id":"https:\/\/jaktklubben.com\/svedea\/#breadcrumb"},"inLanguage":"de","potentialAction":[{"@type":"ReadAction","target":["https:\/\/jaktklubben.com\/svedea\/"]}]},{"@type":"ImageObject","inLanguage":"de","@id":"https:\/\/jaktklubben.com\/svedea\/#primaryimage","url":"https:\/\/jaktklubben.com\/wp-content\/uploads\/2025\/12\/Asset-10-external-logo-1024x207.png","contentUrl":"https:\/\/jaktklubben.com\/wp-content\/uploads\/2025\/12\/Asset-10-external-logo-1024x207.png"},{"@type":"BreadcrumbList","@id":"https:\/\/jaktklubben.com\/svedea\/#breadcrumb","itemListElement":[{"@type":"ListItem","position":1,"name":"Home","item":"https:\/\/jaktklubben.com\/de\/"},{"@type":"ListItem","position":2,"name":"Svedea"}]},{"@type":"WebSite","@id":"https:\/\/jaktklubben.com\/#website","url":"https:\/\/jaktklubben.com\/","name":"Svenska Jaktklubben","description":"Swedish Hunting Club","publisher":{"@id":"https:\/\/jaktklubben.com\/#organization"},"potentialAction":[{"@type":"SearchAction","target":{"@type":"EntryPoint","urlTemplate":"https:\/\/jaktklubben.com\/?s={search_term_string}"},"query-input":{"@type":"PropertyValueSpecification","valueRequired":true,"valueName":"search_term_string"}}],"inLanguage":"de"},{"@type":"Organization","@id":"https:\/\/jaktklubben.com\/#organization","name":"Svenska Jaktklubben","url":"https:\/\/jaktklubben.com\/","logo":{"@type":"ImageObject","inLanguage":"de","@id":"https:\/\/jaktklubben.com\/#\/schema\/logo\/image\/","url":"https:\/\/jaktklubben.com\/wp-content\/uploads\/2024\/06\/Asset-1-SJK-logo.png","contentUrl":"https:\/\/jaktklubben.com\/wp-content\/uploads\/2024\/06\/Asset-1-SJK-logo.png","width":2253,"height":378,"caption":"Svenska Jaktklubben"},"image":{"@id":"https:\/\/jaktklubben.com\/#\/schema\/logo\/image\/"}}]}},"_links":{"self":[{"href":"https:\/\/jaktklubben.com\/de\/wp-json\/wp\/v2\/pages\/31096","targetHints":{"allow":["GET"]}}],"collection":[{"href":"https:\/\/jaktklubben.com\/de\/wp-json\/wp\/v2\/pages"}],"about":[{"href":"https:\/\/jaktklubben.com\/de\/wp-json\/wp\/v2\/types\/page"}],"author":[{"embeddable":true,"href":"https:\/\/jaktklubben.com\/de\/wp-json\/wp\/v2\/users\/1"}],"replies":[{"embeddable":true,"href":"https:\/\/jaktklubben.com\/de\/wp-json\/wp\/v2\/comments?post=31096"}],"version-history":[{"count":8,"href":"https:\/\/jaktklubben.com\/de\/wp-json\/wp\/v2\/pages\/31096\/revisions"}],"predecessor-version":[{"id":31933,"href":"https:\/\/jaktklubben.com\/de\/wp-json\/wp\/v2\/pages\/31096\/revisions\/31933"}],"wp:attachment":[{"href":"https:\/\/jaktklubben.com\/de\/wp-json\/wp\/v2\/media?parent=31096"}],"curies":[{"name":"wp","href":"https:\/\/api.w.org\/{rel}","templated":true}]}}