{"id":31113,"date":"2024-06-12T16:29:45","date_gmt":"2024-06-12T16:29:45","guid":{"rendered":"https:\/\/jaktklubben.com\/kontakt\/"},"modified":"2026-03-25T06:40:50","modified_gmt":"2026-03-25T06:40:50","slug":"kontakt","status":"publish","type":"page","link":"https:\/\/jaktklubben.com\/de\/kontakt\/","title":{"rendered":"Kontakt"},"content":{"rendered":"\t\t<div data-elementor-type=\"wp-page\" data-elementor-id=\"31113\" class=\"elementor elementor-31113 elementor-20005\" data-elementor-post-type=\"page\">\n\t\t\t\t\t\t<section class=\"elementor-section elementor-top-section elementor-element elementor-element-214275d elementor-section-boxed elementor-section-height-default elementor-section-height-default sc_fly_static\" data-id=\"214275d\" data-element_type=\"section\" data-e-type=\"section\">\n\t\t\t\t\t\t<div class=\"elementor-container elementor-column-gap-extended\">\n\t\t\t\t\t<div class=\"elementor-column elementor-col-100 elementor-top-column elementor-element elementor-element-6834294 sc_content_align_inherit sc_layouts_column_icons_position_left sc_fly_static\" data-id=\"6834294\" data-element_type=\"column\" data-e-type=\"column\">\n\t\t\t<div class=\"elementor-widget-wrap elementor-element-populated\">\n\t\t\t\t\t\t<div class=\"elementor-element elementor-element-02c9a78 sc_fly_static elementor-widget elementor-widget-spacer\" data-id=\"02c9a78\" data-element_type=\"widget\" data-e-type=\"widget\" data-widget_type=\"spacer.default\">\n\t\t\t\t<div class=\"elementor-widget-container\">\n\t\t\t\t\t\t\t<div class=\"elementor-spacer\">\n\t\t\t<div class=\"elementor-spacer-inner\"><\/div>\n\t\t<\/div>\n\t\t\t\t\t\t<\/div>\n\t\t\t\t<\/div>\n\t\t\t\t\t<\/div>\n\t\t<\/div>\n\t\t\t\t\t<\/div>\n\t\t<\/section>\n\t\t\t\t<section class=\"elementor-section elementor-top-section elementor-element elementor-element-dd38986 elementor-section-boxed elementor-section-height-default elementor-section-height-default sc_fly_static\" data-id=\"dd38986\" data-element_type=\"section\" data-e-type=\"section\">\n\t\t\t\t\t\t<div class=\"elementor-container elementor-column-gap-extended\">\n\t\t\t\t\t<div class=\"elementor-column elementor-col-50 elementor-top-column elementor-element elementor-element-540cff0 sc_content_align_inherit sc_layouts_column_icons_position_left sc_fly_static\" data-id=\"540cff0\" data-element_type=\"column\" data-e-type=\"column\">\n\t\t\t<div class=\"elementor-widget-wrap elementor-element-populated\">\n\t\t\t\t\t\t<div class=\"elementor-element elementor-element-3c873890 sc_layouts_hide_on_wide sc_layouts_hide_on_desktop sc_layouts_hide_on_notebook sc_layouts_hide_on_tablet sc_fly_static elementor-widget elementor-widget-trx_sc_title\" data-id=\"3c873890\" data-element_type=\"widget\" data-e-type=\"widget\" data-widget_type=\"trx_sc_title.default\">\n\t\t\t\t<div class=\"elementor-widget-container\">\n\t\t\t\t\t<div\t\tclass=\"sc_title sc_title_default\" ><h1 class=\"sc_item_title sc_title_title sc_align_center sc_item_title_style_default sc_item_title_tag\"\n\t\t\t><span class=\"sc_item_title_text\">Nehmen Sie Kontakt auf<\/span><\/h1><div class=\"sc_item_descr sc_title_descr sc_align_center\"><p>Wir arbeiten alle in unserer Freizeit f\u00fcr den Jagdklub. Daher k\u00f6nnen wir m\u00f6glicherweise nicht immer sofort auf E-Mails antworten, werden uns aber so schnell wie m\u00f6glich bei Ihnen melden.<\/p>\n<\/div><\/div>\t\t\t\t<\/div>\n\t\t\t\t<\/div>\n\t\t\t\t<div class=\"elementor-element elementor-element-eb3ddbe sc_layouts_hide_on_mobile sc_fly_static elementor-widget elementor-widget-trx_sc_title\" data-id=\"eb3ddbe\" data-element_type=\"widget\" data-e-type=\"widget\" data-widget_type=\"trx_sc_title.default\">\n\t\t\t\t<div class=\"elementor-widget-container\">\n\t\t\t\t\t<div\t\tclass=\"sc_title sc_title_default\" ><h1 class=\"sc_item_title sc_title_title sc_item_title_style_default sc_item_title_tag\"\n\t\t\t><span class=\"sc_item_title_text\">Nehmen Sie Kontakt auf<\/span><\/h1><div class=\"sc_item_descr sc_title_descr\"><p>Wir arbeiten alle in unserer Freizeit f\u00fcr den Jagdklub. Daher k\u00f6nnen wir m\u00f6glicherweise nicht immer sofort auf E-Mails antworten, werden uns aber so schnell wie m\u00f6glich bei Ihnen melden.<\/p>\n<\/div><\/div>\t\t\t\t<\/div>\n\t\t\t\t<\/div>\n\t\t\t\t\t<\/div>\n\t\t<\/div>\n\t\t\t\t<div class=\"elementor-column elementor-col-50 elementor-top-column elementor-element elementor-element-adf4cfe sc_content_align_inherit sc_layouts_column_icons_position_left sc_fly_static\" data-id=\"adf4cfe\" data-element_type=\"column\" data-e-type=\"column\">\n\t\t\t<div class=\"elementor-widget-wrap elementor-element-populated\">\n\t\t\t\t\t\t<div class=\"elementor-element elementor-element-63958647 sc_fly_static elementor-widget elementor-widget-spacer\" data-id=\"63958647\" data-element_type=\"widget\" data-e-type=\"widget\" data-widget_type=\"spacer.default\">\n\t\t\t\t<div class=\"elementor-widget-container\">\n\t\t\t\t\t\t\t<div class=\"elementor-spacer\">\n\t\t\t<div class=\"elementor-spacer-inner\"><\/div>\n\t\t<\/div>\n\t\t\t\t\t\t<\/div>\n\t\t\t\t<\/div>\n\t\t\t\t<div class=\"elementor-element elementor-element-4ef588c2 sc_layouts_hide_on_wide sc_layouts_hide_on_desktop sc_layouts_hide_on_notebook sc_layouts_hide_on_tablet sc_fly_static elementor-widget elementor-widget-trx_sc_icons\" data-id=\"4ef588c2\" data-element_type=\"widget\" data-e-type=\"widget\" data-widget_type=\"trx_sc_icons.default\">\n\t\t\t\t<div class=\"elementor-widget-container\">\n\t\t\t\t\t<div \tclass=\"sc_icons sc_icons_divider4 sc_icons_size_small sc_align_center\" ><div class=\"sc_icons_columns_wrap sc_item_columns trx_addons_columns_wrap columns_padding_bottom columns_in_single_row\" ><div class=\"trx_addons_column-1_2 trx_addons_column-1_1-tablet\"><div class=\"sc_icons_item sc_icons_item_linked\"><div class=\"sc_icons_icon sc_icon_type_ icon-marker\" ><span class=\"sc_icon_type_ icon-marker\"><\/span><\/div><div class=\"sc_icons_item_details\"><h4 class=\"sc_icons_item_title\"><a href=\"\">\n                                    Besuchsadresse                                    <\/a><\/h4><div class=\"sc_icons_item_description\"><span>K\u00e4tabo Hunting Lodge<\/span><span>Lilla K\u00e4tabo G\u00e5rd, SE-333 78 Burseryd<\/span><\/div><a href=\"\"\n                        class=\"sc_icons_item_link\">\n                        <\/a><\/div><\/div><\/div><div class=\"trx_addons_column-1_2 trx_addons_column-1_1-tablet\"><div class=\"sc_icons_item sc_icons_item_linked\"><div class=\"sc_icons_icon sc_icon_type_ icon-iphone\" ><span class=\"sc_icon_type_ icon-iphone\"><\/span><\/div><div class=\"sc_icons_item_details\"><h4 class=\"sc_icons_item_title\"><a href=\"mailto:info@jaktklubben.com\">\n                                    Kontaktinformationen                                    <\/a><\/h4><div class=\"sc_icons_item_description\"><span><a href=\"mailto:info@jaktklubben.com\">info@jaktklubben.com  <\/a><\/span><\/div><a href=\"mailto:info@jaktklubben.com\"\n                        class=\"sc_icons_item_link\">\n                        <\/a><\/div><\/div><\/div><\/div><\/div><!-- \/.sc_icons -->\t\t\t\t<\/div>\n\t\t\t\t<\/div>\n\t\t\t\t<div class=\"elementor-element elementor-element-c5139d4 sc_layouts_hide_on_mobile sc_fly_static elementor-widget elementor-widget-trx_sc_icons\" data-id=\"c5139d4\" data-element_type=\"widget\" data-e-type=\"widget\" data-widget_type=\"trx_sc_icons.default\">\n\t\t\t\t<div class=\"elementor-widget-container\">\n\t\t\t\t\t<div \tclass=\"sc_icons sc_icons_divider4 sc_icons_size_small sc_align_none\" ><div class=\"sc_icons_columns_wrap sc_item_columns trx_addons_columns_wrap columns_padding_bottom columns_in_single_row\" ><div class=\"trx_addons_column-1_2 trx_addons_column-1_1-tablet\"><div class=\"sc_icons_item sc_icons_item_linked\"><div class=\"sc_icons_icon sc_icon_type_ icon-marker\" ><span class=\"sc_icon_type_ icon-marker\"><\/span><\/div><div class=\"sc_icons_item_details\"><h4 class=\"sc_icons_item_title\"><a href=\"\">\n                                    Besuchsadresse                                    <\/a><\/h4><div class=\"sc_icons_item_description\"><span>K\u00e4tabo Hunting Lodge<\/span><span>Lilla K\u00e4tabo G\u00e5rd<\/span><span>SE-333 78 Burseryd<\/span><\/div><a href=\"\"\n                        class=\"sc_icons_item_link\">\n                        <\/a><\/div><\/div><\/div><div class=\"trx_addons_column-1_2 trx_addons_column-1_1-tablet\"><div class=\"sc_icons_item sc_icons_item_linked\"><div class=\"sc_icons_icon sc_icon_type_ icon-iphone\" ><span class=\"sc_icon_type_ icon-iphone\"><\/span><\/div><div class=\"sc_icons_item_details\"><h4 class=\"sc_icons_item_title\"><a href=\"mailto:info@jaktklubben.com\">\n                                    Kontaktinformationen                                    <\/a><\/h4><div class=\"sc_icons_item_description\"><span><a href=\"mailto:info@jaktklubben.com\">info@jaktklubben.com  <\/a><\/span><\/div><a href=\"mailto:info@jaktklubben.com\"\n                        class=\"sc_icons_item_link\">\n                        <\/a><\/div><\/div><\/div><\/div><\/div><!-- \/.sc_icons -->\t\t\t\t<\/div>\n\t\t\t\t<\/div>\n\t\t\t\t\t<\/div>\n\t\t<\/div>\n\t\t\t\t\t<\/div>\n\t\t<\/section>\n\t\t\t\t<section class=\"elementor-section elementor-top-section elementor-element elementor-element-dfa3580 elementor-section-boxed elementor-section-height-default elementor-section-height-default sc_fly_static\" data-id=\"dfa3580\" data-element_type=\"section\" data-e-type=\"section\">\n\t\t\t\t\t\t<div class=\"elementor-container elementor-column-gap-extended\">\n\t\t\t\t\t<div class=\"elementor-column elementor-col-100 elementor-top-column elementor-element elementor-element-afa0981 sc_content_align_inherit sc_layouts_column_icons_position_left sc_fly_static\" data-id=\"afa0981\" data-element_type=\"column\" data-e-type=\"column\">\n\t\t\t<div class=\"elementor-widget-wrap elementor-element-populated\">\n\t\t\t\t\t\t<div class=\"elementor-element elementor-element-b9eec20 sc_height_huge sc_fly_static elementor-widget elementor-widget-spacer\" data-id=\"b9eec20\" data-element_type=\"widget\" data-e-type=\"widget\" data-widget_type=\"spacer.default\">\n\t\t\t\t<div class=\"elementor-widget-container\">\n\t\t\t\t\t\t\t<div class=\"elementor-spacer\">\n\t\t\t<div class=\"elementor-spacer-inner\"><\/div>\n\t\t<\/div>\n\t\t\t\t\t\t<\/div>\n\t\t\t\t<\/div>\n\t\t\t\t\t<\/div>\n\t\t<\/div>\n\t\t\t\t\t<\/div>\n\t\t<\/section>\n\t\t\t\t<section class=\"elementor-section elementor-top-section elementor-element elementor-element-47afca7a elementor-section-full_width elementor-section-height-default elementor-section-height-default sc_fly_static\" data-id=\"47afca7a\" data-element_type=\"section\" data-e-type=\"section\">\n\t\t\t\t\t\t<div class=\"elementor-container elementor-column-gap-no\">\n\t\t\t\t\t<div class=\"elementor-column elementor-col-100 elementor-top-column elementor-element elementor-element-57f86893 sc_content_align_inherit sc_layouts_column_icons_position_left sc_fly_static\" data-id=\"57f86893\" data-element_type=\"column\" data-e-type=\"column\">\n\t\t\t<div class=\"elementor-widget-wrap elementor-element-populated\">\n\t\t\t\t\t\t<div class=\"elementor-element elementor-element-88add6d sc_fly_static elementor-widget elementor-widget-trx_sc_googlemap\" data-id=\"88add6d\" data-element_type=\"widget\" data-e-type=\"widget\" data-widget_type=\"trx_sc_googlemap.default\">\n\t\t\t\t<div class=\"elementor-widget-container\">\n\t\t\t\t\t<div id=\"sc_googlemap_524958798_wrap\" class=\"sc_googlemap_wrap\"><div id=\"sc_googlemap_524958798\"\t\t\tclass=\"sc_item_content sc_map sc_googlemap sc_googlemap_default trx_addons_inline_2135630367\"\n\t\t\t \t\t\tdata-zoom=\"16\"\n\t\t\tdata-center=\"\"\n\t\t\tdata-style=\"dark\"\n\t\t\tdata-map-id=\"\"\n\t\t\tdata-cluster-icon=\"\"\n\t\t\t><iframe\n\t\t\t\t\t\tsrc=\"https:\/\/maps.google.com\/maps?t=m&output=embed&iwloc=near&z=16&q=K%C3%A4tabo+Hunting+LodgeLilla+K%C3%A4tabo+G%C3%A5rd%2C+SE-333+78+Burseryd\"\n\t\t\t\t\t\taria-label=\"\"><\/iframe><\/div><\/div>\t\t\t\t<\/div>\n\t\t\t\t<\/div>\n\t\t\t\t\t<\/div>\n\t\t<\/div>\n\t\t\t\t\t<\/div>\n\t\t<\/section>\n\t\t\t\t<\/div>\n\t\t","protected":false},"excerpt":{"rendered":"<p>Nehmen Sie Kontakt auf Wir arbeiten alle in unserer Freizeit f\u00fcr den Jagdklub. Daher k\u00f6nnen wir m\u00f6glicherweise nicht immer sofort auf E-Mails antworten, werden uns aber so schnell wie m\u00f6glich&hellip;<\/p>\n","protected":false},"author":1,"featured_media":0,"parent":0,"menu_order":0,"comment_status":"closed","ping_status":"closed","template":"","meta":{"_acf_changed":false,"_monsterinsights_skip_tracking":false,"_monsterinsights_sitenote_active":false,"_monsterinsights_sitenote_note":"","_monsterinsights_sitenote_category":0,"_uf_show_specific_survey":0,"_uf_disable_surveys":false,"footnotes":""},"class_list":["post-31113","page","type-page","status-publish","hentry"],"acf":[],"yoast_head":"<!-- This site is optimized with the Yoast SEO plugin v27.3 - https:\/\/yoast.com\/product\/yoast-seo-wordpress\/ -->\n<title>Kontakt - Svenska Jaktklubben<\/title>\n<meta name=\"description\" content=\"Kontaktieren Sie den Schwedischen Jagdklub. Wir antworten schnell auf Ihre E-Mail und helfen Ihnen bei Ihren Fragen.\" \/>\n<meta name=\"robots\" content=\"index, follow, max-snippet:-1, max-image-preview:large, max-video-preview:-1\" \/>\n<link rel=\"canonical\" href=\"https:\/\/jaktklubben.com\/kontakt\/\" \/>\n<meta property=\"og:locale\" content=\"de_DE\" \/>\n<meta property=\"og:type\" content=\"article\" \/>\n<meta property=\"og:title\" content=\"Kontakt - Svenska Jaktklubben\" \/>\n<meta property=\"og:description\" content=\"Kontaktieren Sie den Schwedischen Jagdklub. Wir antworten schnell auf Ihre E-Mail und helfen Ihnen bei Ihren Fragen.\" \/>\n<meta property=\"og:url\" content=\"https:\/\/jaktklubben.com\/kontakt\/\" \/>\n<meta property=\"og:site_name\" content=\"Svenska Jaktklubben\" \/>\n<meta property=\"article:modified_time\" content=\"2026-03-25T06:40:50+00:00\" \/>\n<meta name=\"twitter:card\" content=\"summary_large_image\" \/>\n<meta name=\"twitter:label1\" content=\"Gesch\u00e4tzte Lesezeit\" \/>\n\t<meta name=\"twitter:data1\" content=\"1\u00a0Minute\" \/>\n<script type=\"application\/ld+json\" class=\"yoast-schema-graph\">{\"@context\":\"https:\\\/\\\/schema.org\",\"@graph\":[{\"@type\":\"WebPage\",\"@id\":\"https:\\\/\\\/jaktklubben.com\\\/kontakt\\\/\",\"url\":\"https:\\\/\\\/jaktklubben.com\\\/kontakt\\\/\",\"name\":\"Kontakt - Svenska Jaktklubben\",\"isPartOf\":{\"@id\":\"https:\\\/\\\/jaktklubben.com\\\/#website\"},\"datePublished\":\"2024-06-12T16:29:45+00:00\",\"dateModified\":\"2026-03-25T06:40:50+00:00\",\"description\":\"Kontaktieren Sie den Schwedischen Jagdklub. Wir antworten schnell auf Ihre E-Mail und helfen Ihnen bei Ihren Fragen.\",\"breadcrumb\":{\"@id\":\"https:\\\/\\\/jaktklubben.com\\\/kontakt\\\/#breadcrumb\"},\"inLanguage\":\"de\",\"potentialAction\":[{\"@type\":\"ReadAction\",\"target\":[\"https:\\\/\\\/jaktklubben.com\\\/kontakt\\\/\"]}]},{\"@type\":\"BreadcrumbList\",\"@id\":\"https:\\\/\\\/jaktklubben.com\\\/kontakt\\\/#breadcrumb\",\"itemListElement\":[{\"@type\":\"ListItem\",\"position\":1,\"name\":\"Home\",\"item\":\"https:\\\/\\\/jaktklubben.com\\\/de\\\/\"},{\"@type\":\"ListItem\",\"position\":2,\"name\":\"Kontakt\"}]},{\"@type\":\"WebSite\",\"@id\":\"https:\\\/\\\/jaktklubben.com\\\/#website\",\"url\":\"https:\\\/\\\/jaktklubben.com\\\/\",\"name\":\"Svenska Jaktklubben\",\"description\":\"Swedish Hunting Club\",\"publisher\":{\"@id\":\"https:\\\/\\\/jaktklubben.com\\\/#organization\"},\"potentialAction\":[{\"@type\":\"SearchAction\",\"target\":{\"@type\":\"EntryPoint\",\"urlTemplate\":\"https:\\\/\\\/jaktklubben.com\\\/?s={search_term_string}\"},\"query-input\":{\"@type\":\"PropertyValueSpecification\",\"valueRequired\":true,\"valueName\":\"search_term_string\"}}],\"inLanguage\":\"de\"},{\"@type\":\"Organization\",\"@id\":\"https:\\\/\\\/jaktklubben.com\\\/#organization\",\"name\":\"Svenska Jaktklubben\",\"url\":\"https:\\\/\\\/jaktklubben.com\\\/\",\"logo\":{\"@type\":\"ImageObject\",\"inLanguage\":\"de\",\"@id\":\"https:\\\/\\\/jaktklubben.com\\\/#\\\/schema\\\/logo\\\/image\\\/\",\"url\":\"https:\\\/\\\/jaktklubben.com\\\/wp-content\\\/uploads\\\/2024\\\/06\\\/Asset-1-SJK-logo.png\",\"contentUrl\":\"https:\\\/\\\/jaktklubben.com\\\/wp-content\\\/uploads\\\/2024\\\/06\\\/Asset-1-SJK-logo.png\",\"width\":2253,\"height\":378,\"caption\":\"Svenska Jaktklubben\"},\"image\":{\"@id\":\"https:\\\/\\\/jaktklubben.com\\\/#\\\/schema\\\/logo\\\/image\\\/\"}}]}<\/script>\n<!-- \/ Yoast SEO plugin. -->","yoast_head_json":{"title":"Kontakt - Svenska Jaktklubben","description":"Kontaktieren Sie den Schwedischen Jagdklub. Wir antworten schnell auf Ihre E-Mail und helfen Ihnen bei Ihren Fragen.","robots":{"index":"index","follow":"follow","max-snippet":"max-snippet:-1","max-image-preview":"max-image-preview:large","max-video-preview":"max-video-preview:-1"},"canonical":"https:\/\/jaktklubben.com\/kontakt\/","og_locale":"de_DE","og_type":"article","og_title":"Kontakt - Svenska Jaktklubben","og_description":"Kontaktieren Sie den Schwedischen Jagdklub. Wir antworten schnell auf Ihre E-Mail und helfen Ihnen bei Ihren Fragen.","og_url":"https:\/\/jaktklubben.com\/kontakt\/","og_site_name":"Svenska Jaktklubben","article_modified_time":"2026-03-25T06:40:50+00:00","twitter_card":"summary_large_image","twitter_misc":{"Gesch\u00e4tzte Lesezeit":"1\u00a0Minute"},"schema":{"@context":"https:\/\/schema.org","@graph":[{"@type":"WebPage","@id":"https:\/\/jaktklubben.com\/kontakt\/","url":"https:\/\/jaktklubben.com\/kontakt\/","name":"Kontakt - Svenska Jaktklubben","isPartOf":{"@id":"https:\/\/jaktklubben.com\/#website"},"datePublished":"2024-06-12T16:29:45+00:00","dateModified":"2026-03-25T06:40:50+00:00","description":"Kontaktieren Sie den Schwedischen Jagdklub. Wir antworten schnell auf Ihre E-Mail und helfen Ihnen bei Ihren Fragen.","breadcrumb":{"@id":"https:\/\/jaktklubben.com\/kontakt\/#breadcrumb"},"inLanguage":"de","potentialAction":[{"@type":"ReadAction","target":["https:\/\/jaktklubben.com\/kontakt\/"]}]},{"@type":"BreadcrumbList","@id":"https:\/\/jaktklubben.com\/kontakt\/#breadcrumb","itemListElement":[{"@type":"ListItem","position":1,"name":"Home","item":"https:\/\/jaktklubben.com\/de\/"},{"@type":"ListItem","position":2,"name":"Kontakt"}]},{"@type":"WebSite","@id":"https:\/\/jaktklubben.com\/#website","url":"https:\/\/jaktklubben.com\/","name":"Svenska Jaktklubben","description":"Swedish Hunting Club","publisher":{"@id":"https:\/\/jaktklubben.com\/#organization"},"potentialAction":[{"@type":"SearchAction","target":{"@type":"EntryPoint","urlTemplate":"https:\/\/jaktklubben.com\/?s={search_term_string}"},"query-input":{"@type":"PropertyValueSpecification","valueRequired":true,"valueName":"search_term_string"}}],"inLanguage":"de"},{"@type":"Organization","@id":"https:\/\/jaktklubben.com\/#organization","name":"Svenska Jaktklubben","url":"https:\/\/jaktklubben.com\/","logo":{"@type":"ImageObject","inLanguage":"de","@id":"https:\/\/jaktklubben.com\/#\/schema\/logo\/image\/","url":"https:\/\/jaktklubben.com\/wp-content\/uploads\/2024\/06\/Asset-1-SJK-logo.png","contentUrl":"https:\/\/jaktklubben.com\/wp-content\/uploads\/2024\/06\/Asset-1-SJK-logo.png","width":2253,"height":378,"caption":"Svenska Jaktklubben"},"image":{"@id":"https:\/\/jaktklubben.com\/#\/schema\/logo\/image\/"}}]}},"_links":{"self":[{"href":"https:\/\/jaktklubben.com\/de\/wp-json\/wp\/v2\/pages\/31113","targetHints":{"allow":["GET"]}}],"collection":[{"href":"https:\/\/jaktklubben.com\/de\/wp-json\/wp\/v2\/pages"}],"about":[{"href":"https:\/\/jaktklubben.com\/de\/wp-json\/wp\/v2\/types\/page"}],"author":[{"embeddable":true,"href":"https:\/\/jaktklubben.com\/de\/wp-json\/wp\/v2\/users\/1"}],"replies":[{"embeddable":true,"href":"https:\/\/jaktklubben.com\/de\/wp-json\/wp\/v2\/comments?post=31113"}],"version-history":[{"count":11,"href":"https:\/\/jaktklubben.com\/de\/wp-json\/wp\/v2\/pages\/31113\/revisions"}],"predecessor-version":[{"id":32838,"href":"https:\/\/jaktklubben.com\/de\/wp-json\/wp\/v2\/pages\/31113\/revisions\/32838"}],"wp:attachment":[{"href":"https:\/\/jaktklubben.com\/de\/wp-json\/wp\/v2\/media?parent=31113"}],"curies":[{"name":"wp","href":"https:\/\/api.w.org\/{rel}","templated":true}]}}