{"id":31144,"date":"2021-01-01T08:23:10","date_gmt":"2021-01-01T08:23:10","guid":{"rendered":"https:\/\/jaktklubben.com\/datenschutzrichtlinie\/"},"modified":"2026-01-24T20:42:39","modified_gmt":"2026-01-24T20:42:39","slug":"datenschutzrichtlinie","status":"publish","type":"page","link":"https:\/\/jaktklubben.com\/de\/datenschutzrichtlinie\/","title":{"rendered":"Datenschutzrichtlinie"},"content":{"rendered":"\t\t<div data-elementor-type=\"wp-page\" data-elementor-id=\"31144\" class=\"elementor elementor-31144 elementor-12954\" data-elementor-post-type=\"page\">\n\t\t\t\t\t\t<section class=\"elementor-section-with-custom-width elementor-section elementor-top-section elementor-element elementor-element-667ab10 page-cst-bg elementor-section-boxed elementor-section-height-default elementor-section-height-default sc_fly_static\" data-id=\"667ab10\" data-element_type=\"section\" data-e-type=\"section\" data-settings=\"{&quot;background_background&quot;:&quot;classic&quot;}\">\n\t\t\t\t\t\t\t<div class=\"elementor-background-overlay\"><\/div>\n\t\t\t\t\t\t\t<div class=\"elementor-container elementor-column-gap-extended\">\n\t\t\t\t\t<div class=\"elementor-column elementor-col-100 elementor-top-column elementor-element elementor-element-9d6b71a sc_content_align_inherit sc_layouts_column_icons_position_left sc_fly_static\" data-id=\"9d6b71a\" data-element_type=\"column\" data-e-type=\"column\">\n\t\t\t<div class=\"elementor-widget-wrap elementor-element-populated\">\n\t\t\t\t\t\t<div class=\"elementor-element elementor-element-cbc00c6 sc_fly_static elementor-widget elementor-widget-heading\" data-id=\"cbc00c6\" data-element_type=\"widget\" data-e-type=\"widget\" data-widget_type=\"heading.default\">\n\t\t\t\t<div class=\"elementor-widget-container\">\n\t\t\t\t\t<h2 class=\"elementor-heading-title elementor-size-default\">Datenschutzrichtlinie<\/h2>\t\t\t\t<\/div>\n\t\t\t\t<\/div>\n\t\t\t\t<div class=\"elementor-element elementor-element-8a4e707 sc_fly_static elementor-widget elementor-widget-heading\" data-id=\"8a4e707\" data-element_type=\"widget\" data-e-type=\"widget\" data-widget_type=\"heading.default\">\n\t\t\t\t<div class=\"elementor-widget-container\">\n\t\t\t\t\t<h2 class=\"elementor-heading-title elementor-size-default\">Verantwortung f\u00fcr die Verarbeitung Ihrer personenbezogenen Daten<\/h2>\t\t\t\t<\/div>\n\t\t\t\t<\/div>\n\t\t\t\t<div class=\"elementor-element elementor-element-7956665 sc_fly_static elementor-widget elementor-widget-text-editor\" data-id=\"7956665\" data-element_type=\"widget\" data-e-type=\"widget\" data-widget_type=\"text-editor.default\">\n\t\t\t\t<div class=\"elementor-widget-container\">\n\t\t\t\t\t\t\t\t\t<p>Svenska Jaktklubbent AB, (im Folgenden Jaktklubben genannt) Dalbergav\u00e4gen 24, 429 31 Kullavik, ist der Verantwortliche f\u00fcr die Verarbeitung personenbezogener Daten, die im Rahmen der T\u00e4tigkeit von Jaktklubben stattfindet.<\/p>\t\t\t\t\t\t\t\t<\/div>\n\t\t\t\t<\/div>\n\t\t\t\t<div class=\"elementor-element elementor-element-b8a4a63 sc_fly_static elementor-widget elementor-widget-heading\" data-id=\"b8a4a63\" data-element_type=\"widget\" data-e-type=\"widget\" data-widget_type=\"heading.default\">\n\t\t\t\t<div class=\"elementor-widget-container\">\n\t\t\t\t\t<h2 class=\"elementor-heading-title elementor-size-default\">Welche personenbezogenen Daten verarbeiten wir \u00fcber Sie?<\/h2>\t\t\t\t<\/div>\n\t\t\t\t<\/div>\n\t\t\t\t<div class=\"elementor-element elementor-element-b64bdef sc_fly_static elementor-widget elementor-widget-text-editor\" data-id=\"b64bdef\" data-element_type=\"widget\" data-e-type=\"widget\" data-widget_type=\"text-editor.default\">\n\t\t\t\t<div class=\"elementor-widget-container\">\n\t\t\t\t\t\t\t\t\t<ul><li><p>Wenn Sie sich bei uns registrieren, verarbeiten wir Ihren Namen, Ihre E-Mail-Adresse, Ihre Sozialversicherungsnummer und Ihre Adresse. Wir verarbeiten auch Ihren Benutzernamen und Ihr Passwort. <\/p><\/li><li><p>Wir verarbeiten auch Ihren Ausweis und Ihren Jagdschein, um sicherzustellen, dass Sie einen g\u00fcltigen Jagdschein besitzen.<\/p><\/li><li><p>Wir verarbeiten Ihre Sozialversicherungsnummer, um die Identit\u00e4t jedes J\u00e4gers in Verbindung mit seinem Jagdschein sicherzustellen.<\/p><\/li><li><p>Wenn Sie uns Ihre personenbezogenen Daten nicht zur Verf\u00fcgung stellen, k\u00f6nnen Sie kein Mitglied im Jaktklubben sein.<\/p><\/li><\/ul>\t\t\t\t\t\t\t\t<\/div>\n\t\t\t\t<\/div>\n\t\t\t\t<div class=\"elementor-element elementor-element-0d8821b sc_fly_static elementor-widget elementor-widget-heading\" data-id=\"0d8821b\" data-element_type=\"widget\" data-e-type=\"widget\" data-widget_type=\"heading.default\">\n\t\t\t\t<div class=\"elementor-widget-container\">\n\t\t\t\t\t<h2 class=\"elementor-heading-title elementor-size-default\">Warum verarbeiten wir Ihre personenbezogenen Daten?<\/h2>\t\t\t\t<\/div>\n\t\t\t\t<\/div>\n\t\t\t\t<div class=\"elementor-element elementor-element-39ecc15 sc_fly_static elementor-widget elementor-widget-text-editor\" data-id=\"39ecc15\" data-element_type=\"widget\" data-e-type=\"widget\" data-widget_type=\"text-editor.default\">\n\t\t\t\t<div class=\"elementor-widget-container\">\n\t\t\t\t\t\t\t\t\t<p>Damit Jaktklubben seine T\u00e4tigkeit aus\u00fcben kann, werden personenbezogene Daten f\u00fcr verschiedene Zwecke im Zusammenhang mit der T\u00e4tigkeit verarbeitet.<\/p><p>Jaktklubben verarbeitet personenbezogene Daten, um laufende Aktivit\u00e4ten zu verwalten, mit den Mitgliedern zu kommunizieren (Einladungen zu Aktivit\u00e4ten, Informationen usw.) sowie mitgliederbezogene finanzielle Transaktionen (Mitgliedsbeitr\u00e4ge usw.) zu verwalten.<\/p><p>Jaktklubben ist der Verantwortliche f\u00fcr die Verarbeitung der personenbezogenen Daten, die bei Folgendem stattfindet:<\/p><ul role=\"list\"><li><strong>Verwaltung Ihrer Mitgliedschaft<\/strong><\/li><li><strong>Verwaltung der Zahlung des Mitgliedsbeitrags<\/strong><\/li><li><strong>Versand von Einladungen zu Veranstaltungen und Aktivit\u00e4ten<\/strong><\/li><li><strong>Versand von Angeboten von Jaktklubben und unseren Kooperationspartnern<\/strong><\/li><\/ul>\t\t\t\t\t\t\t\t<\/div>\n\t\t\t\t<\/div>\n\t\t\t\t<div class=\"elementor-element elementor-element-3334005 sc_fly_static elementor-widget elementor-widget-heading\" data-id=\"3334005\" data-element_type=\"widget\" data-e-type=\"widget\" data-widget_type=\"heading.default\">\n\t\t\t\t<div class=\"elementor-widget-container\">\n\t\t\t\t\t<h2 class=\"elementor-heading-title elementor-size-default\">Mit wem teilen wir personenbezogene Daten?<\/h2>\t\t\t\t<\/div>\n\t\t\t\t<\/div>\n\t\t\t\t<div class=\"elementor-element elementor-element-4423745 sc_fly_static elementor-widget elementor-widget-text-editor\" data-id=\"4423745\" data-element_type=\"widget\" data-e-type=\"widget\" data-widget_type=\"text-editor.default\">\n\t\t\t\t<div class=\"elementor-widget-container\">\n\t\t\t\t\t\t\t\t\t<ul><li>Die Daten werden nicht an Dritte oder ein Drittland au\u00dferhalb der EU\/des EWR \u00fcbermittelt. Wir teilen Ihre personenbezogenen Daten jedoch mit unseren Auftragsverarbeitern, wie z. B. unseren IT-Lieferanten.  <\/li><\/ul>\t\t\t\t\t\t\t\t<\/div>\n\t\t\t\t<\/div>\n\t\t\t\t<div class=\"elementor-element elementor-element-4f43c82 sc_fly_static elementor-widget elementor-widget-heading\" data-id=\"4f43c82\" data-element_type=\"widget\" data-e-type=\"widget\" data-widget_type=\"heading.default\">\n\t\t\t\t<div class=\"elementor-widget-container\">\n\t\t\t\t\t<h2 class=\"elementor-heading-title elementor-size-default\">Welche Rechtsgrundlage haben wir f\u00fcr die Verarbeitung personenbezogener Daten?<\/h2>\t\t\t\t<\/div>\n\t\t\t\t<\/div>\n\t\t\t\t<div class=\"elementor-element elementor-element-4c06d77 sc_fly_static elementor-widget elementor-widget-text-editor\" data-id=\"4c06d77\" data-element_type=\"widget\" data-e-type=\"widget\" data-widget_type=\"text-editor.default\">\n\t\t\t\t<div class=\"elementor-widget-container\">\n\t\t\t\t\t\t\t\t\t<div class=\"mobile\"><div class=\"rich-text-block w-richtext\"><p>Jaktklubben hat nachfolgend die Rechtsgrundlage f\u00fcr die Verarbeitung personenbezogener Daten, die im Rahmen der T\u00e4tigkeit von Jaktklubben stattfindet, zusammengefasst.<\/p><h4>Zweck der Verarbeitung<\/h4><ul><li>Verwalten Sie Ihr Konto<\/li><li>Verwalten der Zahlung des Mitgliedsbeitrags<\/li><li>Einladung zu Veranstaltungen und Aktivit\u00e4ten<\/li><li>Senden von Angeboten von Jaktklubben und unseren Kooperationspartnern<\/li><\/ul><h4>Rechtsgrundlage<\/h4><ul><li>Erf\u00fcllung des Vertrags<\/li><li>Erf\u00fcllung des Vertrags<\/li><li>Erf\u00fcllung des Vertrags<\/li><li>Erf\u00fcllung des Vertrags<\/li><\/ul><\/div><\/div>\t\t\t\t\t\t\t\t<\/div>\n\t\t\t\t<\/div>\n\t\t\t\t<div class=\"elementor-element elementor-element-b0a94cb sc_fly_static elementor-widget elementor-widget-heading\" data-id=\"b0a94cb\" data-element_type=\"widget\" data-e-type=\"widget\" data-widget_type=\"heading.default\">\n\t\t\t\t<div class=\"elementor-widget-container\">\n\t\t\t\t\t<h2 class=\"elementor-heading-title elementor-size-default\">Wie lange speichern wir Ihre personenbezogenen Daten?<\/h2>\t\t\t\t<\/div>\n\t\t\t\t<\/div>\n\t\t\t\t<div class=\"elementor-element elementor-element-68a64f1 sc_fly_static elementor-widget elementor-widget-text-editor\" data-id=\"68a64f1\" data-element_type=\"widget\" data-e-type=\"widget\" data-widget_type=\"text-editor.default\">\n\t\t\t\t<div class=\"elementor-widget-container\">\n\t\t\t\t\t\t\t\t\t<p>Grunds\u00e4tzlich speichern wir Ihre personenbezogenen Daten so lange, wie Sie Mitglied im Jaktklubben sind. Jaktklubben wird j\u00e4hrlich eine Bewertung durchf\u00fchren, ob der Zweck der Verarbeitung der personenbezogenen Daten weiterhin besteht. Wenn die Zwecke der Verarbeitung der personenbezogenen Daten nicht mehr bestehen, werden die Daten gel\u00f6scht. Sie haben das Recht, jederzeit aus dem Jaktklubben auszutreten, und wir l\u00f6schen dann Ihre personenbezogenen Daten.   <\/p>\t\t\t\t\t\t\t\t<\/div>\n\t\t\t\t<\/div>\n\t\t\t\t<div class=\"elementor-element elementor-element-e9255dc sc_fly_static elementor-widget elementor-widget-heading\" data-id=\"e9255dc\" data-element_type=\"widget\" data-e-type=\"widget\" data-widget_type=\"heading.default\">\n\t\t\t\t<div class=\"elementor-widget-container\">\n\t\t\t\t\t<h2 class=\"elementor-heading-title elementor-size-default\">Welche Rechte haben Sie?<\/h2>\t\t\t\t<\/div>\n\t\t\t\t<\/div>\n\t\t\t\t<div class=\"elementor-element elementor-element-a96a154 sc_fly_static elementor-widget elementor-widget-text-editor\" data-id=\"a96a154\" data-element_type=\"widget\" data-e-type=\"widget\" data-widget_type=\"text-editor.default\">\n\t\t\t\t<div class=\"elementor-widget-container\">\n\t\t\t\t\t\t\t\t\t<p>Als registrierte Person im Jaktklubben haben Sie mehrere Rechte, die Sie kennen sollten. Sie haben das Recht, einen Registerauszug bez\u00fcglich der Verarbeitung Ihrer personenbezogenen Daten durch den Jaktklubben zu erhalten. Auf Anfrage eines Registerauszugs stellt Ihnen Jaktklubben eine Kopie der personenbezogenen Daten, die verarbeitet werden, sowie Informationen zu unserer Verarbeitung zur Verf\u00fcgung. <\/p><p>Sie haben das Recht, Ihre personenbezogenen Daten berichtigen zu lassen, wenn sie fehlerhaft, unvollst\u00e4ndig oder irref\u00fchrend sind, und das Recht, die Verarbeitung der personenbezogenen Daten einzuschr\u00e4nken, bis sie ge\u00e4ndert werden. In bestimmten F\u00e4llen haben Sie auch das Recht auf Daten\u00fcbertragbarkeit der personenbezogenen Daten. <\/p><p>Sie haben unter bestimmten Umst\u00e4nden das Recht auf L\u00f6schung:<\/p><ul><li class=\"list-item\"><strong>Wenn die Daten nicht mehr f\u00fcr die Zwecke ben\u00f6tigt werden, f\u00fcr die sie erhoben wurden<\/strong><\/li><li class=\"list-item\"><strong>Wenn die Verarbeitung f\u00fcr Direktmarketing erfolgt und Sie der Verarbeitung der Daten widersprechen<\/strong><\/li><li class=\"list-item\"><strong>Wenn die personenbezogenen Daten unrechtm\u00e4\u00dfig verarbeitet wurden<\/strong><\/li><li class=\"list-item\"><strong>Wenn die L\u00f6schung zur Erf\u00fcllung einer rechtlichen Verpflichtung erforderlich ist<\/strong><\/li><\/ul><p>Sie haben auch das Recht, eine Einwilligung zu widerrufen, sich einer automatisierten Entscheidungsfindung, Profilerstellung zu widersetzen und Direktmarketing zu widersprechen. Sie k\u00f6nnen Ihre Rechte jederzeit aus\u00fcben, indem Sie Zugang zu und Berichtigung oder L\u00f6schung von personenbezogenen Daten beantragen, die Einschr\u00e4nkung der Verarbeitung beantragen oder der Verarbeitung widersprechen. Kontaktieren Sie uns unter <a href=\"https:\/\/jaktklubben.com\/de\/kontakt\/\"><span style=\"text-decoration: underline;\">jaktklubben.com<\/span><\/a>, um Ihre Rechte auszu\u00fcben.  <\/p><p>Weiterhin haben Sie das Recht, eine Beschwerde bez\u00fcglich der Verarbeitung von personenbezogenen Daten durch den Verein bei der Datainspektionen einzureichen, besuchen Sie <span style=\"text-decoration: underline;\"><a style=\"letter-spacing: 0.1px;\" href=\"http:\/\/www.datainspektionen.se\/\">www.datainspektionen.se<\/a><span style=\"letter-spacing: 0.1px;\">.<\/span><\/span><\/p>\t\t\t\t\t\t\t\t<\/div>\n\t\t\t\t<\/div>\n\t\t\t\t\t<\/div>\n\t\t<\/div>\n\t\t\t\t\t<\/div>\n\t\t<\/section>\n\t\t\t\t<\/div>\n\t\t","protected":false},"excerpt":{"rendered":"<p>Datenschutzrichtlinie Verantwortung f\u00fcr die Verarbeitung Ihrer personenbezogenen Daten Svenska Jaktklubbent AB, (im Folgenden Jaktklubben genannt) Dalbergav\u00e4gen 24, 429 31 Kullavik, ist der Verantwortliche f\u00fcr die Verarbeitung personenbezogener Daten, die im&hellip;<\/p>\n","protected":false},"author":1,"featured_media":0,"parent":0,"menu_order":0,"comment_status":"closed","ping_status":"closed","template":"","meta":{"_acf_changed":false,"_monsterinsights_skip_tracking":false,"_monsterinsights_sitenote_active":false,"_monsterinsights_sitenote_note":"","_monsterinsights_sitenote_category":0,"_uf_show_specific_survey":0,"_uf_disable_surveys":false,"footnotes":""},"class_list":["post-31144","page","type-page","status-publish","hentry"],"acf":[],"yoast_head":"<!-- This site is optimized with the Yoast SEO plugin v27.3 - https:\/\/yoast.com\/product\/yoast-seo-wordpress\/ -->\n<title>Datenschutzrichtlinie - Svenska Jaktklubben<\/title>\n<meta name=\"robots\" content=\"index, follow, max-snippet:-1, max-image-preview:large, max-video-preview:-1\" \/>\n<link rel=\"canonical\" href=\"https:\/\/jaktklubben.com\/de\/datenschutzrichtlinie\/\" \/>\n<meta property=\"og:locale\" content=\"de_DE\" \/>\n<meta property=\"og:type\" content=\"article\" \/>\n<meta property=\"og:title\" content=\"Datenschutzrichtlinie - Svenska Jaktklubben\" \/>\n<meta property=\"og:description\" content=\"Datenschutzrichtlinie Verantwortung f\u00fcr die Verarbeitung Ihrer personenbezogenen Daten Svenska Jaktklubbent AB, (im Folgenden Jaktklubben genannt) Dalbergav\u00e4gen 24, 429 31 Kullavik, ist der Verantwortliche f\u00fcr die Verarbeitung personenbezogener Daten, die im&hellip;\" \/>\n<meta property=\"og:url\" content=\"https:\/\/jaktklubben.com\/de\/datenschutzrichtlinie\/\" \/>\n<meta property=\"og:site_name\" content=\"Svenska Jaktklubben\" \/>\n<meta property=\"article:modified_time\" content=\"2026-01-24T20:42:39+00:00\" \/>\n<meta name=\"twitter:card\" content=\"summary_large_image\" \/>\n<meta name=\"twitter:label1\" content=\"Gesch\u00e4tzte Lesezeit\" \/>\n\t<meta name=\"twitter:data1\" content=\"3\u00a0Minuten\" \/>\n<script type=\"application\/ld+json\" class=\"yoast-schema-graph\">{\"@context\":\"https:\\\/\\\/schema.org\",\"@graph\":[{\"@type\":\"WebPage\",\"@id\":\"https:\\\/\\\/jaktklubben.com\\\/de\\\/datenschutzrichtlinie\\\/\",\"url\":\"https:\\\/\\\/jaktklubben.com\\\/de\\\/datenschutzrichtlinie\\\/\",\"name\":\"Datenschutzrichtlinie - Svenska Jaktklubben\",\"isPartOf\":{\"@id\":\"https:\\\/\\\/jaktklubben.com\\\/#website\"},\"datePublished\":\"2021-01-01T08:23:10+00:00\",\"dateModified\":\"2026-01-24T20:42:39+00:00\",\"breadcrumb\":{\"@id\":\"https:\\\/\\\/jaktklubben.com\\\/de\\\/datenschutzrichtlinie\\\/#breadcrumb\"},\"inLanguage\":\"de\",\"potentialAction\":[{\"@type\":\"ReadAction\",\"target\":[\"https:\\\/\\\/jaktklubben.com\\\/de\\\/datenschutzrichtlinie\\\/\"]}]},{\"@type\":\"BreadcrumbList\",\"@id\":\"https:\\\/\\\/jaktklubben.com\\\/de\\\/datenschutzrichtlinie\\\/#breadcrumb\",\"itemListElement\":[{\"@type\":\"ListItem\",\"position\":1,\"name\":\"Home\",\"item\":\"https:\\\/\\\/jaktklubben.com\\\/de\\\/\"},{\"@type\":\"ListItem\",\"position\":2,\"name\":\"Datenschutzrichtlinie\"}]},{\"@type\":\"WebSite\",\"@id\":\"https:\\\/\\\/jaktklubben.com\\\/#website\",\"url\":\"https:\\\/\\\/jaktklubben.com\\\/\",\"name\":\"Svenska Jaktklubben\",\"description\":\"Swedish Hunting Club\",\"publisher\":{\"@id\":\"https:\\\/\\\/jaktklubben.com\\\/#organization\"},\"potentialAction\":[{\"@type\":\"SearchAction\",\"target\":{\"@type\":\"EntryPoint\",\"urlTemplate\":\"https:\\\/\\\/jaktklubben.com\\\/?s={search_term_string}\"},\"query-input\":{\"@type\":\"PropertyValueSpecification\",\"valueRequired\":true,\"valueName\":\"search_term_string\"}}],\"inLanguage\":\"de\"},{\"@type\":\"Organization\",\"@id\":\"https:\\\/\\\/jaktklubben.com\\\/#organization\",\"name\":\"Svenska Jaktklubben\",\"url\":\"https:\\\/\\\/jaktklubben.com\\\/\",\"logo\":{\"@type\":\"ImageObject\",\"inLanguage\":\"de\",\"@id\":\"https:\\\/\\\/jaktklubben.com\\\/#\\\/schema\\\/logo\\\/image\\\/\",\"url\":\"https:\\\/\\\/jaktklubben.com\\\/wp-content\\\/uploads\\\/2024\\\/06\\\/Asset-1-SJK-logo.png\",\"contentUrl\":\"https:\\\/\\\/jaktklubben.com\\\/wp-content\\\/uploads\\\/2024\\\/06\\\/Asset-1-SJK-logo.png\",\"width\":2253,\"height\":378,\"caption\":\"Svenska Jaktklubben\"},\"image\":{\"@id\":\"https:\\\/\\\/jaktklubben.com\\\/#\\\/schema\\\/logo\\\/image\\\/\"}}]}<\/script>\n<!-- \/ Yoast SEO plugin. -->","yoast_head_json":{"title":"Datenschutzrichtlinie - Svenska Jaktklubben","robots":{"index":"index","follow":"follow","max-snippet":"max-snippet:-1","max-image-preview":"max-image-preview:large","max-video-preview":"max-video-preview:-1"},"canonical":"https:\/\/jaktklubben.com\/de\/datenschutzrichtlinie\/","og_locale":"de_DE","og_type":"article","og_title":"Datenschutzrichtlinie - Svenska Jaktklubben","og_description":"Datenschutzrichtlinie Verantwortung f\u00fcr die Verarbeitung Ihrer personenbezogenen Daten Svenska Jaktklubbent AB, (im Folgenden Jaktklubben genannt) Dalbergav\u00e4gen 24, 429 31 Kullavik, ist der Verantwortliche f\u00fcr die Verarbeitung personenbezogener Daten, die im&hellip;","og_url":"https:\/\/jaktklubben.com\/de\/datenschutzrichtlinie\/","og_site_name":"Svenska Jaktklubben","article_modified_time":"2026-01-24T20:42:39+00:00","twitter_card":"summary_large_image","twitter_misc":{"Gesch\u00e4tzte Lesezeit":"3\u00a0Minuten"},"schema":{"@context":"https:\/\/schema.org","@graph":[{"@type":"WebPage","@id":"https:\/\/jaktklubben.com\/de\/datenschutzrichtlinie\/","url":"https:\/\/jaktklubben.com\/de\/datenschutzrichtlinie\/","name":"Datenschutzrichtlinie - Svenska Jaktklubben","isPartOf":{"@id":"https:\/\/jaktklubben.com\/#website"},"datePublished":"2021-01-01T08:23:10+00:00","dateModified":"2026-01-24T20:42:39+00:00","breadcrumb":{"@id":"https:\/\/jaktklubben.com\/de\/datenschutzrichtlinie\/#breadcrumb"},"inLanguage":"de","potentialAction":[{"@type":"ReadAction","target":["https:\/\/jaktklubben.com\/de\/datenschutzrichtlinie\/"]}]},{"@type":"BreadcrumbList","@id":"https:\/\/jaktklubben.com\/de\/datenschutzrichtlinie\/#breadcrumb","itemListElement":[{"@type":"ListItem","position":1,"name":"Home","item":"https:\/\/jaktklubben.com\/de\/"},{"@type":"ListItem","position":2,"name":"Datenschutzrichtlinie"}]},{"@type":"WebSite","@id":"https:\/\/jaktklubben.com\/#website","url":"https:\/\/jaktklubben.com\/","name":"Svenska Jaktklubben","description":"Swedish Hunting Club","publisher":{"@id":"https:\/\/jaktklubben.com\/#organization"},"potentialAction":[{"@type":"SearchAction","target":{"@type":"EntryPoint","urlTemplate":"https:\/\/jaktklubben.com\/?s={search_term_string}"},"query-input":{"@type":"PropertyValueSpecification","valueRequired":true,"valueName":"search_term_string"}}],"inLanguage":"de"},{"@type":"Organization","@id":"https:\/\/jaktklubben.com\/#organization","name":"Svenska Jaktklubben","url":"https:\/\/jaktklubben.com\/","logo":{"@type":"ImageObject","inLanguage":"de","@id":"https:\/\/jaktklubben.com\/#\/schema\/logo\/image\/","url":"https:\/\/jaktklubben.com\/wp-content\/uploads\/2024\/06\/Asset-1-SJK-logo.png","contentUrl":"https:\/\/jaktklubben.com\/wp-content\/uploads\/2024\/06\/Asset-1-SJK-logo.png","width":2253,"height":378,"caption":"Svenska Jaktklubben"},"image":{"@id":"https:\/\/jaktklubben.com\/#\/schema\/logo\/image\/"}}]}},"_links":{"self":[{"href":"https:\/\/jaktklubben.com\/de\/wp-json\/wp\/v2\/pages\/31144","targetHints":{"allow":["GET"]}}],"collection":[{"href":"https:\/\/jaktklubben.com\/de\/wp-json\/wp\/v2\/pages"}],"about":[{"href":"https:\/\/jaktklubben.com\/de\/wp-json\/wp\/v2\/types\/page"}],"author":[{"embeddable":true,"href":"https:\/\/jaktklubben.com\/de\/wp-json\/wp\/v2\/users\/1"}],"replies":[{"embeddable":true,"href":"https:\/\/jaktklubben.com\/de\/wp-json\/wp\/v2\/comments?post=31144"}],"version-history":[{"count":1,"href":"https:\/\/jaktklubben.com\/de\/wp-json\/wp\/v2\/pages\/31144\/revisions"}],"predecessor-version":[{"id":31146,"href":"https:\/\/jaktklubben.com\/de\/wp-json\/wp\/v2\/pages\/31144\/revisions\/31146"}],"wp:attachment":[{"href":"https:\/\/jaktklubben.com\/de\/wp-json\/wp\/v2\/media?parent=31144"}],"curies":[{"name":"wp","href":"https:\/\/api.w.org\/{rel}","templated":true}]}}