{"id":31816,"date":"2025-11-17T13:48:27","date_gmt":"2025-11-17T13:48:27","guid":{"rendered":"https:\/\/jaktklubben.com\/mitglied-werden\/"},"modified":"2026-02-02T14:20:57","modified_gmt":"2026-02-02T14:20:57","slug":"mitglied-werden","status":"publish","type":"page","link":"https:\/\/jaktklubben.com\/de\/mitglied-werden\/","title":{"rendered":"Mitglied-Werden"},"content":{"rendered":"\t\t<div data-elementor-type=\"wp-page\" data-elementor-id=\"31816\" class=\"elementor elementor-31816 elementor-26063\" data-elementor-post-type=\"page\">\n\t\t\t\t\t\t<section class=\"elementor-section-with-custom-width elementor-section elementor-top-section elementor-element elementor-element-e01663b page-cst-bg elementor-section-boxed elementor-section-height-default elementor-section-height-default sc_fly_static\" data-id=\"e01663b\" data-element_type=\"section\" data-e-type=\"section\" data-settings=\"{&quot;background_background&quot;:&quot;classic&quot;}\">\n\t\t\t\t\t\t<div class=\"elementor-container elementor-column-gap-extended\">\n\t\t\t\t\t<div class=\"elementor-column elementor-col-100 elementor-top-column elementor-element elementor-element-051204c sc_content_align_inherit sc_layouts_column_icons_position_left sc_fly_static\" data-id=\"051204c\" data-element_type=\"column\" data-e-type=\"column\">\n\t\t\t<div class=\"elementor-widget-wrap elementor-element-populated\">\n\t\t\t\t\t\t<div class=\"elementor-element elementor-element-a622b1a sc_fly_static elementor-widget elementor-widget-heading\" data-id=\"a622b1a\" data-element_type=\"widget\" data-e-type=\"widget\" data-widget_type=\"heading.default\">\n\t\t\t\t<div class=\"elementor-widget-container\">\n\t\t\t\t\t<h2 class=\"elementor-heading-title elementor-size-default\">MITGLIEDSANTRAG SCHRITT 1<\/h2>\t\t\t\t<\/div>\n\t\t\t\t<\/div>\n\t\t\t\t<div class=\"elementor-element elementor-element-14fb09a sc_fly_static elementor-widget elementor-widget-heading\" data-id=\"14fb09a\" data-element_type=\"widget\" data-e-type=\"widget\" data-widget_type=\"heading.default\">\n\t\t\t\t<div class=\"elementor-widget-container\">\n\t\t\t\t\t<h2 class=\"elementor-heading-title elementor-size-default\">Um die Mitgliedschaft zu beantragen, m\u00fcssen Sie diese in Ihren Warenkorb legen.<br>Sie k\u00f6nnen im n\u00e4chsten Schritt einen Rabattcode eingeben.<\/h2>\t\t\t\t<\/div>\n\t\t\t\t<\/div>\n\t\t\t\t<div class=\"elementor-element elementor-element-d5b0228 any-plan sc_fly_static elementor-widget elementor-widget-shortcode\" data-id=\"d5b0228\" data-element_type=\"widget\" data-e-type=\"widget\" data-widget_type=\"shortcode.default\">\n\t\t\t\t<div class=\"elementor-widget-container\">\n\t\t\t\t\t\t\t<div class=\"elementor-shortcode\"><div class=\"ich_level_wrap ihc_level_template_8\"><div class=\"ihc-level-item\"><div class=\"ihc-level-item-wrap\"><div class=\"ihc-level-item-top\"><div class=\"ihc-level-item-title\">J\u00e4hrliche Mitgliedschaft<\/div><\/div><div class=\"ihc-level-item-price\">SEK 485\/year<\/div><div class=\"ihc-level-item-content\">485 SEK per year. Cancel whenever you want.<\/div><div class=\"ihc-level-item-bottom\"><div onClick=\"ihcBuyNewLevel('https:\/\/jaktklubben.com\/en\/register\/?lid=1');\" class=\"ihc-level-item-link  ihc-cursor-pointer\">Add to cart<\/div><div class=\"iump-clear\"><\/div><\/div><\/div><\/div><\/div>\n<\/div>\n\t\t\t\t\t\t<\/div>\n\t\t\t\t<\/div>\n\t\t\t\t\t<\/div>\n\t\t<\/div>\n\t\t\t\t\t<\/div>\n\t\t<\/section>\n\t\t\t\t<\/div>\n\t\t","protected":false},"excerpt":{"rendered":"<p>MITGLIEDSANTRAG SCHRITT 1 Um die Mitgliedschaft zu beantragen, m\u00fcssen Sie diese in Ihren Warenkorb legen.Sie k\u00f6nnen im n\u00e4chsten Schritt einen Rabattcode eingeben.<\/p>\n","protected":false},"author":1,"featured_media":0,"parent":0,"menu_order":0,"comment_status":"closed","ping_status":"closed","template":"","meta":{"_acf_changed":false,"_monsterinsights_skip_tracking":false,"_monsterinsights_sitenote_active":false,"_monsterinsights_sitenote_note":"","_monsterinsights_sitenote_category":0,"_uf_show_specific_survey":0,"_uf_disable_surveys":false,"footnotes":""},"class_list":["post-31816","page","type-page","status-publish","hentry"],"acf":[],"yoast_head":"<!-- This site is optimized with the Yoast SEO plugin v27.3 - https:\/\/yoast.com\/product\/yoast-seo-wordpress\/ -->\n<title>Mitglied-Werden - Svenska Jaktklubben<\/title>\n<meta name=\"description\" content=\"Werden Sie Mitglied im Schwedischen Jagdclub! Jagen Sie mehr, erkunden Sie neues Terrain und erhalten Sie Zugang zu hochwertigen Jagden mit vertrauensw\u00fcrdigen Organisatoren.\" \/>\n<meta name=\"robots\" content=\"index, follow, max-snippet:-1, max-image-preview:large, max-video-preview:-1\" \/>\n<link rel=\"canonical\" href=\"https:\/\/jaktklubben.com\/de\/mitglied-werden\/\" \/>\n<meta property=\"og:locale\" content=\"de_DE\" \/>\n<meta property=\"og:type\" content=\"article\" \/>\n<meta property=\"og:title\" content=\"Mitglied-Werden - Svenska Jaktklubben\" \/>\n<meta property=\"og:description\" content=\"Werden Sie Mitglied im Schwedischen Jagdclub! Jagen Sie mehr, erkunden Sie neues Terrain und erhalten Sie Zugang zu hochwertigen Jagden mit vertrauensw\u00fcrdigen Organisatoren.\" \/>\n<meta property=\"og:url\" content=\"https:\/\/jaktklubben.com\/de\/mitglied-werden\/\" \/>\n<meta property=\"og:site_name\" content=\"Svenska Jaktklubben\" \/>\n<meta property=\"article:modified_time\" content=\"2026-02-02T14:20:57+00:00\" \/>\n<meta name=\"twitter:card\" content=\"summary_large_image\" \/>\n<script type=\"application\/ld+json\" class=\"yoast-schema-graph\">{\"@context\":\"https:\\\/\\\/schema.org\",\"@graph\":[{\"@type\":\"WebPage\",\"@id\":\"https:\\\/\\\/jaktklubben.com\\\/de\\\/mitglied-werden\\\/\",\"url\":\"https:\\\/\\\/jaktklubben.com\\\/de\\\/mitglied-werden\\\/\",\"name\":\"Mitglied-Werden - Svenska Jaktklubben\",\"isPartOf\":{\"@id\":\"https:\\\/\\\/jaktklubben.com\\\/#website\"},\"datePublished\":\"2025-11-17T13:48:27+00:00\",\"dateModified\":\"2026-02-02T14:20:57+00:00\",\"description\":\"Werden Sie Mitglied im Schwedischen Jagdclub! Jagen Sie mehr, erkunden Sie neues Terrain und erhalten Sie Zugang zu hochwertigen Jagden mit vertrauensw\u00fcrdigen Organisatoren.\",\"breadcrumb\":{\"@id\":\"https:\\\/\\\/jaktklubben.com\\\/de\\\/mitglied-werden\\\/#breadcrumb\"},\"inLanguage\":\"de\",\"potentialAction\":[{\"@type\":\"ReadAction\",\"target\":[\"https:\\\/\\\/jaktklubben.com\\\/de\\\/mitglied-werden\\\/\"]}]},{\"@type\":\"BreadcrumbList\",\"@id\":\"https:\\\/\\\/jaktklubben.com\\\/de\\\/mitglied-werden\\\/#breadcrumb\",\"itemListElement\":[{\"@type\":\"ListItem\",\"position\":1,\"name\":\"Home\",\"item\":\"https:\\\/\\\/jaktklubben.com\\\/de\\\/\"},{\"@type\":\"ListItem\",\"position\":2,\"name\":\"Mitglied-Werden\"}]},{\"@type\":\"WebSite\",\"@id\":\"https:\\\/\\\/jaktklubben.com\\\/#website\",\"url\":\"https:\\\/\\\/jaktklubben.com\\\/\",\"name\":\"Svenska Jaktklubben\",\"description\":\"Swedish Hunting Club\",\"publisher\":{\"@id\":\"https:\\\/\\\/jaktklubben.com\\\/#organization\"},\"potentialAction\":[{\"@type\":\"SearchAction\",\"target\":{\"@type\":\"EntryPoint\",\"urlTemplate\":\"https:\\\/\\\/jaktklubben.com\\\/?s={search_term_string}\"},\"query-input\":{\"@type\":\"PropertyValueSpecification\",\"valueRequired\":true,\"valueName\":\"search_term_string\"}}],\"inLanguage\":\"de\"},{\"@type\":\"Organization\",\"@id\":\"https:\\\/\\\/jaktklubben.com\\\/#organization\",\"name\":\"Svenska Jaktklubben\",\"url\":\"https:\\\/\\\/jaktklubben.com\\\/\",\"logo\":{\"@type\":\"ImageObject\",\"inLanguage\":\"de\",\"@id\":\"https:\\\/\\\/jaktklubben.com\\\/#\\\/schema\\\/logo\\\/image\\\/\",\"url\":\"https:\\\/\\\/jaktklubben.com\\\/wp-content\\\/uploads\\\/2024\\\/06\\\/Asset-1-SJK-logo.png\",\"contentUrl\":\"https:\\\/\\\/jaktklubben.com\\\/wp-content\\\/uploads\\\/2024\\\/06\\\/Asset-1-SJK-logo.png\",\"width\":2253,\"height\":378,\"caption\":\"Svenska Jaktklubben\"},\"image\":{\"@id\":\"https:\\\/\\\/jaktklubben.com\\\/#\\\/schema\\\/logo\\\/image\\\/\"}}]}<\/script>\n<!-- \/ Yoast SEO plugin. -->","yoast_head_json":{"title":"Mitglied-Werden - Svenska Jaktklubben","description":"Werden Sie Mitglied im Schwedischen Jagdclub! Jagen Sie mehr, erkunden Sie neues Terrain und erhalten Sie Zugang zu hochwertigen Jagden mit vertrauensw\u00fcrdigen Organisatoren.","robots":{"index":"index","follow":"follow","max-snippet":"max-snippet:-1","max-image-preview":"max-image-preview:large","max-video-preview":"max-video-preview:-1"},"canonical":"https:\/\/jaktklubben.com\/de\/mitglied-werden\/","og_locale":"de_DE","og_type":"article","og_title":"Mitglied-Werden - Svenska Jaktklubben","og_description":"Werden Sie Mitglied im Schwedischen Jagdclub! Jagen Sie mehr, erkunden Sie neues Terrain und erhalten Sie Zugang zu hochwertigen Jagden mit vertrauensw\u00fcrdigen Organisatoren.","og_url":"https:\/\/jaktklubben.com\/de\/mitglied-werden\/","og_site_name":"Svenska Jaktklubben","article_modified_time":"2026-02-02T14:20:57+00:00","twitter_card":"summary_large_image","schema":{"@context":"https:\/\/schema.org","@graph":[{"@type":"WebPage","@id":"https:\/\/jaktklubben.com\/de\/mitglied-werden\/","url":"https:\/\/jaktklubben.com\/de\/mitglied-werden\/","name":"Mitglied-Werden - Svenska Jaktklubben","isPartOf":{"@id":"https:\/\/jaktklubben.com\/#website"},"datePublished":"2025-11-17T13:48:27+00:00","dateModified":"2026-02-02T14:20:57+00:00","description":"Werden Sie Mitglied im Schwedischen Jagdclub! Jagen Sie mehr, erkunden Sie neues Terrain und erhalten Sie Zugang zu hochwertigen Jagden mit vertrauensw\u00fcrdigen Organisatoren.","breadcrumb":{"@id":"https:\/\/jaktklubben.com\/de\/mitglied-werden\/#breadcrumb"},"inLanguage":"de","potentialAction":[{"@type":"ReadAction","target":["https:\/\/jaktklubben.com\/de\/mitglied-werden\/"]}]},{"@type":"BreadcrumbList","@id":"https:\/\/jaktklubben.com\/de\/mitglied-werden\/#breadcrumb","itemListElement":[{"@type":"ListItem","position":1,"name":"Home","item":"https:\/\/jaktklubben.com\/de\/"},{"@type":"ListItem","position":2,"name":"Mitglied-Werden"}]},{"@type":"WebSite","@id":"https:\/\/jaktklubben.com\/#website","url":"https:\/\/jaktklubben.com\/","name":"Svenska Jaktklubben","description":"Swedish Hunting Club","publisher":{"@id":"https:\/\/jaktklubben.com\/#organization"},"potentialAction":[{"@type":"SearchAction","target":{"@type":"EntryPoint","urlTemplate":"https:\/\/jaktklubben.com\/?s={search_term_string}"},"query-input":{"@type":"PropertyValueSpecification","valueRequired":true,"valueName":"search_term_string"}}],"inLanguage":"de"},{"@type":"Organization","@id":"https:\/\/jaktklubben.com\/#organization","name":"Svenska Jaktklubben","url":"https:\/\/jaktklubben.com\/","logo":{"@type":"ImageObject","inLanguage":"de","@id":"https:\/\/jaktklubben.com\/#\/schema\/logo\/image\/","url":"https:\/\/jaktklubben.com\/wp-content\/uploads\/2024\/06\/Asset-1-SJK-logo.png","contentUrl":"https:\/\/jaktklubben.com\/wp-content\/uploads\/2024\/06\/Asset-1-SJK-logo.png","width":2253,"height":378,"caption":"Svenska Jaktklubben"},"image":{"@id":"https:\/\/jaktklubben.com\/#\/schema\/logo\/image\/"}}]}},"_links":{"self":[{"href":"https:\/\/jaktklubben.com\/de\/wp-json\/wp\/v2\/pages\/31816","targetHints":{"allow":["GET"]}}],"collection":[{"href":"https:\/\/jaktklubben.com\/de\/wp-json\/wp\/v2\/pages"}],"about":[{"href":"https:\/\/jaktklubben.com\/de\/wp-json\/wp\/v2\/types\/page"}],"author":[{"embeddable":true,"href":"https:\/\/jaktklubben.com\/de\/wp-json\/wp\/v2\/users\/1"}],"replies":[{"embeddable":true,"href":"https:\/\/jaktklubben.com\/de\/wp-json\/wp\/v2\/comments?post=31816"}],"version-history":[{"count":1,"href":"https:\/\/jaktklubben.com\/de\/wp-json\/wp\/v2\/pages\/31816\/revisions"}],"predecessor-version":[{"id":31817,"href":"https:\/\/jaktklubben.com\/de\/wp-json\/wp\/v2\/pages\/31816\/revisions\/31817"}],"wp:attachment":[{"href":"https:\/\/jaktklubben.com\/de\/wp-json\/wp\/v2\/media?parent=31816"}],"curies":[{"name":"wp","href":"https:\/\/api.w.org\/{rel}","templated":true}]}}