{"id":25852,"date":"2025-12-04T17:41:38","date_gmt":"2025-12-04T17:41:38","guid":{"rendered":"https:\/\/jaktklubben.com\/?page_id=25852"},"modified":"2026-02-26T10:09:44","modified_gmt":"2026-02-26T10:09:44","slug":"hunters-exam","status":"publish","type":"page","link":"https:\/\/jaktklubben.com\/en\/hunters-exam\/","title":{"rendered":"Hunter&#8217;s Exam"},"content":{"rendered":"\t\t<div data-elementor-type=\"wp-page\" data-elementor-id=\"25852\" class=\"elementor elementor-25852\" data-elementor-post-type=\"page\">\n\t\t\t\t\t\t<section class=\"elementor-section-with-custom-width elementor-section elementor-top-section elementor-element elementor-element-1926af0 page-cst-bg elementor-section-boxed elementor-section-height-default elementor-section-height-default sc_fly_static\" data-id=\"1926af0\" data-element_type=\"section\" data-e-type=\"section\" data-settings=\"{&quot;background_background&quot;:&quot;classic&quot;}\">\n\t\t\t\t\t\t<div class=\"elementor-container elementor-column-gap-extended\">\n\t\t\t\t\t<div class=\"elementor-column elementor-col-100 elementor-top-column elementor-element elementor-element-4e9a40f sc_content_align_inherit sc_layouts_column_icons_position_left sc_fly_static\" data-id=\"4e9a40f\" data-element_type=\"column\" data-e-type=\"column\">\n\t\t\t<div class=\"elementor-widget-wrap elementor-element-populated\">\n\t\t\t\t\t\t<div class=\"elementor-element elementor-element-edf0402 sc_fly_static elementor-widget elementor-widget-heading\" data-id=\"edf0402\" data-element_type=\"widget\" data-e-type=\"widget\" data-widget_type=\"heading.default\">\n\t\t\t\t<div class=\"elementor-widget-container\">\n\t\t\t\t\t<h2 class=\"elementor-heading-title elementor-size-default\">Hunter's Exam<\/h2>\t\t\t\t<\/div>\n\t\t\t\t<\/div>\n\t\t\t\t<div class=\"elementor-element elementor-element-b27819d sc_fly_static elementor-widget elementor-widget-text-editor\" data-id=\"b27819d\" data-element_type=\"widget\" data-e-type=\"widget\" data-widget_type=\"text-editor.default\">\n\t\t\t\t<div class=\"elementor-widget-container\">\n\t\t\t\t\t\t\t\t\t<p>We recommend:<\/p>\t\t\t\t\t\t\t\t<\/div>\n\t\t\t\t<\/div>\n\t\t\t\t<section class=\"elementor-section elementor-inner-section elementor-element elementor-element-7b52b95 elementor-section-boxed elementor-section-height-default elementor-section-height-default sc_fly_static\" data-id=\"7b52b95\" data-element_type=\"section\" data-e-type=\"section\">\n\t\t\t\t\t\t<div class=\"elementor-container elementor-column-gap-extended\">\n\t\t\t\t\t<div class=\"elementor-column elementor-col-25 elementor-inner-column elementor-element elementor-element-8975e00 sc_content_align_inherit sc_layouts_column_icons_position_left sc_fly_static\" data-id=\"8975e00\" data-element_type=\"column\" data-e-type=\"column\">\n\t\t\t<div class=\"elementor-widget-wrap elementor-element-populated\">\n\t\t\t\t\t\t<div class=\"elementor-element elementor-element-ebdec03 with-elementor-animation-float sc_fly_static elementor-widget elementor-widget-image\" data-id=\"ebdec03\" data-element_type=\"widget\" data-e-type=\"widget\" data-widget_type=\"image.default\">\n\t\t\t\t<div class=\"elementor-widget-container\">\n\t\t\t\t\t\t\t\t\t\t\t\t\t\t\t<img decoding=\"async\" width=\"200\" height=\"130\" src=\"https:\/\/jaktklubben.com\/wp-content\/uploads\/2026\/02\/66f42d89820957c12b2a252a_Sydjakt.png\" class=\"elementor-animation-float attachment-large size-large wp-image-32719\" alt=\"\" \/>\t\t\t\t\t\t\t\t\t\t\t\t\t\t\t<\/div>\n\t\t\t\t<\/div>\n\t\t\t\t<div class=\"elementor-element elementor-element-fb26d6e sc_fly_static elementor-widget elementor-widget-heading\" data-id=\"fb26d6e\" data-element_type=\"widget\" data-e-type=\"widget\" data-widget_type=\"heading.default\">\n\t\t\t\t<div class=\"elementor-widget-container\">\n\t\t\t\t\t<h2 class=\"elementor-heading-title elementor-size-default\"><a href=\"https:\/\/sydjakt.se\/\" target=\"_blank\">\nSydjakt.se<\/a><\/h2>\t\t\t\t<\/div>\n\t\t\t\t<\/div>\n\t\t\t\t\t<\/div>\n\t\t<\/div>\n\t\t\t\t<div class=\"elementor-column elementor-col-25 elementor-inner-column elementor-element elementor-element-c0d2ac5 sc_content_align_inherit sc_layouts_column_icons_position_left sc_fly_static\" data-id=\"c0d2ac5\" data-element_type=\"column\" data-e-type=\"column\">\n\t\t\t<div class=\"elementor-widget-wrap elementor-element-populated\">\n\t\t\t\t\t\t<div class=\"elementor-element elementor-element-7df11f9 with-elementor-animation-float sc_fly_static elementor-widget elementor-widget-image\" data-id=\"7df11f9\" data-element_type=\"widget\" data-e-type=\"widget\" data-widget_type=\"image.default\">\n\t\t\t\t<div class=\"elementor-widget-container\">\n\t\t\t\t\t\t\t\t\t\t\t\t\t\t\t<img decoding=\"async\" width=\"200\" height=\"130\" src=\"https:\/\/jaktklubben.com\/wp-content\/uploads\/2026\/02\/66f42d8934c606d048db6d18_Skattegarden.jpg\" class=\"elementor-animation-float attachment-large size-large wp-image-32720\" alt=\"\" \/>\t\t\t\t\t\t\t\t\t\t\t\t\t\t\t<\/div>\n\t\t\t\t<\/div>\n\t\t\t\t<div class=\"elementor-element elementor-element-5855e6d sc_fly_static elementor-widget elementor-widget-heading\" data-id=\"5855e6d\" data-element_type=\"widget\" data-e-type=\"widget\" data-widget_type=\"heading.default\">\n\t\t\t\t<div class=\"elementor-widget-container\">\n\t\t\t\t\t<h2 class=\"elementor-heading-title elementor-size-default\"><a href=\"http:\/\/www.skattegardensvilt.se\/jaktskolan\" target=\"_blank\">Skatteg\u00e5rden<\/a><\/h2>\t\t\t\t<\/div>\n\t\t\t\t<\/div>\n\t\t\t\t\t<\/div>\n\t\t<\/div>\n\t\t\t\t<div class=\"elementor-column elementor-col-25 elementor-inner-column elementor-element elementor-element-6e7d70b sc_content_align_inherit sc_layouts_column_icons_position_left sc_fly_static\" data-id=\"6e7d70b\" data-element_type=\"column\" data-e-type=\"column\">\n\t\t\t<div class=\"elementor-widget-wrap elementor-element-populated\">\n\t\t\t\t\t\t<div class=\"elementor-element elementor-element-d7c7397 with-elementor-animation-float sc_fly_static elementor-widget elementor-widget-image\" data-id=\"d7c7397\" data-element_type=\"widget\" data-e-type=\"widget\" data-widget_type=\"image.default\">\n\t\t\t\t<div class=\"elementor-widget-container\">\n\t\t\t\t\t\t\t\t\t\t\t\t\t\t\t<img fetchpriority=\"high\" decoding=\"async\" width=\"1024\" height=\"836\" src=\"https:\/\/jaktklubben.com\/wp-content\/uploads\/2026\/02\/673254a2ee1f7a4c1a1c1476_Logo-JRF-p-1080-1024x836.png\" class=\"elementor-animation-float attachment-large size-large wp-image-32721\" alt=\"\" srcset=\"https:\/\/jaktklubben.com\/wp-content\/uploads\/2026\/02\/673254a2ee1f7a4c1a1c1476_Logo-JRF-p-1080-1024x836.png 1024w, https:\/\/jaktklubben.com\/wp-content\/uploads\/2026\/02\/673254a2ee1f7a4c1a1c1476_Logo-JRF-p-1080-300x245.png 300w, https:\/\/jaktklubben.com\/wp-content\/uploads\/2026\/02\/673254a2ee1f7a4c1a1c1476_Logo-JRF-p-1080-768x627.png 768w, https:\/\/jaktklubben.com\/wp-content\/uploads\/2026\/02\/673254a2ee1f7a4c1a1c1476_Logo-JRF-p-1080-370x302.png 370w, https:\/\/jaktklubben.com\/wp-content\/uploads\/2026\/02\/673254a2ee1f7a4c1a1c1476_Logo-JRF-p-1080-840x686.png 840w, https:\/\/jaktklubben.com\/wp-content\/uploads\/2026\/02\/673254a2ee1f7a4c1a1c1476_Logo-JRF-p-1080-410x335.png 410w, https:\/\/jaktklubben.com\/wp-content\/uploads\/2026\/02\/673254a2ee1f7a4c1a1c1476_Logo-JRF-p-1080.png 1080w\" sizes=\"(max-width: 1024px) 100vw, 1024px\" \/>\t\t\t\t\t\t\t\t\t\t\t\t\t\t\t<\/div>\n\t\t\t\t<\/div>\n\t\t\t\t<div class=\"elementor-element elementor-element-2e32df8 sc_fly_static elementor-widget elementor-widget-heading\" data-id=\"2e32df8\" data-element_type=\"widget\" data-e-type=\"widget\" data-widget_type=\"heading.default\">\n\t\t\t\t<div class=\"elementor-widget-container\">\n\t\t\t\t\t<h2 class=\"elementor-heading-title elementor-size-default\"><a href=\"https:\/\/www.jagarnasriksforbund.se\/utbildning\/kurser\/\" target=\"_blank\">\nJ\u00e4garnas Riksf\u00f6rbund<\/a><\/h2>\t\t\t\t<\/div>\n\t\t\t\t<\/div>\n\t\t\t\t\t<\/div>\n\t\t<\/div>\n\t\t\t\t<div class=\"elementor-column elementor-col-25 elementor-inner-column elementor-element elementor-element-9426128 sc_content_align_inherit sc_layouts_column_icons_position_left sc_fly_static\" data-id=\"9426128\" data-element_type=\"column\" data-e-type=\"column\">\n\t\t\t<div class=\"elementor-widget-wrap elementor-element-populated\">\n\t\t\t\t\t\t<div class=\"elementor-element elementor-element-9b0a546 with-elementor-animation-float sc_fly_static elementor-widget elementor-widget-image\" data-id=\"9b0a546\" data-element_type=\"widget\" data-e-type=\"widget\" data-widget_type=\"image.default\">\n\t\t\t\t<div class=\"elementor-widget-container\">\n\t\t\t\t\t\t\t\t\t\t\t\t\t\t\t<img loading=\"lazy\" decoding=\"async\" width=\"840\" height=\"511\" src=\"https:\/\/jaktklubben.com\/wp-content\/uploads\/2026\/02\/RHS-Logo-Ny-Namnet-undertill-Genomskinlig-bakgrund-1.png\" class=\"elementor-animation-float attachment-large size-large wp-image-32738\" alt=\"\" srcset=\"https:\/\/jaktklubben.com\/wp-content\/uploads\/2026\/02\/RHS-Logo-Ny-Namnet-undertill-Genomskinlig-bakgrund-1.png 840w, https:\/\/jaktklubben.com\/wp-content\/uploads\/2026\/02\/RHS-Logo-Ny-Namnet-undertill-Genomskinlig-bakgrund-1-300x183.png 300w, https:\/\/jaktklubben.com\/wp-content\/uploads\/2026\/02\/RHS-Logo-Ny-Namnet-undertill-Genomskinlig-bakgrund-1-768x467.png 768w, https:\/\/jaktklubben.com\/wp-content\/uploads\/2026\/02\/RHS-Logo-Ny-Namnet-undertill-Genomskinlig-bakgrund-1-370x225.png 370w, https:\/\/jaktklubben.com\/wp-content\/uploads\/2026\/02\/RHS-Logo-Ny-Namnet-undertill-Genomskinlig-bakgrund-1-410x249.png 410w\" sizes=\"(max-width: 840px) 100vw, 840px\" \/>\t\t\t\t\t\t\t\t\t\t\t\t\t\t\t<\/div>\n\t\t\t\t<\/div>\n\t\t\t\t<div class=\"elementor-element elementor-element-d3bfbb9 sc_fly_static elementor-widget elementor-widget-heading\" data-id=\"d3bfbb9\" data-element_type=\"widget\" data-e-type=\"widget\" data-widget_type=\"heading.default\">\n\t\t\t\t<div class=\"elementor-widget-container\">\n\t\t\t\t\t<h2 class=\"elementor-heading-title elementor-size-default\"><a href=\"https:\/\/www.royalhuntingsweden.com\/\" target=\"_blank\">ROYAL HUNTING SWEDEN<\/a><\/h2>\t\t\t\t<\/div>\n\t\t\t\t<\/div>\n\t\t\t\t\t<\/div>\n\t\t<\/div>\n\t\t\t\t\t<\/div>\n\t\t<\/section>\n\t\t\t\t\t<\/div>\n\t\t<\/div>\n\t\t\t\t\t<\/div>\n\t\t<\/section>\n\t\t\t\t<\/div>\n\t\t","protected":false},"excerpt":{"rendered":"<p>Hunter&#8217;s Exam We recommend: Sydjakt.se Skatteg\u00e5rden J\u00e4garnas Riksf\u00f6rbund ROYAL HUNTING SWEDEN<\/p>\n","protected":false},"author":1,"featured_media":0,"parent":0,"menu_order":0,"comment_status":"closed","ping_status":"closed","template":"","meta":{"_acf_changed":false,"_monsterinsights_skip_tracking":false,"_monsterinsights_sitenote_active":false,"_monsterinsights_sitenote_note":"","_monsterinsights_sitenote_category":0,"_uf_show_specific_survey":0,"_uf_disable_surveys":false,"footnotes":""},"class_list":["post-25852","page","type-page","status-publish","hentry"],"acf":[],"yoast_head":"<!-- This site is optimized with the Yoast SEO plugin v27.3 - https:\/\/yoast.com\/product\/yoast-seo-wordpress\/ -->\n<title>Hunter&#039;s Exam - Svenska Jaktklubben<\/title>\n<meta name=\"description\" content=\"Take the Hunter\u2019s Exam with instructors recommended by the Swedish Hunting Club\u2014experienced professionals with proven quality and expertise.\" \/>\n<meta name=\"robots\" content=\"index, follow, max-snippet:-1, max-image-preview:large, max-video-preview:-1\" \/>\n<link rel=\"canonical\" href=\"https:\/\/jaktklubben.com\/en\/hunters-exam\/\" \/>\n<meta property=\"og:locale\" content=\"en_US\" \/>\n<meta property=\"og:type\" content=\"article\" \/>\n<meta property=\"og:title\" content=\"Hunter&#039;s Exam - Svenska Jaktklubben\" \/>\n<meta property=\"og:description\" content=\"Take the Hunter\u2019s Exam with instructors recommended by the Swedish Hunting Club\u2014experienced professionals with proven quality and expertise.\" \/>\n<meta property=\"og:url\" content=\"https:\/\/jaktklubben.com\/en\/hunters-exam\/\" \/>\n<meta property=\"og:site_name\" content=\"Svenska Jaktklubben\" \/>\n<meta property=\"article:modified_time\" content=\"2026-02-26T10:09:44+00:00\" \/>\n<meta property=\"og:image\" content=\"https:\/\/jaktklubben.com\/wp-content\/uploads\/2026\/02\/66f42d89820957c12b2a252a_Sydjakt.png\" \/>\n<meta name=\"twitter:card\" content=\"summary_large_image\" \/>\n<meta name=\"twitter:label1\" content=\"Est. reading time\" \/>\n\t<meta name=\"twitter:data1\" content=\"1 minute\" \/>\n<script type=\"application\/ld+json\" class=\"yoast-schema-graph\">{\"@context\":\"https:\\\/\\\/schema.org\",\"@graph\":[{\"@type\":\"WebPage\",\"@id\":\"https:\\\/\\\/jaktklubben.com\\\/en\\\/hunters-exam\\\/\",\"url\":\"https:\\\/\\\/jaktklubben.com\\\/en\\\/hunters-exam\\\/\",\"name\":\"Hunter's Exam - Svenska Jaktklubben\",\"isPartOf\":{\"@id\":\"https:\\\/\\\/jaktklubben.com\\\/#website\"},\"primaryImageOfPage\":{\"@id\":\"https:\\\/\\\/jaktklubben.com\\\/en\\\/hunters-exam\\\/#primaryimage\"},\"image\":{\"@id\":\"https:\\\/\\\/jaktklubben.com\\\/en\\\/hunters-exam\\\/#primaryimage\"},\"thumbnailUrl\":\"https:\\\/\\\/jaktklubben.com\\\/wp-content\\\/uploads\\\/2026\\\/02\\\/66f42d89820957c12b2a252a_Sydjakt.png\",\"datePublished\":\"2025-12-04T17:41:38+00:00\",\"dateModified\":\"2026-02-26T10:09:44+00:00\",\"description\":\"Take the Hunter\u2019s Exam with instructors recommended by the Swedish Hunting Club\u2014experienced professionals with proven quality and expertise.\",\"breadcrumb\":{\"@id\":\"https:\\\/\\\/jaktklubben.com\\\/en\\\/hunters-exam\\\/#breadcrumb\"},\"inLanguage\":\"en-US\",\"potentialAction\":[{\"@type\":\"ReadAction\",\"target\":[\"https:\\\/\\\/jaktklubben.com\\\/en\\\/hunters-exam\\\/\"]}]},{\"@type\":\"ImageObject\",\"inLanguage\":\"en-US\",\"@id\":\"https:\\\/\\\/jaktklubben.com\\\/en\\\/hunters-exam\\\/#primaryimage\",\"url\":\"https:\\\/\\\/jaktklubben.com\\\/wp-content\\\/uploads\\\/2026\\\/02\\\/66f42d89820957c12b2a252a_Sydjakt.png\",\"contentUrl\":\"https:\\\/\\\/jaktklubben.com\\\/wp-content\\\/uploads\\\/2026\\\/02\\\/66f42d89820957c12b2a252a_Sydjakt.png\"},{\"@type\":\"BreadcrumbList\",\"@id\":\"https:\\\/\\\/jaktklubben.com\\\/en\\\/hunters-exam\\\/#breadcrumb\",\"itemListElement\":[{\"@type\":\"ListItem\",\"position\":1,\"name\":\"Home\",\"item\":\"https:\\\/\\\/jaktklubben.com\\\/en\\\/\"},{\"@type\":\"ListItem\",\"position\":2,\"name\":\"Hunter&#8217;s Exam\"}]},{\"@type\":\"WebSite\",\"@id\":\"https:\\\/\\\/jaktklubben.com\\\/#website\",\"url\":\"https:\\\/\\\/jaktklubben.com\\\/\",\"name\":\"Svenska Jaktklubben\",\"description\":\"Swedish Hunting Club\",\"publisher\":{\"@id\":\"https:\\\/\\\/jaktklubben.com\\\/#organization\"},\"potentialAction\":[{\"@type\":\"SearchAction\",\"target\":{\"@type\":\"EntryPoint\",\"urlTemplate\":\"https:\\\/\\\/jaktklubben.com\\\/?s={search_term_string}\"},\"query-input\":{\"@type\":\"PropertyValueSpecification\",\"valueRequired\":true,\"valueName\":\"search_term_string\"}}],\"inLanguage\":\"en-US\"},{\"@type\":\"Organization\",\"@id\":\"https:\\\/\\\/jaktklubben.com\\\/#organization\",\"name\":\"Svenska Jaktklubben\",\"url\":\"https:\\\/\\\/jaktklubben.com\\\/\",\"logo\":{\"@type\":\"ImageObject\",\"inLanguage\":\"en-US\",\"@id\":\"https:\\\/\\\/jaktklubben.com\\\/#\\\/schema\\\/logo\\\/image\\\/\",\"url\":\"https:\\\/\\\/jaktklubben.com\\\/wp-content\\\/uploads\\\/2024\\\/06\\\/Asset-1-SJK-logo.png\",\"contentUrl\":\"https:\\\/\\\/jaktklubben.com\\\/wp-content\\\/uploads\\\/2024\\\/06\\\/Asset-1-SJK-logo.png\",\"width\":2253,\"height\":378,\"caption\":\"Svenska Jaktklubben\"},\"image\":{\"@id\":\"https:\\\/\\\/jaktklubben.com\\\/#\\\/schema\\\/logo\\\/image\\\/\"}}]}<\/script>\n<!-- \/ Yoast SEO plugin. -->","yoast_head_json":{"title":"Hunter's Exam - Svenska Jaktklubben","description":"Take the Hunter\u2019s Exam with instructors recommended by the Swedish Hunting Club\u2014experienced professionals with proven quality and expertise.","robots":{"index":"index","follow":"follow","max-snippet":"max-snippet:-1","max-image-preview":"max-image-preview:large","max-video-preview":"max-video-preview:-1"},"canonical":"https:\/\/jaktklubben.com\/en\/hunters-exam\/","og_locale":"en_US","og_type":"article","og_title":"Hunter's Exam - Svenska Jaktklubben","og_description":"Take the Hunter\u2019s Exam with instructors recommended by the Swedish Hunting Club\u2014experienced professionals with proven quality and expertise.","og_url":"https:\/\/jaktklubben.com\/en\/hunters-exam\/","og_site_name":"Svenska Jaktklubben","article_modified_time":"2026-02-26T10:09:44+00:00","og_image":[{"url":"https:\/\/jaktklubben.com\/wp-content\/uploads\/2026\/02\/66f42d89820957c12b2a252a_Sydjakt.png","type":"","width":"","height":""}],"twitter_card":"summary_large_image","twitter_misc":{"Est. reading time":"1 minute"},"schema":{"@context":"https:\/\/schema.org","@graph":[{"@type":"WebPage","@id":"https:\/\/jaktklubben.com\/en\/hunters-exam\/","url":"https:\/\/jaktklubben.com\/en\/hunters-exam\/","name":"Hunter's Exam - Svenska Jaktklubben","isPartOf":{"@id":"https:\/\/jaktklubben.com\/#website"},"primaryImageOfPage":{"@id":"https:\/\/jaktklubben.com\/en\/hunters-exam\/#primaryimage"},"image":{"@id":"https:\/\/jaktklubben.com\/en\/hunters-exam\/#primaryimage"},"thumbnailUrl":"https:\/\/jaktklubben.com\/wp-content\/uploads\/2026\/02\/66f42d89820957c12b2a252a_Sydjakt.png","datePublished":"2025-12-04T17:41:38+00:00","dateModified":"2026-02-26T10:09:44+00:00","description":"Take the Hunter\u2019s Exam with instructors recommended by the Swedish Hunting Club\u2014experienced professionals with proven quality and expertise.","breadcrumb":{"@id":"https:\/\/jaktklubben.com\/en\/hunters-exam\/#breadcrumb"},"inLanguage":"en-US","potentialAction":[{"@type":"ReadAction","target":["https:\/\/jaktklubben.com\/en\/hunters-exam\/"]}]},{"@type":"ImageObject","inLanguage":"en-US","@id":"https:\/\/jaktklubben.com\/en\/hunters-exam\/#primaryimage","url":"https:\/\/jaktklubben.com\/wp-content\/uploads\/2026\/02\/66f42d89820957c12b2a252a_Sydjakt.png","contentUrl":"https:\/\/jaktklubben.com\/wp-content\/uploads\/2026\/02\/66f42d89820957c12b2a252a_Sydjakt.png"},{"@type":"BreadcrumbList","@id":"https:\/\/jaktklubben.com\/en\/hunters-exam\/#breadcrumb","itemListElement":[{"@type":"ListItem","position":1,"name":"Home","item":"https:\/\/jaktklubben.com\/en\/"},{"@type":"ListItem","position":2,"name":"Hunter&#8217;s Exam"}]},{"@type":"WebSite","@id":"https:\/\/jaktklubben.com\/#website","url":"https:\/\/jaktklubben.com\/","name":"Svenska Jaktklubben","description":"Swedish Hunting Club","publisher":{"@id":"https:\/\/jaktklubben.com\/#organization"},"potentialAction":[{"@type":"SearchAction","target":{"@type":"EntryPoint","urlTemplate":"https:\/\/jaktklubben.com\/?s={search_term_string}"},"query-input":{"@type":"PropertyValueSpecification","valueRequired":true,"valueName":"search_term_string"}}],"inLanguage":"en-US"},{"@type":"Organization","@id":"https:\/\/jaktklubben.com\/#organization","name":"Svenska Jaktklubben","url":"https:\/\/jaktklubben.com\/","logo":{"@type":"ImageObject","inLanguage":"en-US","@id":"https:\/\/jaktklubben.com\/#\/schema\/logo\/image\/","url":"https:\/\/jaktklubben.com\/wp-content\/uploads\/2024\/06\/Asset-1-SJK-logo.png","contentUrl":"https:\/\/jaktklubben.com\/wp-content\/uploads\/2024\/06\/Asset-1-SJK-logo.png","width":2253,"height":378,"caption":"Svenska Jaktklubben"},"image":{"@id":"https:\/\/jaktklubben.com\/#\/schema\/logo\/image\/"}}]}},"_links":{"self":[{"href":"https:\/\/jaktklubben.com\/en\/wp-json\/wp\/v2\/pages\/25852","targetHints":{"allow":["GET"]}}],"collection":[{"href":"https:\/\/jaktklubben.com\/en\/wp-json\/wp\/v2\/pages"}],"about":[{"href":"https:\/\/jaktklubben.com\/en\/wp-json\/wp\/v2\/types\/page"}],"author":[{"embeddable":true,"href":"https:\/\/jaktklubben.com\/en\/wp-json\/wp\/v2\/users\/1"}],"replies":[{"embeddable":true,"href":"https:\/\/jaktklubben.com\/en\/wp-json\/wp\/v2\/comments?post=25852"}],"version-history":[{"count":24,"href":"https:\/\/jaktklubben.com\/en\/wp-json\/wp\/v2\/pages\/25852\/revisions"}],"predecessor-version":[{"id":32743,"href":"https:\/\/jaktklubben.com\/en\/wp-json\/wp\/v2\/pages\/25852\/revisions\/32743"}],"wp:attachment":[{"href":"https:\/\/jaktklubben.com\/en\/wp-json\/wp\/v2\/media?parent=25852"}],"curies":[{"name":"wp","href":"https:\/\/api.w.org\/{rel}","templated":true}]}}